{"id":22733,"date":"2023-11-20T09:32:06","date_gmt":"2023-11-20T08:32:06","guid":{"rendered":"https:\/\/e-adams.pl\/produkt\/atlas-stoner-4kg\/"},"modified":"2024-02-15T11:49:30","modified_gmt":"2024-02-15T10:49:30","slug":"gips-szpachlowy-do-spoin-atlas-stoner-4kg","status":"publish","type":"product","link":"https:\/\/e-adams.pl\/de\/produkt\/gips-szpachlowy-do-spoin-atlas-stoner-4kg\/","title":{"rendered":"Gips szpachlowy do spoin ATLAS STONER 4kg"},"content":{"rendered":"<h3>OPIS:<\/h3>\n<p>Gips szpachlowy do spoin ATLAS STONER<strong>\u00a0<\/strong>przeznaczony jest do spoinowania p\u0142yt gipsowo-kartonowych bez konieczno\u015bci stosowania dodatkowego zbrojenia w postaci ta\u015bm lub flizeliny w przypadku p\u0142yt z fabrycznie ukszta\u0142towanymi kraw\u0119dziami. Idealny do naprawiania powierzchni \u015bcian i sufit\u00f3w \u2013\u00a0 stosuje si\u0119 go na pod\u0142o\u017ca gipsowe, do miejscowych napraw powierzchni tynk\u00f3w gipsowych, g\u0142adzi lub p\u0142yt gipsowo-kartonowych.<\/p>\n<h3>DANE TECHNICZNE:<\/h3>\n<ul>\n<li>min.\/max grubo\u015b\u0107 warstwy: 2mm\/15mm<\/li>\n<li>wytrzyma\u0142o\u015b\u0107 na zginanie \u2265 3,0 N\/mm2<\/li>\n<li>wytrzyma\u0142o\u015b\u0107 na \u015bciskanie \u2265 6,0 N\/mm2<\/li>\n<li>temperatura przygotowania masy oraz pod\u0142o\u017ca i otoczenia w trakcie prac: od +5 \u00b0C do +30 \u00b0C<\/li>\n<li>wilgotno\u015b\u0107 w pomieszczeniu w trakcie prac i podczas u\u017cytkowania: do 70%<\/li>\n<li>czas gotowo\u015bci do pracy: ok. 60 minut<\/li>\n<\/ul>\n<p><b>Zu\u017cycie:\u00a0<\/b>\u015arednio zu\u017cywa si\u0119 ok. 0,5 kg na 1 mb po\u0142\u0105czenia p\u0142yt gipsowo-kartonowych. Zu\u017cycie zale\u017cy od grubo\u015bci oraz kszta\u0142tu i sposobu profilowania kraw\u0119dzi p\u0142yt gipsowo-kartonowych.<\/p>\n","protected":false},"excerpt":{"rendered":"<p>Gips szpachlowy do spoin ATLAS STONER<strong>\u00a0<\/strong>przeznaczony jest do spoinowania p\u0142yt gipsowo-kartonowych bez konieczno\u015bci stosowania dodatkowego zbrojenia w postaci ta\u015bm lub flizeliny w przypadku p\u0142yt z fabrycznie ukszta\u0142towanymi kraw\u0119dziami. Idealny do naprawiania powierzchni \u015bcian i sufit\u00f3w \u2013\u00a0 stosuje si\u0119 go na pod\u0142o\u017ca gipsowe, do miejscowych napraw powierzchni tynk\u00f3w gipsowych, g\u0142adzi lub p\u0142yt gipsowo-kartonowych.<\/p>\n","protected":false},"featured_media":22790,"comment_status":"open","ping_status":"closed","template":"","meta":{"_acf_changed":false,"inline_featured_image":false},"product_cat":[275],"product_tag":[265,967,2397],"class_list":{"0":"post-22733","1":"product","2":"type-product","3":"status-publish","4":"has-post-thumbnail","6":"product_cat-gipsy-zaprawy","7":"product_tag-atlas","8":"product_tag-gips-szpachlowy","9":"product_tag-stoner","11":"first","12":"outofstock","13":"shipping-taxable","14":"purchasable","15":"product-type-simple"},"acf":[],"_links":{"self":[{"href":"https:\/\/e-adams.pl\/de\/wp-json\/wp\/v2\/product\/22733","targetHints":{"allow":["GET"]}}],"collection":[{"href":"https:\/\/e-adams.pl\/de\/wp-json\/wp\/v2\/product"}],"about":[{"href":"https:\/\/e-adams.pl\/de\/wp-json\/wp\/v2\/types\/product"}],"replies":[{"embeddable":true,"href":"https:\/\/e-adams.pl\/de\/wp-json\/wp\/v2\/comments?post=22733"}],"wp:featuredmedia":[{"embeddable":true,"href":"https:\/\/e-adams.pl\/de\/wp-json\/wp\/v2\/media\/22790"}],"wp:attachment":[{"href":"https:\/\/e-adams.pl\/de\/wp-json\/wp\/v2\/media?parent=22733"}],"wp:term":[{"taxonomy":"product_cat","embeddable":true,"href":"https:\/\/e-adams.pl\/de\/wp-json\/wp\/v2\/product_cat?post=22733"},{"taxonomy":"product_tag","embeddable":true,"href":"https:\/\/e-adams.pl\/de\/wp-json\/wp\/v2\/product_tag?post=22733"}],"curies":[{"name":"wp","href":"https:\/\/api.w.org\/{rel}","templated":true}]}}