{"id":22734,"date":"2023-11-20T09:32:06","date_gmt":"2023-11-20T08:32:06","guid":{"rendered":"https:\/\/e-adams.pl\/produkt\/srodek-antyadhezyjny-atlas-aads-05-5l\/"},"modified":"2024-02-15T11:49:30","modified_gmt":"2024-02-15T10:49:30","slug":"srodek-antyadhezyjny-atlas-5l","status":"publish","type":"product","link":"https:\/\/e-adams.pl\/de\/produkt\/srodek-antyadhezyjny-atlas-5l\/","title":{"rendered":"\u015arodek antyadhezyjny do form ATLAS 5L"},"content":{"rendered":"<h3>OPIS:<\/h3>\n<p>\u015arodek antyadhezyjny do form ATLAS zapobieganie przywieraniu tynk\u00f3w mineralnych do formy silikonowej i poliuretanowej, np. w technologii wykonywania tynk\u00f3w fakturowanych imituj\u0105cych drewno ATLAS CERMIT WN &#8211; efektywnie przyspiesza prac\u0119 i gwarantuje bezproblemowe uzyskiwanie oczekiwanego wzoru.<\/p>\n<h3 class=\"heading\">G\u0142\u00f3wne w\u0142a\u015bciwo\u015bci<\/h3>\n<div class=\"text\">\n<ul>\n<li>bezpieczny w stosowaniu \u2013 nie zawiera siarki i zwi\u0105zk\u00f3w aromatycznych<\/li>\n<li>nie zostawia plam na fakturowanym pod\u0142o\u017cu, jest kompatybilny z ATLAS BEJCA<\/li>\n<li>\u0142atwy do aplikacji \u2013 nie wymaga specjalnych narz\u0119dzi, ma doskona\u0142e parametry robocze<\/li>\n<li>u\u0142atwia prac\u0119 z form\u0105 silikonow\u0105 &#8211; \u015brodek nie powoduje degradacji i odkszta\u0142cania form<\/li>\n<li>produkt biodegradowalny<\/li>\n<li>produkt dost\u0119pny w postaci klarownej czerwonej cieczy<\/li>\n<li>kolor czerwony<\/li>\n<\/ul>\n<\/div>\n<h3>DANE TECHNICZNE:<\/h3>\n<ul>\n<li>Waga produktu z opakowaniem jednostkowym:\u00a05 kg<\/li>\n<li>Rodzaje tynk\u00f3w:\u00a0zewn\u0119trzne | wewn\u0119trzne<\/li>\n<li>Rodzaj produktu:\u00a0tynk<\/li>\n<li>Pojemno\u015b\u0107:\u00a05 l<\/li>\n<\/ul>\n","protected":false},"excerpt":{"rendered":"<p>\u015arodek antyadhezyjny do form ATLAS zapobieganie przywieraniu tynk\u00f3w mineralnych do formy silikonowej i poliuretanowej, np. w technologii wykonywania tynk\u00f3w fakturowanych imituj\u0105cych drewno ATLAS CERMIT WN &#8211; efektywnie przyspiesza prac\u0119 i gwarantuje bezproblemowe uzyskiwanie oczekiwanego wzoru.<\/p>\n","protected":false},"featured_media":22829,"comment_status":"open","ping_status":"closed","template":"","meta":{"_acf_changed":false,"inline_featured_image":false},"product_cat":[1590],"product_tag":[265,2122],"class_list":{"0":"post-22734","1":"product","2":"type-product","3":"status-publish","4":"has-post-thumbnail","6":"product_cat-impregnaty-i-srodki-do-czyszczenia","7":"product_tag-atlas","8":"product_tag-srodek-antyadhezyjny","10":"first","11":"outofstock","12":"shipping-taxable","13":"purchasable","14":"product-type-simple"},"acf":[],"_links":{"self":[{"href":"https:\/\/e-adams.pl\/de\/wp-json\/wp\/v2\/product\/22734","targetHints":{"allow":["GET"]}}],"collection":[{"href":"https:\/\/e-adams.pl\/de\/wp-json\/wp\/v2\/product"}],"about":[{"href":"https:\/\/e-adams.pl\/de\/wp-json\/wp\/v2\/types\/product"}],"replies":[{"embeddable":true,"href":"https:\/\/e-adams.pl\/de\/wp-json\/wp\/v2\/comments?post=22734"}],"wp:featuredmedia":[{"embeddable":true,"href":"https:\/\/e-adams.pl\/de\/wp-json\/wp\/v2\/media\/22829"}],"wp:attachment":[{"href":"https:\/\/e-adams.pl\/de\/wp-json\/wp\/v2\/media?parent=22734"}],"wp:term":[{"taxonomy":"product_cat","embeddable":true,"href":"https:\/\/e-adams.pl\/de\/wp-json\/wp\/v2\/product_cat?post=22734"},{"taxonomy":"product_tag","embeddable":true,"href":"https:\/\/e-adams.pl\/de\/wp-json\/wp\/v2\/product_tag?post=22734"}],"curies":[{"name":"wp","href":"https:\/\/api.w.org\/{rel}","templated":true}]}}