{"id":22735,"date":"2023-11-20T09:32:07","date_gmt":"2023-11-20T08:32:07","guid":{"rendered":"https:\/\/e-adams.pl\/produkt\/fuga-epoksydowa-atlas-136-srebny-2kg\/"},"modified":"2024-02-15T11:49:31","modified_gmt":"2024-02-15T10:49:31","slug":"fuga-epoksydowa-atlas-136-srebrny-2kg","status":"publish","type":"product","link":"https:\/\/e-adams.pl\/de\/produkt\/fuga-epoksydowa-atlas-136-srebrny-2kg\/","title":{"rendered":"Fuga epoksydowa ATLAS 136 srebrny 2KG"},"content":{"rendered":"<h3>OPIS:<\/h3>\n<p>Fuga epoksydowa ATLAS 136 srebrny nowej generacji o wyj\u0105tkowej trwa\u0142o\u015bci i odporno\u015bci chemicznej przeznaczona szczeg\u00f3lnie do miejsc nara\u017conych na intensywn\u0105 eksploatacj\u0119. Umo\u017cliwi Ci samodzielne wyka\u0144czanie pomieszcze\u0144 w Twoim mieszkaniu \u2013 przeznaczona jest do wype\u0142niania szczelin pomi\u0119dzy p\u0142ytkami ceramicznymi.<\/p>\n<p>Jest wyrobem sk\u0142adaj\u0105cym si\u0119 z dw\u00f3ch komponent\u00f3w &#8211; A i B, kt\u00f3re nale\u017cy zmiesza\u0107 przed zastosowaniem. Komponent A to mieszanina \u017cywicy epoksydowej ze specjalnie wyselekcjonowanymi kruszywami, wype\u0142niaczami, barwnikami oraz dodatkami modyfikuj\u0105cymi i dekoracyjnymi. Komponent B to wysokiej jako\u015bci poliamidowy utwardzacz do \u017cywic epoksydowych.<\/p>\n<p>Bardzo wysoka wytrzyma\u0142o\u015b\u0107 mechaniczna &#8211; tworzy wyj\u0105tkowo tward\u0105 spoin\u0119, zalecan\u0105 do miejsc intensywnie u\u017cytkowanych, posiada 8-krotnie wy\u017csz\u0105 wytrzyma\u0142o\u015b\u0107 za zginanie, 3-krotnie wy\u017csz\u0105 wytrzyma\u0142o\u015b\u0107 na \u015bciskanie oraz 4-krotnie wy\u017csz\u0105 odporno\u015b\u0107 na \u015bcieranie od spoin cementowych wg wymaga\u0144 normowych.<\/p>\n<h3>DANE TECHNICZNE:<\/h3>\n<p>\u2022 Rodzaj: Fuga Epoksydowa<br \/>\n\u2022 Pojemno\u015b\u0107: 2Kg<br \/>\n\u2022 Kod producenta: 136<br \/>\n\u2022 Szeroko\u015b\u0107 spoiny: 1 &#8211; 10 mm<br \/>\n\u2022 Kolor: Srebrny<br \/>\n\u2022 Kod EAN: 5905400275063<\/p>\n","protected":false},"excerpt":{"rendered":"<p>Fuga epoksydowa ATLAS 136 srebrny nowej generacji o wyj\u0105tkowej trwa\u0142o\u015bci i odporno\u015bci chemicznej przeznaczona szczeg\u00f3lnie do miejsc nara\u017conych na intensywn\u0105 eksploatacj\u0119. Umo\u017cliwi Ci samodzielne wyka\u0144czanie pomieszcze\u0144 w Twoim mieszkaniu \u2013 przeznaczona jest do wype\u0142niania szczelin pomi\u0119dzy p\u0142ytkami ceramicznymi.<\/p>\n","protected":false},"featured_media":22819,"comment_status":"open","ping_status":"closed","template":"","meta":{"_acf_changed":false,"inline_featured_image":false},"product_cat":[1453],"product_tag":[265,2411],"class_list":{"0":"post-22735","1":"product","2":"type-product","3":"status-publish","4":"has-post-thumbnail","6":"product_cat-fugi-i-silikony","7":"product_tag-atlas","8":"product_tag-fuga-epoksydowa","10":"first","11":"outofstock","12":"shipping-taxable","13":"purchasable","14":"product-type-simple"},"acf":[],"_links":{"self":[{"href":"https:\/\/e-adams.pl\/de\/wp-json\/wp\/v2\/product\/22735","targetHints":{"allow":["GET"]}}],"collection":[{"href":"https:\/\/e-adams.pl\/de\/wp-json\/wp\/v2\/product"}],"about":[{"href":"https:\/\/e-adams.pl\/de\/wp-json\/wp\/v2\/types\/product"}],"replies":[{"embeddable":true,"href":"https:\/\/e-adams.pl\/de\/wp-json\/wp\/v2\/comments?post=22735"}],"wp:featuredmedia":[{"embeddable":true,"href":"https:\/\/e-adams.pl\/de\/wp-json\/wp\/v2\/media\/22819"}],"wp:attachment":[{"href":"https:\/\/e-adams.pl\/de\/wp-json\/wp\/v2\/media?parent=22735"}],"wp:term":[{"taxonomy":"product_cat","embeddable":true,"href":"https:\/\/e-adams.pl\/de\/wp-json\/wp\/v2\/product_cat?post=22735"},{"taxonomy":"product_tag","embeddable":true,"href":"https:\/\/e-adams.pl\/de\/wp-json\/wp\/v2\/product_tag?post=22735"}],"curies":[{"name":"wp","href":"https:\/\/api.w.org\/{rel}","templated":true}]}}