{"id":22736,"date":"2023-11-20T09:32:08","date_gmt":"2023-11-20T08:32:08","guid":{"rendered":"https:\/\/e-adams.pl\/produkt\/atlas-grunt-nkp-5kg\/"},"modified":"2024-07-15T11:31:23","modified_gmt":"2024-07-15T09:31:23","slug":"atlas-grunt-nkp-5kg","status":"publish","type":"product","link":"https:\/\/e-adams.pl\/de\/produkt\/atlas-grunt-nkp-5kg\/","title":{"rendered":"ATLAS GRUNT NKP 5KG"},"content":{"rendered":"<h3>OPIS:<\/h3>\n<p>ATLAS GRUNT NKP to produkt zawieraj\u0105cy inteligentn\u0105 formu\u0142\u0119, kt\u00f3ra rozpoznaje pod\u0142o\u017ce na jakim jest aplikowany. Pod\u0142o\u017ce o strukturze porowatej g\u0142\u0119boko penetruje i wzmacnia, a dzia\u0142aj\u0105c powierzchniowo wp\u0142ywa na redukcj\u0119 nasi\u0105kliwo\u015bci pod\u0142o\u017ca oraz przygotowuje je do aplikacji kolejnych warstw. Wspomniana formu\u0142a sprawia r\u00f3wnie\u017c, \u017ce grunt dostosowuje si\u0119 do ka\u017cdego pod\u0142o\u017ca, wi\u0119c mo\u017cna go u\u017cywa\u0107 bez rozcie\u0144czania.<\/p>\n<p>\u017belowa konsystencja gruntu, dzi\u0119ki podwy\u017cszonym parametrom lepko\u015bci wytwarza po naniesieniu na powierzchni\u0119 warstw\u0119 o grubo\u015bci kilkudziesi\u0119ciu \u00b5m. Tym samym grunt jest zakumulowany na powierzchni przez co systematycznie i g\u0142\u0119boko wnika w struktur\u0119 pod\u0142o\u017ca mineralnego, a tak\u017ce wzmacnia je oraz podnosi adhezj\u0119 kolejnych warstw.<\/p>\n<p>Dodatkowym atutem jest to, \u017ce pow\u0142oka nie wyb\u0142yszcza si\u0119, a po wyschni\u0119ciu jest satynowo \u2013 matowa. Grunt NKP nie zostawia na powierzchni elastycznej b\u0142ony, mog\u0142aby ona spowodowa\u0107 trudno\u015bci z aplikacj\u0105 kolejnych warstw.<\/p>\n<p>Wyr\u00f3b mo\u017cna nak\u0142ada\u0107 wa\u0142kiem, p\u0119dzlem i agregatem, poniewa\u017c nie powoduje on zaciek\u00f3w.<\/p>\n<h3>DANE TECHNICZNE:<\/h3>\n<p>\u2022 Maksymalna wydajno\u015b\u0107 z opakowania: 100 m\u00b2<br \/>\n\u2022 Przybli\u017cony czas wyschni\u0119cia: 1 h<br \/>\n\u2022 Kod EAN: 5905400638301<br \/>\n\u2022 Waga: 5kg<br \/>\n\u2022 Rodzaj: do wewn\u0105trz, g\u0142\u0119boko penetruj\u0105cy, na zewn\u0105trz, wzmacniaj\u0105cy<\/p>\n","protected":false},"excerpt":{"rendered":"<p>ATLAS GRUNT NKP to produkt zawieraj\u0105cy inteligentn\u0105 formu\u0142\u0119, kt\u00f3ra rozpoznaje pod\u0142o\u017ce na jakim jest aplikowany. Pod\u0142o\u017ce o strukturze porowatej g\u0142\u0119boko penetruje i wzmacnia, a dzia\u0142aj\u0105c powierzchniowo wp\u0142ywa na redukcj\u0119 nasi\u0105kliwo\u015bci pod\u0142o\u017ca oraz przygotowuje je do aplikacji kolejnych warstw.<\/p>\n","protected":false},"featured_media":22751,"comment_status":"open","ping_status":"closed","template":"","meta":{"_acf_changed":false,"inline_featured_image":false},"product_cat":[1210],"product_tag":[265,2373],"class_list":{"0":"post-22736","1":"product","2":"type-product","3":"status-publish","4":"has-post-thumbnail","6":"product_cat-grunty-podklady","7":"product_tag-atlas","8":"product_tag-grunt-nkp","10":"first","11":"instock","12":"shipping-taxable","13":"purchasable","14":"product-type-simple"},"acf":[],"_links":{"self":[{"href":"https:\/\/e-adams.pl\/de\/wp-json\/wp\/v2\/product\/22736","targetHints":{"allow":["GET"]}}],"collection":[{"href":"https:\/\/e-adams.pl\/de\/wp-json\/wp\/v2\/product"}],"about":[{"href":"https:\/\/e-adams.pl\/de\/wp-json\/wp\/v2\/types\/product"}],"replies":[{"embeddable":true,"href":"https:\/\/e-adams.pl\/de\/wp-json\/wp\/v2\/comments?post=22736"}],"wp:featuredmedia":[{"embeddable":true,"href":"https:\/\/e-adams.pl\/de\/wp-json\/wp\/v2\/media\/22751"}],"wp:attachment":[{"href":"https:\/\/e-adams.pl\/de\/wp-json\/wp\/v2\/media?parent=22736"}],"wp:term":[{"taxonomy":"product_cat","embeddable":true,"href":"https:\/\/e-adams.pl\/de\/wp-json\/wp\/v2\/product_cat?post=22736"},{"taxonomy":"product_tag","embeddable":true,"href":"https:\/\/e-adams.pl\/de\/wp-json\/wp\/v2\/product_tag?post=22736"}],"curies":[{"name":"wp","href":"https:\/\/api.w.org\/{rel}","templated":true}]}}