{"id":22738,"date":"2023-11-20T09:32:09","date_gmt":"2023-11-20T08:32:09","guid":{"rendered":"https:\/\/e-adams.pl\/produkt\/atlas-tynk-renowacyjny-25kg\/"},"modified":"2024-05-10T11:02:42","modified_gmt":"2024-05-10T09:02:42","slug":"tynk-renowacyjny-atlas-tr-25kg","status":"publish","type":"product","link":"https:\/\/e-adams.pl\/de\/produkt\/tynk-renowacyjny-atlas-tr-25kg\/","title":{"rendered":"Tynk renowacyjny ATLAS TR 25KG"},"content":{"rendered":"<h3>OPIS:<\/h3>\n<p>Tynk renowacyjny ATLAS TR 25KG przeznaczony jest do wykonywania tynkarskich wypraw renowacyjnych o grubo\u015bci od 10 do 25 mm na zawilgoconych przegrodach, wewn\u0105trz i na zewn\u0105trz budynk\u00f3w. Zalecany jest do stosowania w obiektach zabytkowych oraz innych obiektach przeznaczonych do renowacji zawilgoconych i zasolonych mur\u00f3w.<\/p>\n<p>Ogranicza zjawiska korozyjne, pozwala uzyska\u0107 such\u0105 powierzchni\u0119 \u015bcian budynk\u00f3w. ATLAS TR mo\u017ce by\u0107 stosowany:<br \/>\n&#8211; na pod\u0142o\u017cach o niskim lub \u015brednim stopniu zasolenia, w uk\u0142adzie z obrzutk\u0105 renowacyjn\u0105 ATLAS TRO,<br \/>\n&#8211; na pod\u0142o\u017cach o wysokim stopniu zasolenia w uk\u0142adzie z obrzutk\u0105 renowacyjn\u0105 ATLAS TRO i warstw\u0105 tynku podk\u0142adowego ATLAS TRP.<\/p>\n<h3>DANE TECHNICZNE:<\/h3>\n<p>\u2022 Waga: 25 kg<br \/>\n\u2022 \u015arednie zu\u017cycie: \u015arednio zu\u017cywa si\u0119 ok. 12 kg zaprawy na 1 m2 przy grubo\u015bci warstwy 10 mm.<br \/>\n\u2022 Kod EAN: 5905400556940<\/p>\n","protected":false},"excerpt":{"rendered":"<p>Tynk renowacyjny ATLAS TR 25KG przeznaczony jest do wykonywania tynkarskich wypraw renowacyjnych o grubo\u015bci od 10 do 25 mm na zawilgoconych przegrodach, wewn\u0105trz i na zewn\u0105trz budynk\u00f3w. Zalecany jest do stosowania w obiektach zabytkowych oraz innych obiektach przeznaczonych do renowacji zawilgoconych i zasolonych mur\u00f3w.<\/p>\n","protected":false},"featured_media":22803,"comment_status":"open","ping_status":"closed","template":"","meta":{"_acf_changed":false,"inline_featured_image":false},"product_cat":[101],"product_tag":[265,2403],"class_list":{"0":"post-22738","1":"product","2":"type-product","3":"status-publish","4":"has-post-thumbnail","6":"product_cat-bramy-okna-ogrodzenia","7":"product_tag-atlas","8":"product_tag-tynk-renowacyjny","10":"first","11":"outofstock","12":"shipping-taxable","13":"purchasable","14":"product-type-simple"},"acf":[],"_links":{"self":[{"href":"https:\/\/e-adams.pl\/de\/wp-json\/wp\/v2\/product\/22738","targetHints":{"allow":["GET"]}}],"collection":[{"href":"https:\/\/e-adams.pl\/de\/wp-json\/wp\/v2\/product"}],"about":[{"href":"https:\/\/e-adams.pl\/de\/wp-json\/wp\/v2\/types\/product"}],"replies":[{"embeddable":true,"href":"https:\/\/e-adams.pl\/de\/wp-json\/wp\/v2\/comments?post=22738"}],"wp:featuredmedia":[{"embeddable":true,"href":"https:\/\/e-adams.pl\/de\/wp-json\/wp\/v2\/media\/22803"}],"wp:attachment":[{"href":"https:\/\/e-adams.pl\/de\/wp-json\/wp\/v2\/media?parent=22738"}],"wp:term":[{"taxonomy":"product_cat","embeddable":true,"href":"https:\/\/e-adams.pl\/de\/wp-json\/wp\/v2\/product_cat?post=22738"},{"taxonomy":"product_tag","embeddable":true,"href":"https:\/\/e-adams.pl\/de\/wp-json\/wp\/v2\/product_tag?post=22738"}],"curies":[{"name":"wp","href":"https:\/\/api.w.org\/{rel}","templated":true}]}}