{"id":22739,"date":"2023-11-20T09:32:10","date_gmt":"2023-11-20T08:32:10","guid":{"rendered":"https:\/\/e-adams.pl\/produkt\/atlas-obrzutka-renowacyjna-25kg\/"},"modified":"2024-05-10T11:02:42","modified_gmt":"2024-05-10T09:02:42","slug":"atlas-obrzutka-renowacyjna-25kg","status":"publish","type":"product","link":"https:\/\/e-adams.pl\/de\/produkt\/atlas-obrzutka-renowacyjna-25kg\/","title":{"rendered":"Obrzutka renowacyjna ATLAS TRO 25kg"},"content":{"rendered":"<h3>OPIS:<\/h3>\n<p>Obrzutka renowacyjna ATLAS TRO przeznaczona jest do wykonywania warstwy szczepnej przed zastosowaniem systemu tynk\u00f3w renowacyjnych ATLAS oraz innych wypraw tynkarskich. Jest szczeg\u00f3lnie zalecana do stosowania w obiektach zabytkowych oraz innych obiektach do renowacji zawilgoconych i zasolonych mur\u00f3w.<\/p>\n<p>Zastosowana technologia ogranicza zjawiska korozyjne, pozwala uzyska\u0107 such\u0105 powierzchni\u0119 \u015bcian budynk\u00f3w. ATLAS TRO \u015bwietnie sprawdzi si\u0119 zar\u00f3wno podczas\u00a0 stosowania wewn\u0105trz i na zewn\u0105trz budynk\u00f3w. Jest fabrycznie przygotowan\u0105, such\u0105 mieszank\u0105 produkowan\u0105 na bazie najwy\u017cszej jako\u015bci spoiw mineralnych, dodatk\u00f3w i modyfikator\u00f3w oraz trasu i wype\u0142niaczy kwarcowych.<\/p>\n<h3>DANE TECHNICZNE:<\/h3>\n<div class=\"description-section\">\n<div class=\"text\">\n<ul>\n<li>porowato\u015b\u0107 &gt; 45 %<\/li>\n<li>maksymalna grubo\u015b\u0107 warstwy: 5 mm<\/li>\n<li>penetracja wody \u2264 5 mm<\/li>\n<\/ul>\n<\/div>\n<\/div>\n<div class=\"description-section\">\n<h5 class=\"heading\">ZU\u017bYCIE<\/h5>\n<div class=\"text\">\n<p>\u015arednio zu\u017cywa si\u0119 ok. 5 kg na 1 m<sup>2<\/sup>, przy grubo\u015bci warstwy 5 mm i powierzchni pokrycia 50%.<\/p>\n<\/div>\n<\/div>\n","protected":false},"excerpt":{"rendered":"<p>Obrzutka renowacyjna ATLAS TRO przeznaczona jest do wykonywania warstwy szczepnej przed zastosowaniem systemu tynk\u00f3w renowacyjnych ATLAS oraz innych wypraw tynkarskich. Jest szczeg\u00f3lnie zalecana do stosowania w obiektach zabytkowych oraz innych obiektach do renowacji zawilgoconych i zasolonych mur\u00f3w.<\/p>\n","protected":false},"featured_media":22795,"comment_status":"open","ping_status":"closed","template":"","meta":{"_acf_changed":false,"inline_featured_image":false},"product_cat":[275],"product_tag":[265,2399],"class_list":{"0":"post-22739","1":"product","2":"type-product","3":"status-publish","4":"has-post-thumbnail","6":"product_cat-gipsy-zaprawy","7":"product_tag-atlas","8":"product_tag-obrzutka-renowacyjna","10":"first","11":"outofstock","12":"shipping-taxable","13":"purchasable","14":"product-type-simple"},"acf":[],"_links":{"self":[{"href":"https:\/\/e-adams.pl\/de\/wp-json\/wp\/v2\/product\/22739","targetHints":{"allow":["GET"]}}],"collection":[{"href":"https:\/\/e-adams.pl\/de\/wp-json\/wp\/v2\/product"}],"about":[{"href":"https:\/\/e-adams.pl\/de\/wp-json\/wp\/v2\/types\/product"}],"replies":[{"embeddable":true,"href":"https:\/\/e-adams.pl\/de\/wp-json\/wp\/v2\/comments?post=22739"}],"wp:featuredmedia":[{"embeddable":true,"href":"https:\/\/e-adams.pl\/de\/wp-json\/wp\/v2\/media\/22795"}],"wp:attachment":[{"href":"https:\/\/e-adams.pl\/de\/wp-json\/wp\/v2\/media?parent=22739"}],"wp:term":[{"taxonomy":"product_cat","embeddable":true,"href":"https:\/\/e-adams.pl\/de\/wp-json\/wp\/v2\/product_cat?post=22739"},{"taxonomy":"product_tag","embeddable":true,"href":"https:\/\/e-adams.pl\/de\/wp-json\/wp\/v2\/product_tag?post=22739"}],"curies":[{"name":"wp","href":"https:\/\/api.w.org\/{rel}","templated":true}]}}