{"id":22741,"date":"2023-11-20T09:32:11","date_gmt":"2023-11-20T08:32:11","guid":{"rendered":"https:\/\/e-adams.pl\/produkt\/galka-look-chrom-168841\/"},"modified":"2024-02-15T11:49:48","modified_gmt":"2024-02-15T10:49:48","slug":"galka-elita-look-chrom","status":"publish","type":"product","link":"https:\/\/e-adams.pl\/de\/produkt\/galka-elita-look-chrom\/","title":{"rendered":"Ga\u0142ka ELITA LOOK chrom"},"content":{"rendered":"<h3>OPIS:<\/h3>\n<p>Ga\u0142ka ELITA LOOK chrom, to doskona\u0142e rozwi\u0105zanie do mebli z kolekcji Look. Ga\u0142ki meblowe bez trudu mo\u017cna dobra\u0107 do stylu wn\u0119trza \u0142azienki. Efektowne uchwyty w kolorze stainless steel sprzedawane s\u0105 pojedynczo. Uchwyt\u00a0 z delikatnym rade\u0142kowanym wzorem, jest niezwykle elegancki i doskonale prezentuje si\u0119 na wszelkiego rodzaju frontach.<\/p>\n<p>Z pewno\u015bci\u0105 doda ekskluzywno\u015bci, ale zarazem b\u0119dzie funkcjonalny. Niew\u0105tpliwie doskonale wpisuje si\u0119 w obecne trendy wn\u0119trzarskie.<\/p>\n<h3>DANE TECHNICZNE:<\/h3>\n<p>\u2022 Rozmiar: 5 x 5 x 3 (cm)<br \/>\n\u2022 Waga: 0.15 (kg)<br \/>\n\u2022 Kod produktu: 168841<br \/>\n\u2022 Kod EAN: 5907546883249<\/p>\n","protected":false},"excerpt":{"rendered":"<p>Ga\u0142ka ELITA LOOK chrom, to doskona\u0142e rozwi\u0105zanie do mebli z kolekcji Look. Ga\u0142ki meblowe bez trudu mo\u017cna dobra\u0107 do stylu wn\u0119trza \u0142azienki. Efektowne uchwyty w kolorze stainless steel sprzedawane s\u0105 pojedynczo. Uchwyt\u00a0 z delikatnym rade\u0142kowanym wzorem, jest niezwykle elegancki i doskonale prezentuje si\u0119 na wszelkiego rodzaju frontach.<\/p>\n","protected":false},"featured_media":22788,"comment_status":"open","ping_status":"closed","template":"","meta":{"_acf_changed":false,"inline_featured_image":false},"product_cat":[101],"product_tag":[2396,2394,2395],"class_list":{"0":"post-22741","1":"product","2":"type-product","3":"status-publish","4":"has-post-thumbnail","6":"product_cat-bramy-okna-ogrodzenia","7":"product_tag-elita-look","8":"product_tag-galka","9":"product_tag-uchwyt","11":"first","12":"outofstock","13":"shipping-taxable","14":"purchasable","15":"product-type-simple"},"acf":[],"_links":{"self":[{"href":"https:\/\/e-adams.pl\/de\/wp-json\/wp\/v2\/product\/22741","targetHints":{"allow":["GET"]}}],"collection":[{"href":"https:\/\/e-adams.pl\/de\/wp-json\/wp\/v2\/product"}],"about":[{"href":"https:\/\/e-adams.pl\/de\/wp-json\/wp\/v2\/types\/product"}],"replies":[{"embeddable":true,"href":"https:\/\/e-adams.pl\/de\/wp-json\/wp\/v2\/comments?post=22741"}],"wp:featuredmedia":[{"embeddable":true,"href":"https:\/\/e-adams.pl\/de\/wp-json\/wp\/v2\/media\/22788"}],"wp:attachment":[{"href":"https:\/\/e-adams.pl\/de\/wp-json\/wp\/v2\/media?parent=22741"}],"wp:term":[{"taxonomy":"product_cat","embeddable":true,"href":"https:\/\/e-adams.pl\/de\/wp-json\/wp\/v2\/product_cat?post=22741"},{"taxonomy":"product_tag","embeddable":true,"href":"https:\/\/e-adams.pl\/de\/wp-json\/wp\/v2\/product_tag?post=22741"}],"curies":[{"name":"wp","href":"https:\/\/api.w.org\/{rel}","templated":true}]}}