{"id":22838,"date":"2023-11-22T08:48:40","date_gmt":"2023-11-22T07:48:40","guid":{"rendered":"https:\/\/e-adams.pl\/produkt\/otex-adhesion-09l-baza-a-na-problemat-powierzchni\/"},"modified":"2024-05-10T11:02:11","modified_gmt":"2024-05-10T09:02:11","slug":"farba-gruntujaca-tikkurila-otex-adhesion-a-09l","status":"publish","type":"product","link":"https:\/\/e-adams.pl\/de\/produkt\/farba-gruntujaca-tikkurila-otex-adhesion-a-09l\/","title":{"rendered":"Farba gruntuj\u0105ca TIKKURILA OTEX ADHESION A 0,9L"},"content":{"rendered":"<h3>OPIS:<\/h3>\n<p>Farba gruntuj\u0105ca <a href=\"https:\/\/e-adams.pl\/tikkurila\/\">TIKKURILA<\/a> OTEX ADHESION A to szybkoschn\u0105ca farba na bazie \u017cywicy o wyj\u0105tkowej przyczepno\u015bci. S\u0142u\u017cy jako grunt i podk\u0142ad zar\u00f3wno dla nowych, jak i uprzednio malowanych powierzchni. Dobrze przylega do powierzchni, kt\u00f3re wymagaj\u0105 specjalnej przyczepno\u015bci, takich jak szk\u0142o, p\u0142ytki, w\u0142\u00f3kno szklane, tworzywa PVC, aluminium, blacha ocynkowana i powierzchnie pokryte farb\u0105 alkidow\u0105 i katalityczn\u0105.<\/p>\n<h2><strong>Przygotowanie:\u00a0\u00a0<\/strong><\/h2>\n<p>Pod\u0142o\u017ce musi by\u0107 oczyszczone i suche, bez \u015blad\u00f3w rdzy, zabrudzenia t\u0142uszczem, olejem, woskiem i innymi nieczysto\u015bciami oraz pozbawione element\u00f3w lu\u017ano z nim zwi\u0105zanych. Zaleca si\u0119 stosowanie \u015brodk\u00f3w czyszcz\u0105cych oraz przeciwple\u015bniowych firmy Tikkurila. S\u0119ki oraz miejsca \u017cywiczne nale\u017cy pokry\u0107 odpowiednim preparatem. Wszelkie p\u0119kni\u0119cia, otwory po gwo\u017adziach i inne uszkodzenia nale\u017cy wyr\u00f3wna\u0107 zalecan\u0105 do tego celu szpachl\u00f3wk\u0105 marki Tikkurila. Wszelkie nier\u00f3wno\u015bci na \u015bcianach uprzednio malowanych farbami olejnymi lub szpachlowanych nale\u017cy dok\u0142adnie zeszlifowa\u0107 i wyr\u00f3wna\u0107. Zszorstkowa\u0107 papierem \u015bciernym lub inn\u0105 metod\u0105 mechaniczn\u0105 pod\u0142o\u017ca z aluminium, metalowych p\u0142yt i p\u0142ytek ceramicznych. Wszystkie powierzchnie powinny by\u0107 starannie przygotowane do malowania.<\/p>\n<p>Ze wzgl\u0119du na du\u017c\u0105 r\u00f3\u017cnorodno\u015b\u0107 i jako\u015b\u0107 plastiku, przed przyst\u0105pieniem do malowania ca\u0142ej powierzchni nale\u017cy przetestowa\u0107 dzia\u0142anie rozcie\u0144czalnika oraz przyczepno\u015b\u0107 farby do pod\u0142o\u017ca.<br \/>\nW przypadku renowacji starych pow\u0142ok malarskich nale\u017cy wykona\u0107 wymalowanie pr\u00f3bne. Uzyskanie pozytywnego wyniku decyduje o ostatecznym zastosowaniu produktu.<\/p>\n<p>&nbsp;<\/p>\n<h3>DANE TECHNICZNE:<\/h3>\n<p><strong>\u2022 <\/strong>Stopie\u0144 \u00a0po\u0142ysku<strong>: <\/strong>pe\u0142ny mata<br \/>\n\u2022 Wydajno\u015b\u0107: 8-10 m2\/l na warstw\u0119. Grubo\u015b\u0107 mokrej warstwy wynosi ok. 100-125 \u00b5m przy jednokrotnym malowaniu, sucha warstwa ma grubo\u015b\u0107 ok. 50-70 \u00b5m.<br \/>\n\u2022 Nak\u0142adanie: P\u0119dzel, wa\u0142ek lub natrysk.<br \/>\n\u2022 Do natrysku bezpowietrznego nale\u017cy zastosowa\u0107 ko\u0144c\u00f3wk\u0119 0,011&#8220; &#8211; 0,015&#8220; i rozcie\u0144czy\u0107 produkt do 10% rozcie\u0144czalnikiem do natrysku.<br \/>\n\u2022 Kod EAN: 6408070015032<\/p>\n<p>&nbsp;<\/p>\n","protected":false},"excerpt":{"rendered":"<p>Farba gruntuj\u0105ca TIKKURILA OTEX ADHESION A to szybkoschn\u0105ca farba na bazie \u017cywicy o wyj\u0105tkowej przyczepno\u015bci. S\u0142u\u017cy jako grunt i podk\u0142ad zar\u00f3wno dla nowych, jak i uprzednio malowanych powierzchni. Dobrze przylega do powierzchni, kt\u00f3re wymagaj\u0105 specjalnej przyczepno\u015bci, takich jak szk\u0142o, p\u0142ytki, w\u0142\u00f3kno szklane, tworzywa PVC, aluminium, blacha ocynkowana i powierzchnie pokryte farb\u0105 alkidow\u0105 i katalityczn\u0105.<\/p>\n","protected":false},"featured_media":23031,"comment_status":"open","ping_status":"closed","template":"","meta":{"_acf_changed":false,"inline_featured_image":false},"product_cat":[1210],"product_tag":[2452,2453,342],"class_list":{"0":"post-22838","1":"product","2":"type-product","3":"status-publish","4":"has-post-thumbnail","6":"product_cat-grunty-podklady","7":"product_tag-farba-gruntujaca","8":"product_tag-otex-adhesion","9":"product_tag-tikkurila","11":"first","12":"instock","13":"shipping-taxable","14":"purchasable","15":"product-type-simple"},"acf":[],"_links":{"self":[{"href":"https:\/\/e-adams.pl\/de\/wp-json\/wp\/v2\/product\/22838","targetHints":{"allow":["GET"]}}],"collection":[{"href":"https:\/\/e-adams.pl\/de\/wp-json\/wp\/v2\/product"}],"about":[{"href":"https:\/\/e-adams.pl\/de\/wp-json\/wp\/v2\/types\/product"}],"replies":[{"embeddable":true,"href":"https:\/\/e-adams.pl\/de\/wp-json\/wp\/v2\/comments?post=22838"}],"wp:featuredmedia":[{"embeddable":true,"href":"https:\/\/e-adams.pl\/de\/wp-json\/wp\/v2\/media\/23031"}],"wp:attachment":[{"href":"https:\/\/e-adams.pl\/de\/wp-json\/wp\/v2\/media?parent=22838"}],"wp:term":[{"taxonomy":"product_cat","embeddable":true,"href":"https:\/\/e-adams.pl\/de\/wp-json\/wp\/v2\/product_cat?post=22838"},{"taxonomy":"product_tag","embeddable":true,"href":"https:\/\/e-adams.pl\/de\/wp-json\/wp\/v2\/product_tag?post=22838"}],"curies":[{"name":"wp","href":"https:\/\/api.w.org\/{rel}","templated":true}]}}