{"id":22840,"date":"2023-11-22T08:48:42","date_gmt":"2023-11-22T07:48:42","guid":{"rendered":"https:\/\/e-adams.pl\/produkt\/rozcienczalnik-1l-thinner-1050-do-everali\/"},"modified":"2024-02-15T11:48:53","modified_gmt":"2024-02-15T10:48:53","slug":"rozcienczalnik-tikkurila-everal-thinner-1050-1l","status":"publish","type":"product","link":"https:\/\/e-adams.pl\/de\/produkt\/rozcienczalnik-tikkurila-everal-thinner-1050-1l\/","title":{"rendered":"Rozcie\u0144czalnik TIKKURILA EVERAL THINNER 1050 1l"},"content":{"rendered":"<h3>OPIS:<\/h3>\n<p>Rozcie\u0144czalnik <a href=\"https:\/\/e-adams.pl\/tikkurila\/\">TIKKURILLA<\/a> EVERAL THINNER 1050 przeznaczony jest do rozcie\u0144czania farb i lakier\u00f3w na bazie \u017cywic alkidowych. Wyr\u00f3b nadaje si\u0119 r\u00f3wnie\u017c do czyszczenia narz\u0119dzi malarskich i do odt\u0142uszczania powierzchni przed malowaniem wyrobami alkidowymi. Rozcie\u0144czanie farb i lakier\u00f3w do uzyskania odpowiedniej lepko\u015bci, u\u0142atwiaj\u0105cej aplikacj\u0119 za pomoc\u0105 wa\u0142ka lub p\u0119dzla.<\/p>\n<h3>SPOS\u00d3B STOSOWANIA:<\/h3>\n<p>\u2022 Rozcie\u0144czalnik nale\u017cy wprowadza\u0107 do wyrobu ma\u0142ymi porcjami, stale mieszaj\u0105c. Ilo\u015b\u0107 rozcie\u0144czalnika przeznaczonego do rozcie\u0144czenia b\u0119dzie zale\u017ce\u0107 od lepko\u015bci wyrobu i sposobu aplikacji: zgodnie z zaleceniami dla danego produktu; najcz\u0119\u015bciej zaleca si\u0119 dodanie maks. 5% rozcie\u0144czalnika.<\/p>\n<p>Temperatura powietrza i pod\u0142o\u017ca przeznaczonego do czyszczenia powinna by\u0107 wi\u0119ksza ni\u017c +5\u00b0C, wilgotno\u015b\u0107 wzgl\u0119dna powietrza maks. 80%. Czyszczenie pod\u0142o\u017ca o wy\u017cszej temperaturze (powy\u017cej +40\u00b0C) spowoduje, \u017ce Everal Thinner 1050 zbyt szybko b\u0119dzie odparowywa\u0142 \u2013 nale\u017cy unika\u0107 wdychania opar\u00f3w.<\/p>\n<p>\u2022 Kod EAN: 6408070005514<\/p>\n","protected":false},"excerpt":{"rendered":"<p>Rozcie\u0144czalnik TIKKURILA EVERAL THINNER 1050 przeznaczony jest do rozcie\u0144czania farb i lakier\u00f3w na bazie \u017cywic alkidowych. Wyr\u00f3b nadaje si\u0119 r\u00f3wnie\u017c do czyszczenia narz\u0119dzi malarskich i do odt\u0142uszczania powierzchni przed malowaniem wyrobami alkidowymi. Rozcie\u0144czanie farb i lakier\u00f3w do uzyskania odpowiedniej lepko\u015bci, u\u0142atwiaj\u0105cej aplikacj\u0119 za pomoc\u0105 wa\u0142ka lub p\u0119dzla.<\/p>\n","protected":false},"featured_media":22982,"comment_status":"open","ping_status":"closed","template":"","meta":{"_acf_changed":false,"inline_featured_image":false},"product_cat":[101],"product_tag":[2441,342],"class_list":{"0":"post-22840","1":"product","2":"type-product","3":"status-publish","4":"has-post-thumbnail","6":"product_cat-bramy-okna-ogrodzenia","7":"product_tag-rozcienczalnik","8":"product_tag-tikkurila","10":"first","11":"outofstock","12":"shipping-taxable","13":"purchasable","14":"product-type-simple"},"acf":[],"_links":{"self":[{"href":"https:\/\/e-adams.pl\/de\/wp-json\/wp\/v2\/product\/22840","targetHints":{"allow":["GET"]}}],"collection":[{"href":"https:\/\/e-adams.pl\/de\/wp-json\/wp\/v2\/product"}],"about":[{"href":"https:\/\/e-adams.pl\/de\/wp-json\/wp\/v2\/types\/product"}],"replies":[{"embeddable":true,"href":"https:\/\/e-adams.pl\/de\/wp-json\/wp\/v2\/comments?post=22840"}],"wp:featuredmedia":[{"embeddable":true,"href":"https:\/\/e-adams.pl\/de\/wp-json\/wp\/v2\/media\/22982"}],"wp:attachment":[{"href":"https:\/\/e-adams.pl\/de\/wp-json\/wp\/v2\/media?parent=22840"}],"wp:term":[{"taxonomy":"product_cat","embeddable":true,"href":"https:\/\/e-adams.pl\/de\/wp-json\/wp\/v2\/product_cat?post=22840"},{"taxonomy":"product_tag","embeddable":true,"href":"https:\/\/e-adams.pl\/de\/wp-json\/wp\/v2\/product_tag?post=22840"}],"curies":[{"name":"wp","href":"https:\/\/api.w.org\/{rel}","templated":true}]}}