{"id":22841,"date":"2023-11-22T08:48:43","date_gmt":"2023-11-22T07:48:43","guid":{"rendered":"https:\/\/e-adams.pl\/produkt\/valtti-complete-09l-bezbarwny-mat-2-in-1\/"},"modified":"2025-06-23T17:09:14","modified_gmt":"2025-06-23T15:09:14","slug":"lakierbejca-tikkurila-valtti-complete-2w1-09l-bezbarwny-mat","status":"publish","type":"product","link":"https:\/\/e-adams.pl\/de\/produkt\/lakierbejca-tikkurila-valtti-complete-2w1-09l-bezbarwny-mat\/","title":{"rendered":"Lakierbejca TIKKURILA VALTTI COMPLETE 2w1 0,9l bezbarwny mat"},"content":{"rendered":"<h3>OPIS:<\/h3>\n<p>Lakierbejca <a href=\"https:\/\/e-adams.pl\/tikkurila\/\">TIKKURILA<\/a> VALTTI COMPLETE 2w1 to bardzo trwa\u0142a, impregnuj\u0105co-dekoruj\u0105ca lakierobejca do malowania drewna na zewn\u0105trz pomieszcze\u0144. Stworzona na bazie innowacyjnej technologii Triple Resin System, opartej na unikalnym po\u0142\u0105czeniu trzech wysokiej jako\u015bci \u017cywic o r\u00f3\u017cnej funkcjonalno\u015bci, gwarantuj\u0105cych zwi\u0119kszon\u0105 odporno\u015b\u0107 i zabezpieczenie pomalowanej pow\u0142oki.<\/p>\n<p>Dodatkowo Tikkurila Valtti Complete posiada Double Absorb UV System (podw\u00f3jny system ochrony przed promieniowaniem UV).<\/p>\n<p><b>PRZYK\u0141ADY ZASTOSOWANIA<\/b><\/p>\n<p>Doskona\u0142y do malowania: ogrodze\u0144, okien, drzwi, balustrad, mebli ogrodowych, altan, podbitek drewnianych itp. Do zabezpieczania taras\u00f3w, schod\u00f3w, podest\u00f3w rekomendujemy zastosowanie oleju Tikkurila Valtti Wood Oil.<\/p>\n<p><b>W\u0141A\u015aCIWO\u015aCI PRODUKTU<\/b><\/p>\n<p>Pow\u0142oka o zwi\u0119kszonej odporno\u015bci na grzyby ple\u015bniowe &#8211; Ochrona drewna przed wilgoci\u0105, p\u0119kaniem i \u0142uszczeniem &#8211; Podwy\u017cszona odporno\u015b\u0107 na zarysowania i \u015bcieralno\u015b\u0107 dzi\u0119ki zawarto\u015bci mikronizowanego wosku &#8211; Produkt do barwienia w szerokiej gamie atrakcyjnych i trwa\u0142ych kolor\u00f3w, podkre\u015blaj\u0105cych pi\u0119kno i struktur\u0119 drewna &#8211; Wyr\u00f3b o w\u0142a\u015bciwo\u015bciach tiksotropowych \u2013 nie tworzy zaciek\u00f3w, \u0142atwo si\u0119 rozprowadza, nie kapie<\/p>\n<h3>DANE TECHNICZNE:<\/h3>\n<p>\u2022 Rodzaj: Lakierobejca<br \/>\n\u2022 Zastosowanie: Zewn\u0119trzne<br \/>\n\u2022 Pojemno\u015b\u0107: 0,9L<br \/>\n\u2022 Kolorystyka: Bezbarwny<br \/>\n\u2022 Czas schni\u0119cia: 24 godziny<br \/>\n\u2022 Wydajno\u015b\u0107: 20 m2\/L<br \/>\n\u2022 Zalecana Liczba warstw: 2<br \/>\n\u2022 Spos\u00f3b Aplikacji: p\u0119dzel \/ natrysk<br \/>\n\u2022 Kod EAN: 5902829024562<\/p>\n","protected":false},"excerpt":{"rendered":"<p>Lakierbejca TIKKURILA VALTTI COMPLETE 2w1 to bardzo trwa\u0142a, impregnuj\u0105co-dekoruj\u0105ca lakierobejca do malowania drewna na zewn\u0105trz pomieszcze\u0144. Stworzona na bazie innowacyjnej technologii Triple Resin System, opartej na unikalnym po\u0142\u0105czeniu trzech wysokiej jako\u015bci \u017cywic o r\u00f3\u017cnej funkcjonalno\u015bci, gwarantuj\u0105cych zwi\u0119kszon\u0105 odporno\u015b\u0107 i zabezpieczenie pomalowanej pow\u0142oki.<\/p>\n","protected":false},"featured_media":23048,"comment_status":"open","ping_status":"closed","template":"","meta":{"_acf_changed":false,"inline_featured_image":false},"product_cat":[322],"product_tag":[2458,342,2459],"class_list":{"0":"post-22841","1":"product","2":"type-product","3":"status-publish","4":"has-post-thumbnail","6":"product_cat-lakiery-bejce-impregnaty-do-drewna","7":"product_tag-lakierbejca","8":"product_tag-tikkurila","9":"product_tag-valtti-complete","11":"first","12":"instock","13":"shipping-taxable","14":"product-type-simple"},"acf":[],"_links":{"self":[{"href":"https:\/\/e-adams.pl\/de\/wp-json\/wp\/v2\/product\/22841","targetHints":{"allow":["GET"]}}],"collection":[{"href":"https:\/\/e-adams.pl\/de\/wp-json\/wp\/v2\/product"}],"about":[{"href":"https:\/\/e-adams.pl\/de\/wp-json\/wp\/v2\/types\/product"}],"replies":[{"embeddable":true,"href":"https:\/\/e-adams.pl\/de\/wp-json\/wp\/v2\/comments?post=22841"}],"wp:featuredmedia":[{"embeddable":true,"href":"https:\/\/e-adams.pl\/de\/wp-json\/wp\/v2\/media\/23048"}],"wp:attachment":[{"href":"https:\/\/e-adams.pl\/de\/wp-json\/wp\/v2\/media?parent=22841"}],"wp:term":[{"taxonomy":"product_cat","embeddable":true,"href":"https:\/\/e-adams.pl\/de\/wp-json\/wp\/v2\/product_cat?post=22841"},{"taxonomy":"product_tag","embeddable":true,"href":"https:\/\/e-adams.pl\/de\/wp-json\/wp\/v2\/product_tag?post=22841"}],"curies":[{"name":"wp","href":"https:\/\/api.w.org\/{rel}","templated":true}]}}