{"id":22843,"date":"2023-11-22T08:48:44","date_gmt":"2023-11-22T07:48:44","guid":{"rendered":"https:\/\/e-adams.pl\/produkt\/tikkurila-farba-magnetyczna-05l-szara\/"},"modified":"2024-05-10T11:02:11","modified_gmt":"2024-05-10T09:02:11","slug":"tikkurila-farba-magnetyczna-05l-szara","status":"publish","type":"product","link":"https:\/\/e-adams.pl\/de\/produkt\/tikkurila-farba-magnetyczna-05l-szara\/","title":{"rendered":"Farba magnetyczna TIKKURILA MAGNETIC 0,5L szara"},"content":{"rendered":"<h3>OPIS:<\/h3>\n<p>Farba magnetyczna <a href=\"https:\/\/e-adams.pl\/tikkurila\/\">TIKKURILA<\/a> MAGNETIC to wodorozcie\u0144czalna farba o w\u0142a\u015bciwo\u015bciach magnetycznych kt\u00f3ra nadaje si\u0119 do malowania powierzchni betonowych, szpachlowanych, p\u0142yt gipsowych i wi\u00f3rowych. W celu uzyskania dowolnego koloru, farb\u0119 Tikkurila Magnetic mo\u017cna pomalowa\u0107 farbami do \u015bcian Tikkurila jedno &#8211; lub dwukrotnie.<\/p>\n<p>Nak\u0142adanie zbyt grubych warstwy farby mo\u017ce zmniejszy\u0107 przyczepno\u015b\u0107 magnes\u00f3w. Zastosowanie farby Magnetycznej to \u0142atwy spos\u00f3b na dekoracj\u0119 \u015bciany zdj\u0119ciami, karteczkami z zakupami, pracami plastycznymi dzieci, unikaj\u0105c stosowania pinezek czy kleju, kt\u00f3re niszcz\u0105 i brudz\u0105 powierzchni\u0119.<\/p>\n<p>&nbsp;<\/p>\n<h3>DANE TECHNICZNE:<\/h3>\n<p>\u2022 Kolory: Szary<br \/>\n\u2022 Stopie\u0144 po\u0142ysku: Mat<br \/>\n\u2022 Wydajno\u015b\u0107: 0,5 L \/ 1,5 m2<br \/>\n&#8211; Przy trzech warstwach opakowanie pozwala na wykonanie ok 0,5-0,7m2<br \/>\n\u2022 Wielko\u015b\u0107 opakowa\u0144: 0.5 l<br \/>\n\u2022 Nak\u0142adanie: Wa\u0142ek, p\u0119dzel.<br \/>\n\u2022 Czas schni\u0119cia przy temp. 23\u00b0C i wilgotno\u015bci wzgl\u0119dnej 50%<br \/>\n&#8211; Sucho\u015b\u0107 po 24 godz.<br \/>\n\u2022 G\u0119sto\u015b\u0107: Ok. 2,60 kg\/l, ISO 2811<br \/>\n\u2022 Przechowywanie: Chroni\u0107 przed mrozem.<br \/>\n\u2022 Kod EAN: 6408070038567<\/p>\n","protected":false},"excerpt":{"rendered":"<p>Farba magnetyczna <a href=\"https:\/\/e-adams.pl\/tikkurila\/\">TIKKURILA<\/a> MAGNETIC to wodorozcie\u0144czalna farba o w\u0142a\u015bciwo\u015bciach magnetycznych kt\u00f3ra nadaje si\u0119 do malowania powierzchni betonowych, szpachlowanych, p\u0142yt gipsowych i wi\u00f3rowych. W celu uzyskania dowolnego koloru, farb\u0119 Tikkurila Magnetic mo\u017cna pomalowa\u0107 farbami do \u015bcian Tikkurila jedno &#8211; lub dwukrotnie.<\/p>\n","protected":false},"featured_media":23004,"comment_status":"open","ping_status":"closed","template":"","meta":{"_acf_changed":false,"inline_featured_image":false},"product_cat":[2686],"product_tag":[2445,2446,342],"class_list":{"0":"post-22843","1":"product","2":"type-product","3":"status-publish","4":"has-post-thumbnail","6":"product_cat-farby-z-efektem-specjalnym","7":"product_tag-farba-magnetyczna","8":"product_tag-magnetic","9":"product_tag-tikkurila","11":"first","12":"instock","13":"shipping-taxable","14":"purchasable","15":"product-type-simple"},"acf":[],"_links":{"self":[{"href":"https:\/\/e-adams.pl\/de\/wp-json\/wp\/v2\/product\/22843","targetHints":{"allow":["GET"]}}],"collection":[{"href":"https:\/\/e-adams.pl\/de\/wp-json\/wp\/v2\/product"}],"about":[{"href":"https:\/\/e-adams.pl\/de\/wp-json\/wp\/v2\/types\/product"}],"replies":[{"embeddable":true,"href":"https:\/\/e-adams.pl\/de\/wp-json\/wp\/v2\/comments?post=22843"}],"wp:featuredmedia":[{"embeddable":true,"href":"https:\/\/e-adams.pl\/de\/wp-json\/wp\/v2\/media\/23004"}],"wp:attachment":[{"href":"https:\/\/e-adams.pl\/de\/wp-json\/wp\/v2\/media?parent=22843"}],"wp:term":[{"taxonomy":"product_cat","embeddable":true,"href":"https:\/\/e-adams.pl\/de\/wp-json\/wp\/v2\/product_cat?post=22843"},{"taxonomy":"product_tag","embeddable":true,"href":"https:\/\/e-adams.pl\/de\/wp-json\/wp\/v2\/product_tag?post=22843"}],"curies":[{"name":"wp","href":"https:\/\/api.w.org\/{rel}","templated":true}]}}