{"id":22844,"date":"2023-11-22T08:48:46","date_gmt":"2023-11-22T07:48:46","guid":{"rendered":"https:\/\/e-adams.pl\/produkt\/optiva-ceramic-3-09l-baza-a\/"},"modified":"2024-07-15T11:31:10","modified_gmt":"2024-07-15T09:31:10","slug":"farba-lateksowa-tikkurila-optiva-ceramic-super-matt-3-a-09l","status":"publish","type":"product","link":"https:\/\/e-adams.pl\/de\/produkt\/farba-lateksowa-tikkurila-optiva-ceramic-super-matt-3-a-09l\/","title":{"rendered":"Farba lateksowa TIKKURILA OPTIVA CERAMIC SUPER MATT 3 A 0,9L"},"content":{"rendered":"<h3>OPIS:<\/h3>\n<p>Farba lateksowa <a href=\"https:\/\/e-adams.pl\/tikkurila\/\">TIKKURILA<\/a> OPTIVA CERAMIC SUPER MATT 3 A to akrylowo-kompozytowa farba do \u015bcian i sufit\u00f3w w postaci bazy do barwienia, opracowana z wykorzystaniem nowoczesnych technologii: ceramicznej (gwarantuj\u0105cej wysok\u0105 odporno\u015b\u0107 mechaniczn\u0105 pow\u0142oki) oraz enkapsulacji (zwi\u0119kszaj\u0105cej w\u0142a\u015bciwo\u015bci barierowe pomalowanej powierzchni).<\/p>\n<p>Farba posiada unikatow\u0105 ZDOLNO\u015a\u0106 REGENERACJI g\u0142\u0119boko matowej pow\u0142oki poprzez delikatne przetarcie \u015bciany such\u0105 lub mokr\u0105 tkanin\u0105. Dzi\u0119ki zastosowaniu technologii ceramicznej, powierzchnia zachowuje g\u0142\u0119boki mat bez widocznych wyb\u0142yszcze\u0144.<\/p>\n<p>Przeznaczona do dekoracyjno-ochronnego malowania \u015bcian i sufit\u00f3w wewn\u0105trz pomieszcze\u0144 mieszkalnych, biurowych i u\u017cyteczno\u015bci publicznej, w tym w obiektach szkolno-wychowawczych i s\u0142u\u017cby zdrowia (szko\u0142y, przedszkola, \u017c\u0142obki, szpitale, przychodnie, gabinety, sale operacyjne, pomieszczenia zabiegowe, laboratoria, stacje dializ itd.) oraz zak\u0142adach us\u0142ugowych i produkcyjnych, tak\u017ce bran\u017cy spo\u017cywczej z wykluczeniem bezpo\u015bredniego kontaktu z \u017cywno\u015bci\u0105.<\/p>\n<p>Lateksow\u0105 farb\u0119\u00a0<strong>Optiva 3<\/strong>\u00a0wyr\u00f3\u017cnia wyj\u0105tkowa receptura, kt\u00f3ra jest bezpieczna dla zdrowia i \u015brodowiska naturalnego. Gwarantuje to certyfikat EU Ecolabel, a tak\u017ce rekomendacja Polskiego Towarzystwa Alergologicznego. Emulsja ta jest bezpieczna dla alergik\u00f3w i os\u00f3b wra\u017cliwych. Mo\u017ce wi\u0119c by\u0107 bez obaw stosowana w pokojach dzieci\u0119cych, przedszkolach i szko\u0142ach. Dodatkowo produkt ten nie zawiera rozpuszczalnik\u00f3w organicznych (Zero LZO).<\/p>\n<h3>DANE TECHNICZNE:<\/h3>\n<p>\u2022 Zastosowanie: Wewn\u0119trzne<br \/>\n\u2022 Kolorystyka: Bia\u0142y<br \/>\n\u2022 Zalecana liczba warstw: 2<br \/>\n\u2022 Czas schni\u0119cia: 1 h<br \/>\n\u2022 Wydajno\u015b\u0107: 16 m2\/L<br \/>\n\u2022 Spos\u00f3b aplikacji: P\u0119dzel, wa\u0142ek, natrysk<br \/>\n\u2022 Przeznaczenie: Do \u015bcian i sufit\u00f3w<br \/>\n\u2022 Rodzaj farby: Farba lateksowa<br \/>\n\u2022 Pow\u0142oka: Matowa<br \/>\n\u2022 Wyko\u0144czenie: Mat<br \/>\n\u2022 Czas nak\u0142adania kolejnej warstwy: 4 h<br \/>\n\u2022 Okres przechowywania: 3 lata od daty produkcji<br \/>\n\u2022 Rozcie\u0144czalnik: Woda<br \/>\n\u2022 Kod EAN: 5902829029451<\/p>\n","protected":false},"excerpt":{"rendered":"<p>Farba lateksowa TIKKURILA OPTIVA CERAMIC SUPER MATT 3 A to akrylowo-kompozytowa farba do \u015bcian i sufit\u00f3w w postaci bazy do barwienia, opracowana z wykorzystaniem nowoczesnych technologii: ceramicznej (gwarantuj\u0105cej wysok\u0105 odporno\u015b\u0107 mechaniczn\u0105 pow\u0142oki) oraz enkapsulacji (zwi\u0119kszaj\u0105cej w\u0142a\u015bciwo\u015bci barierowe pomalowanej powierzchni).<\/p>\n","protected":false},"featured_media":23019,"comment_status":"open","ping_status":"closed","template":"","meta":{"_acf_changed":false,"inline_featured_image":false},"product_cat":[2331],"product_tag":[2362,2451,342],"class_list":{"0":"post-22844","1":"product","2":"type-product","3":"status-publish","4":"has-post-thumbnail","6":"product_cat-farby-kolorowe-mieszalnikowe","7":"product_tag-farba-lateksowa","8":"product_tag-optiva-ceramic","9":"product_tag-tikkurila","11":"first","12":"instock","13":"shipping-taxable","14":"purchasable","15":"product-type-simple"},"acf":[],"_links":{"self":[{"href":"https:\/\/e-adams.pl\/de\/wp-json\/wp\/v2\/product\/22844","targetHints":{"allow":["GET"]}}],"collection":[{"href":"https:\/\/e-adams.pl\/de\/wp-json\/wp\/v2\/product"}],"about":[{"href":"https:\/\/e-adams.pl\/de\/wp-json\/wp\/v2\/types\/product"}],"replies":[{"embeddable":true,"href":"https:\/\/e-adams.pl\/de\/wp-json\/wp\/v2\/comments?post=22844"}],"wp:featuredmedia":[{"embeddable":true,"href":"https:\/\/e-adams.pl\/de\/wp-json\/wp\/v2\/media\/23019"}],"wp:attachment":[{"href":"https:\/\/e-adams.pl\/de\/wp-json\/wp\/v2\/media?parent=22844"}],"wp:term":[{"taxonomy":"product_cat","embeddable":true,"href":"https:\/\/e-adams.pl\/de\/wp-json\/wp\/v2\/product_cat?post=22844"},{"taxonomy":"product_tag","embeddable":true,"href":"https:\/\/e-adams.pl\/de\/wp-json\/wp\/v2\/product_tag?post=22844"}],"curies":[{"name":"wp","href":"https:\/\/api.w.org\/{rel}","templated":true}]}}