{"id":22849,"date":"2023-11-22T08:48:50","date_gmt":"2023-11-22T07:48:50","guid":{"rendered":"https:\/\/e-adams.pl\/produkt\/optiva-white-09l\/"},"modified":"2024-05-10T11:02:12","modified_gmt":"2024-05-10T09:02:12","slug":"farba-lateksowa-tikkurila-optiva-white-09l","status":"publish","type":"product","link":"https:\/\/e-adams.pl\/de\/produkt\/farba-lateksowa-tikkurila-optiva-white-09l\/","title":{"rendered":"Farba lateksowa TIKKURILA OPTIVA WHITE 0,9L"},"content":{"rendered":"<h3>OPIS:<\/h3>\n<p>Farba lateksowa <a href=\"https:\/\/e-adams.pl\/tikkurila\/\">TIKKURILLA<\/a> OPTIVA WHITE przeznaczona do dekoracyjno-ochronnego malowania \u015bcian i sufit\u00f3w wewn\u0105trz pomieszcze\u0144 mieszkalnych, biurowych i u\u017cyteczno\u015bci publicznej, w tym w obiektach szkolno-wychowawczych i s\u0142u\u017cby zdrowia oraz zak\u0142adach us\u0142ugowych i produkcyjnych, tak\u017ce bran\u017cy spo\u017cywczej z wykluczeniem bezpo\u015bredniego kontaktu z \u017cywno\u015bci\u0105.<\/p>\n<p>Najnowszej generacji, o wyj\u0105tkowo g\u0142\u0119bokiej bieli, wodorozcie\u0144czalna, plamoodporna, lateksowa bia\u0142a farba akrylowo-kompozytowa, specjalnie skomponowana pod k\u0105tem barwienia na kolory z\u0142amanej bieli (off-white).<\/p>\n<p>Farba zosta\u0142a opracowana z wykorzystaniem nowoczesnej technologii enkapsulacji zwi\u0119kszaj\u0105cej w\u0142a\u015bciwo\u015bci barierowe pomalowanej powierzchni.<br \/>\nFarba jest przyjazna dla zdrowia i \u015brodowiska: jest rekomendowana przez Polskie Towarzystwo Alergologiczne.<\/p>\n<h3>DANE TECHNICZNE:<\/h3>\n<p>\u2022 Opakowania:\u00a00,1l tester, 0,9l, 2,7l, 9l<br \/>\n\u2022 Wydajno\u015b\u0107:\u00a0do 12m<sup>2<\/sup>\u00a0przy jednokrotnym malowaniu<br \/>\n\u2022 Kolory:\u00a0Kolekcja 19 kolor\u00f3w off-white w tonacji z\u0142amanej bieli<br \/>\n\u2022 Stopie\u0144 po\u0142ysku:\u00a0mat<br \/>\n\u2022 Kod EAN: 5902829031270<\/p>\n","protected":false},"excerpt":{"rendered":"<p>Farba lateksowa TIKKURILA OPTIVA WHITE przeznaczona do dekoracyjno-ochronnego malowania \u015bcian i sufit\u00f3w wewn\u0105trz pomieszcze\u0144 mieszkalnych, biurowych i u\u017cyteczno\u015bci publicznej, w tym w obiektach szkolno-wychowawczych i s\u0142u\u017cby zdrowia oraz zak\u0142adach us\u0142ugowych i produkcyjnych, tak\u017ce bran\u017cy spo\u017cywczej z wykluczeniem bezpo\u015bredniego kontaktu z \u017cywno\u015bci\u0105.<\/p>\n","protected":false},"featured_media":22986,"comment_status":"open","ping_status":"closed","template":"","meta":{"_acf_changed":false,"inline_featured_image":false},"product_cat":[2331],"product_tag":[2362,2442,342],"class_list":{"0":"post-22849","1":"product","2":"type-product","3":"status-publish","4":"has-post-thumbnail","6":"product_cat-farby-kolorowe-mieszalnikowe","7":"product_tag-farba-lateksowa","8":"product_tag-optiva","9":"product_tag-tikkurila","11":"first","12":"instock","13":"shipping-taxable","14":"purchasable","15":"product-type-simple"},"acf":[],"_links":{"self":[{"href":"https:\/\/e-adams.pl\/de\/wp-json\/wp\/v2\/product\/22849","targetHints":{"allow":["GET"]}}],"collection":[{"href":"https:\/\/e-adams.pl\/de\/wp-json\/wp\/v2\/product"}],"about":[{"href":"https:\/\/e-adams.pl\/de\/wp-json\/wp\/v2\/types\/product"}],"replies":[{"embeddable":true,"href":"https:\/\/e-adams.pl\/de\/wp-json\/wp\/v2\/comments?post=22849"}],"wp:featuredmedia":[{"embeddable":true,"href":"https:\/\/e-adams.pl\/de\/wp-json\/wp\/v2\/media\/22986"}],"wp:attachment":[{"href":"https:\/\/e-adams.pl\/de\/wp-json\/wp\/v2\/media?parent=22849"}],"wp:term":[{"taxonomy":"product_cat","embeddable":true,"href":"https:\/\/e-adams.pl\/de\/wp-json\/wp\/v2\/product_cat?post=22849"},{"taxonomy":"product_tag","embeddable":true,"href":"https:\/\/e-adams.pl\/de\/wp-json\/wp\/v2\/product_tag?post=22849"}],"curies":[{"name":"wp","href":"https:\/\/api.w.org\/{rel}","templated":true}]}}