{"id":22853,"date":"2023-11-22T08:48:53","date_gmt":"2023-11-22T07:48:53","guid":{"rendered":"https:\/\/e-adams.pl\/produkt\/optiva-matt-5-baza-a-09l-lateksowa\/"},"modified":"2024-07-15T11:31:10","modified_gmt":"2024-07-15T09:31:10","slug":"farba-lateksowa-optiva-matt-5-a-09l","status":"publish","type":"product","link":"https:\/\/e-adams.pl\/de\/produkt\/farba-lateksowa-optiva-matt-5-a-09l\/","title":{"rendered":"Farba lateksowa OPTIVA MATT 5 A 0,9L"},"content":{"rendered":"<h3>OPIS:<\/h3>\n<p>Farba lateksowa <a href=\"https:\/\/e-adams.pl\/tikkurila\/\">TIKKURILLA<\/a> OPTIVA MATT 5 A przeznaczona do dekoracyjno-ochronnego malowania \u015bcian i sufit\u00f3w jest szczeg\u00f3lnie polecana do salon\u00f3w, sypialni i pokoi dzieci\u0119cych. Dzi\u0119ki wykorzystaniu technologii enkapsulacji, farba posiada podwy\u017cszon\u0105 odporno\u015b\u0107 na kurz, plamy oraz zabrudzenia. Charakteryzuje si\u0119 r\u00f3wnie\u017c bardzo dobr\u0105 si\u0142\u0105 krycia.<\/p>\n<p>Najnowszej generacji, matowa, wodorozcie\u0144czalna, plamoodporna, lateksowa farba akrylowo-kompozytowa do barwienia.<\/p>\n<p>Przeznaczona do dekoracyjno-ochronnego malowania \u015bcian i sufit\u00f3w wewn\u0105trz pomieszcze\u0144 mieszkalnych, biurowych i u\u017cyteczno\u015bci publicznej, w tym w obiektach szkolno-wychowawczych i s\u0142u\u017cby zdrowia (szko\u0142y, przedszkola, \u017c\u0142obki, szpitale, przychodnie, gabinety, sale operacyjne, pomieszczenia zabiegowe, laboratoria, stacje dializ itd.), zak\u0142adach us\u0142ugowych i produkcyjnych, tak\u017ce bran\u017cy spo\u017cywczej z wykluczeniem bezpo\u015bredniego kontaktu z \u017cywno\u015bci\u0105<\/p>\n<h3>Przygotowanie:<\/h3>\n<ul>\n<li>\n<div>Powierzchnie niemalowane \u2014 \u015awie\u017ce tynki mineralne mo\u017cna malowa\u0107 po minimum 4 tygodniach sezonowania. P\u0142yty G-K, g\u0142adzie szpachlowe mo\u017cna malowa\u0107 po ca\u0142kowitym wyschni\u0119ciu. Powierzchnie oczy\u015bci\u0107 z kurzu i brudu, nier\u00f3wno\u015bci i ubytki wyg\u0142adzi\u0107 odpowiedni\u0105 szpachl\u00f3wk\u0105. W sytuacji, gdy nier\u00f3wno\u015bci pod\u0142o\u017ca s\u0105 znaczne, \u015bcian\u0119 nale\u017cy wst\u0119pnie wyr\u00f3wna\u0107 zapraw\u0105 wyr\u00f3wnawcz\u0105, a nast\u0119pnie ca\u0142\u0105 powierzchni\u0119 przeszpachlowa\u0107 g\u0142adzi\u0105 szpachlow\u0105. Przy ma\u0142ych nier\u00f3wno\u015bciach mo\u017cna od razu zastosowa\u0107 g\u0142ad\u017a szpachlow\u0105. Zastosowanie wy\u017cej wymienionych zapraw i g\u0142adzi powinno by\u0107 zgodne z kartami technicznymi tych produkt\u00f3w. Tynki maszynowe z widoczn\u0105 b\u0142yszcz\u0105c\u0105 warstw\u0105 martwicy przeszlifowa\u0107 i oczy\u015bci\u0107 z py\u0142u. Nast\u0119pnie na\u0142o\u017cy\u0107 jedn\u0105 warstw\u0119 farby gruntuj\u0105cej Tikkurila Optiva Primer.<\/div>\n<\/li>\n<li>\n<div>Powierzchnie uprzednio malowane \u2014 Przed malowaniem nale\u017cy usun\u0105\u0107 \u0142uszcz\u0105ce si\u0119, lu\u017ane fragmenty starej pow\u0142oki, a ca\u0142\u0105 powierzchni\u0119 zmy\u0107 i odt\u0142u\u015bci\u0107, nier\u00f3wno\u015bci i ubytki wyg\u0142adzi\u0107 odpowiedni\u0105 szpachl\u00f3wk\u0105. Farby o po\u0142ysku satynowym, p\u00f3\u0142matowym, p\u00f3\u0142po\u0142ysku i po\u0142ysku zmatowi\u0107 w ca\u0142o\u015bci przed ostatecznym odpyleniem. Do matowienia u\u017cy\u0107 papieru o uziarnieniu 150-200. Ca\u0142o\u015b\u0107 pod\u0142o\u017ca zagruntowa\u0107 farb\u0105 Tikkurila Optiva Primer. Czynno\u015b\u0107 gruntowania mo\u017ce zosta\u0107 pomini\u0119ta jedynie pod warunkiem doskona\u0142ego zachowania istniej\u0105cej pow\u0142oki malarskiej (producent nie ponosi odpowiedzialno\u015bci za niew\u0142a\u015bciw\u0105 ocen\u0119 stanu faktycznego pod\u0142o\u017ca).<\/div>\n<\/li>\n<li>\n<div>Powierzchnie malowane farb\u0105 klejow\u0105 lub wapienn\u0105 \u2014 Farb\u0119 wapienn\u0105 lub klejow\u0105 dok\u0142adnie usun\u0105\u0107. Powierzchnie oczy\u015bci\u0107 z kurzu i brudu, nier\u00f3wno\u015bci i ubytki wyg\u0142adzi\u0107 odpowiedni\u0105 szpachl\u00f3wk\u0105. Nast\u0119pnie na\u0142o\u017cy\u0107 jedn\u0105 warstw\u0119 farby gruntuj\u0105cej Tikkurila Optiva Primer. W przypadku lu\u017ano zwi\u0105zanego pod\u0142o\u017ca zagruntowa\u0107 preparatem Tikkurila Suprabilit.<\/div>\n<\/li>\n<\/ul>\n<h3>DANE TECHNICZNE:<\/h3>\n<p>\u2022 Zastosowanie: Wewn\u0119trzne<br \/>\n\u2022 Kolorystyka: Bia\u0142y<br \/>\n\u2022 Zalecana liczba warstw: 2<br \/>\n\u2022 Czas schni\u0119cia: 2 h<br \/>\n\u2022 Wydajno\u015b\u0107: 16 m2\/L<br \/>\n\u2022 Spos\u00f3b aplikacji: P\u0119dzel, wa\u0142ek, natrysk<br \/>\n\u2022 Przeznaczenie: Do \u015bcian i sufit\u00f3w<br \/>\n\u2022 Rodzaj farby: Farba lateksowa<br \/>\n\u2022 Wyko\u0144czenie: Mat<br \/>\n\u2022 Czas nak\u0142adania kolejnej warstwy: ok. 4 h<br \/>\n\u2022 Rozcie\u0144czalnik: Woda<br \/>\n\u2022 Kod EAN: 5902829029529<\/p>\n<p>&nbsp;<\/p>\n","protected":false},"excerpt":{"rendered":"<p>Farba lateksowa <a href=\"https:\/\/e-adams.pl\/tikkurila\/\">TIKKURILLA<\/a> OPTIVA MATT 5 A przeznaczona do dekoracyjno-ochronnego malowania \u015bcian i sufit\u00f3w jest szczeg\u00f3lnie polecana do salon\u00f3w, sypialni i pokoi dzieci\u0119cych. Dzi\u0119ki wykorzystaniu technologii enkapsulacji, farba posiada podwy\u017cszon\u0105 odporno\u015b\u0107 na kurz, plamy oraz zabrudzenia. Charakteryzuje si\u0119 r\u00f3wnie\u017c bardzo dobr\u0105 si\u0142\u0105 krycia.<\/p>\n","protected":false},"featured_media":22997,"comment_status":"open","ping_status":"closed","template":"","meta":{"_acf_changed":false,"inline_featured_image":false},"product_cat":[2331],"product_tag":[2362,2442,2444],"class_list":{"0":"post-22853","1":"product","2":"type-product","3":"status-publish","4":"has-post-thumbnail","6":"product_cat-farby-kolorowe-mieszalnikowe","7":"product_tag-farba-lateksowa","8":"product_tag-optiva","9":"product_tag-tikkurilla","11":"first","12":"instock","13":"shipping-taxable","14":"purchasable","15":"product-type-simple"},"acf":[],"_links":{"self":[{"href":"https:\/\/e-adams.pl\/de\/wp-json\/wp\/v2\/product\/22853","targetHints":{"allow":["GET"]}}],"collection":[{"href":"https:\/\/e-adams.pl\/de\/wp-json\/wp\/v2\/product"}],"about":[{"href":"https:\/\/e-adams.pl\/de\/wp-json\/wp\/v2\/types\/product"}],"replies":[{"embeddable":true,"href":"https:\/\/e-adams.pl\/de\/wp-json\/wp\/v2\/comments?post=22853"}],"wp:featuredmedia":[{"embeddable":true,"href":"https:\/\/e-adams.pl\/de\/wp-json\/wp\/v2\/media\/22997"}],"wp:attachment":[{"href":"https:\/\/e-adams.pl\/de\/wp-json\/wp\/v2\/media?parent=22853"}],"wp:term":[{"taxonomy":"product_cat","embeddable":true,"href":"https:\/\/e-adams.pl\/de\/wp-json\/wp\/v2\/product_cat?post=22853"},{"taxonomy":"product_tag","embeddable":true,"href":"https:\/\/e-adams.pl\/de\/wp-json\/wp\/v2\/product_tag?post=22853"}],"curies":[{"name":"wp","href":"https:\/\/api.w.org\/{rel}","templated":true}]}}