{"id":22858,"date":"2023-11-22T08:48:57","date_gmt":"2023-11-22T07:48:57","guid":{"rendered":"https:\/\/e-adams.pl\/produkt\/optiva-colour-baza-c-09l-lateksowa\/"},"modified":"2024-07-15T11:31:10","modified_gmt":"2024-07-15T09:31:10","slug":"farba-lateksowa-tikkurila-optiva-colour-c-09l","status":"publish","type":"product","link":"https:\/\/e-adams.pl\/de\/produkt\/farba-lateksowa-tikkurila-optiva-colour-c-09l\/","title":{"rendered":"Farba lateksowa TIKKURILA OPTIVA COLOUR C 0,9L"},"content":{"rendered":"<h3>OPIS:<\/h3>\n<p>Farba lateksowa <a href=\"https:\/\/e-adams.pl\/tikkurila\/\">TIKKURILA<\/a> OPTIVA COLOUR C to wodorozcie\u0144czalna akrylowa farba do dekoracyjnego malowania \u015bcian i sufit\u00f3w wewn\u0105trz pomieszcze\u0144 mieszkalnych, biurowych i u\u017cyteczno\u015bci publicznej, w tym w obiektach szkolno-wychowawczych i s\u0142u\u017cby zdrowia (szpitale, szko\u0142y, przedszkola) oraz zak\u0142adach us\u0142ugowych i produkcyjnych, tak\u017ce bran\u017cy spo\u017cywczej z wykluczeniem bezpo\u015bredniego kontaktu z \u017cywno\u015bci\u0105.<\/p>\n<p><b>PRZYK\u0141ADY ZASTOSOWANIA<\/b><\/p>\n<p>Malowanie p\u0142yt kartonowo-gipsowych, tynk\u00f3w gipsowych, cementowo-wapiennych, dekoracyjne malowanie pod\u0142o\u017cy betonowych, jak r\u00f3wnie\u017c do renowacji starych wymalowa\u0144. Produkt mo\u017ce by\u0107 stosowany na ma\u0142e powierzchnie i\/lub elementy wyko\u0144czeniowe drewniane lub metalowe, po uprzednim zagruntowaniu odpowiednim dla tego rodzaju powierzchni preparatem gruntuj\u0105cym (Tikkurila Everal Aqua Primer, Tikkurila Rostex Super Akva.<\/p>\n<p><strong>W\u0142a\u015bciwo\u015bci:<\/strong><\/p>\n<ul>\n<li>du\u017ca si\u0142a krycia<\/li>\n<li>trwa\u0142o\u015b\u0107 pow\u0142oki i koloru<\/li>\n<li>zwi\u0119z\u0142a struktura farby ogranicza wnikanie kurzu i innych zabrudze\u0144 w g\u0142\u0105b \u015bcian<\/li>\n<li>odporno\u015b\u0107 na zmywanie<\/li>\n<li>doskona\u0142e w\u0142asno\u015bci aplikacyjne<\/li>\n<li>niekapi\u0105ca formu\u0142a<\/li>\n<li>bardzo dobra przyczepno\u015b\u0107 do pod\u0142o\u017ca<\/li>\n<li>\u0142atwe rozprowadzanie<\/li>\n<li>optymalny czas schni\u0119cia<\/li>\n<li>minimalna zawarto\u015b\u0107 lotnych zwi\u0105zk\u00f3w organicznych &#8211; poni\u017cej wymaganej normy \u2013 zawiera mniej ni\u017c 5 g\/l<\/li>\n<\/ul>\n<h3>DANE TECHNICZNE:<\/h3>\n<p>\u2022 Zastosowanie: Wewn\u0119trzne<br \/>\n\u2022 Zalecana liczba warstw: 2<br \/>\n\u2022 Czas schni\u0119cia: 1 h<br \/>\n\u2022 Wydajno\u015b\u0107: ok.12 m2\/L<br \/>\n\u2022 Spos\u00f3b aplikacji: P\u0119dzel, wa\u0142ek, natrysk<br \/>\n\u2022 Przeznaczenie: Do \u015bcian i sufit\u00f3w<br \/>\n\u2022 Rodzaj farby: Farba lateksowa<br \/>\n\u2022 Pow\u0142oka: Matowa<br \/>\n\u2022 Wyko\u0144czenie: Mat<br \/>\n\u2022 Czas nak\u0142adania kolejnej warstwy: 4 h<br \/>\n\u2022 Okres przechowywania: 3 lata od daty produkcji<br \/>\n\u2022 Rozcie\u0144czalnik: Woda<br \/>\n\u2022 Kod EAN: 5902829025538<\/p>\n","protected":false},"excerpt":{"rendered":"<p>Farba lateksowa <a href=\"https:\/\/e-adams.pl\/tikkurila\/\">TIKKURILA<\/a> OPTIVA COLOUR C to wodorozcie\u0144czalna akrylowa farba do dekoracyjnego malowania \u015bcian i sufit\u00f3w wewn\u0105trz pomieszcze\u0144 mieszkalnych, biurowych i u\u017cyteczno\u015bci publicznej, w tym w obiektach szkolno-wychowawczych i s\u0142u\u017cby zdrowia (szpitale, szko\u0142y, przedszkola) oraz zak\u0142adach us\u0142ugowych i produkcyjnych, tak\u017ce bran\u017cy spo\u017cywczej z wykluczeniem bezpo\u015bredniego kontaktu z \u017cywno\u015bci\u0105.<\/p>\n","protected":false},"featured_media":23043,"comment_status":"open","ping_status":"closed","template":"","meta":{"_acf_changed":false,"inline_featured_image":false},"product_cat":[2331],"product_tag":[2362,2457,342],"class_list":{"0":"post-22858","1":"product","2":"type-product","3":"status-publish","4":"has-post-thumbnail","6":"product_cat-farby-kolorowe-mieszalnikowe","7":"product_tag-farba-lateksowa","8":"product_tag-optiva-colour","9":"product_tag-tikkurila","11":"first","12":"instock","13":"shipping-taxable","14":"purchasable","15":"product-type-simple"},"acf":[],"_links":{"self":[{"href":"https:\/\/e-adams.pl\/de\/wp-json\/wp\/v2\/product\/22858","targetHints":{"allow":["GET"]}}],"collection":[{"href":"https:\/\/e-adams.pl\/de\/wp-json\/wp\/v2\/product"}],"about":[{"href":"https:\/\/e-adams.pl\/de\/wp-json\/wp\/v2\/types\/product"}],"replies":[{"embeddable":true,"href":"https:\/\/e-adams.pl\/de\/wp-json\/wp\/v2\/comments?post=22858"}],"wp:featuredmedia":[{"embeddable":true,"href":"https:\/\/e-adams.pl\/de\/wp-json\/wp\/v2\/media\/23043"}],"wp:attachment":[{"href":"https:\/\/e-adams.pl\/de\/wp-json\/wp\/v2\/media?parent=22858"}],"wp:term":[{"taxonomy":"product_cat","embeddable":true,"href":"https:\/\/e-adams.pl\/de\/wp-json\/wp\/v2\/product_cat?post=22858"},{"taxonomy":"product_tag","embeddable":true,"href":"https:\/\/e-adams.pl\/de\/wp-json\/wp\/v2\/product_tag?post=22858"}],"curies":[{"name":"wp","href":"https:\/\/api.w.org\/{rel}","templated":true}]}}