{"id":22859,"date":"2023-11-22T08:48:58","date_gmt":"2023-11-22T07:48:58","guid":{"rendered":"https:\/\/e-adams.pl\/produkt\/tikkurila-farba-tablicowa-baza-a-09l-liitu\/"},"modified":"2024-02-15T11:48:55","modified_gmt":"2024-02-15T10:48:55","slug":"farba-do-tablic-tikkurila-liitu-baza-a-09l","status":"publish","type":"product","link":"https:\/\/e-adams.pl\/de\/produkt\/farba-do-tablic-tikkurila-liitu-baza-a-09l\/","title":{"rendered":"Farba do tablic TIKKURILA LIITU BAZA A 0,9L"},"content":{"rendered":"<h3>OPIS:<\/h3>\n<p>Farba do tablic <a href=\"https:\/\/e-adams.pl\/tikkurila\/\">TIKKURILA<\/a> LIITU A pozwala uzyska\u0107 efekt powierzchni tablicowej na \u015bcianie, meblach czy nawet ma\u0142ych elementach wystroju wn\u0119trz &#8211; w tradycyjnym czarnym kolorze lub w dowolnie wybranym z palety ponad 13 tys. kolor\u00f3w z mieszalnika. Tablica zaaran\u017cowana w odpowiednim miejscu pomo\u017ce nam w codziennym funkcjonowaniu.<\/p>\n<p>Mo\u017ce pe\u0142ni\u0107 funkcj\u0119 notatnika lub miejsca na zostawienie wiadomo\u015bci dla pozosta\u0142ych domownik\u00f3w.<\/p>\n<p>Tablic\u0119 mo\u017cesz stworzy\u0107 r\u00f3wnie\u017c na meblach: stolik dla dzieci, menu na stole w jadalni lub w kuchni, szuflady z r\u00f3\u017cnymi opisami &#8211; jedynym ograniczeniem jest Twoja wyobra\u017ania.<\/p>\n<p>Farb\u0119 tablicow\u0105 mo\u017cna tak\u017ce z \u0142atwo\u015bci\u0105 u\u017cy\u0107 w r\u0119kodziele czy przy renowacji przedmiot\u00f3w. Zmie\u0144 swoje stare tace na tablicowy napis lub namaluj etykietki na butelkach.<\/p>\n<h3>DANE TECHNICZNE:<\/h3>\n<p>\u2022 Rodzaj: Farba akrylowa<br \/>\n\u2022 Zastosowanie: Wewn\u0119trzne<br \/>\n\u2022 Pojemno\u015b\u0107: 0,9L<br \/>\n\u2022 Struktura: Nie<br \/>\n\u2022 Liczba warstw: 1-2<br \/>\n\u2022 Czas schni\u0119cia: ok. 6h<br \/>\n\u2022 Wydajno\u015b\u0107: 14m2\/L<br \/>\n\u2022 Aplikacja: P\u0119dzel, Wa\u0142ek<\/p>\n<p>\u2022Kod EAN: 6408070069523<\/p>\n","protected":false},"excerpt":{"rendered":"<p>Farba do tablic TIKKURILA LIITU A pozwala uzyska\u0107 efekt powierzchni tablicowej na \u015bcianie, meblach czy nawet ma\u0142ych elementach wystroju wn\u0119trz &#8211; w tradycyjnym czarnym kolorze lub w dowolnie wybranym z palety ponad 13 tys. kolor\u00f3w z mieszalnika. Tablica zaaran\u017cowana w odpowiednim miejscu pomo\u017ce nam w codziennym funkcjonowaniu.<\/p>\n","protected":false},"featured_media":22942,"comment_status":"open","ping_status":"closed","template":"","meta":{"_acf_changed":false,"inline_featured_image":false},"product_cat":[2331],"product_tag":[2431,342],"class_list":{"0":"post-22859","1":"product","2":"type-product","3":"status-publish","4":"has-post-thumbnail","6":"product_cat-farby-kolorowe-mieszalnikowe","7":"product_tag-farba-do-tablic","8":"product_tag-tikkurila","10":"first","11":"instock","12":"shipping-taxable","13":"purchasable","14":"product-type-simple"},"acf":[],"_links":{"self":[{"href":"https:\/\/e-adams.pl\/de\/wp-json\/wp\/v2\/product\/22859","targetHints":{"allow":["GET"]}}],"collection":[{"href":"https:\/\/e-adams.pl\/de\/wp-json\/wp\/v2\/product"}],"about":[{"href":"https:\/\/e-adams.pl\/de\/wp-json\/wp\/v2\/types\/product"}],"replies":[{"embeddable":true,"href":"https:\/\/e-adams.pl\/de\/wp-json\/wp\/v2\/comments?post=22859"}],"wp:featuredmedia":[{"embeddable":true,"href":"https:\/\/e-adams.pl\/de\/wp-json\/wp\/v2\/media\/22942"}],"wp:attachment":[{"href":"https:\/\/e-adams.pl\/de\/wp-json\/wp\/v2\/media?parent=22859"}],"wp:term":[{"taxonomy":"product_cat","embeddable":true,"href":"https:\/\/e-adams.pl\/de\/wp-json\/wp\/v2\/product_cat?post=22859"},{"taxonomy":"product_tag","embeddable":true,"href":"https:\/\/e-adams.pl\/de\/wp-json\/wp\/v2\/product_tag?post=22859"}],"curies":[{"name":"wp","href":"https:\/\/api.w.org\/{rel}","templated":true}]}}