{"id":22864,"date":"2023-11-22T08:49:01","date_gmt":"2023-11-22T07:49:01","guid":{"rendered":"https:\/\/e-adams.pl\/produkt\/everal-aqua-40-c-09l-polmat-akrylowa\/"},"modified":"2024-07-15T11:31:10","modified_gmt":"2024-07-15T09:31:10","slug":"emalia-akrylowa-tikkurila-everal-aqua-40-c-09l","status":"publish","type":"product","link":"https:\/\/e-adams.pl\/de\/produkt\/emalia-akrylowa-tikkurila-everal-aqua-40-c-09l\/","title":{"rendered":"Emalia akrylowa TIKKURILA EVERAL AQUA 40 C 0,9L"},"content":{"rendered":"<h3>OPIS:<\/h3>\n<p>Emalia akrylowa <a href=\"https:\/\/e-adams.pl\/tikkurila\/\">TIKKURILLA<\/a> EVERAL AQUA 40 C to najnowszej generacji, uniwersalna, wodorozcie\u0144czalna, p\u00f3\u0142matowa emalia akrylowa, o wysokiej trwa\u0142o\u015bci. Produkt przeznaczony do malowania wewn\u0119trznych i zewn\u0119trznych powierzchni drewnianych, p\u0142yt wi\u00f3rowych i uprzednio zagruntowanych pod\u0142o\u017cy metalowych, jak r\u00f3wnie\u017c do powierzchni: stalowych, stali ocynkowanej, kwasoodpornej, aluminium, miedzi, plastikowych, szklanych, glazury &#8211; po uprzednim przygotowaniu pod\u0142o\u017ca.<\/p>\n<p>Emalia mo\u017ce by\u0107 r\u00f3wnie\u017c stosowana do malowania wewn\u0119trznych powierzchni mineralnych oraz do renowacyjnego malowania pod\u0142o\u017cy pokrytych wcze\u015bniej farbami alkidowymi lub chemoutwardzalnymi.<\/p>\n<p>Dzi\u0119ki nowoczesnej technologii, pomalowana powierzchnia jest odporna na uszkodzenia mechaniczne, nie \u017c\u00f3\u0142knie z up\u0142ywem czasu oraz zabezpiecza przed dzia\u0142aniem czynnik\u00f3w atmosferycznych.<\/p>\n<p>Tikkurila Everal AquaSemi Matt 40 nie emituje przykrego zapachu podczas aplikacji.\u00a0 Dodatkowo farba posiada rekomendacj\u0119 Polskiego Towarzystwa Alergologicznego co oznacza, \u017ce produkt jest w pe\u0142ni bezpieczny dla os\u00f3b szczeg\u00f3lnie wra\u017cliwych i ze sk\u0142onno\u015bciami do alergii.<\/p>\n<h3 class=\"type-title type-subhead3\">SPECYFIKACJA:<\/h3>\n<div class=\"expand-arrow rotated\"><\/div>\n<div id=\"technicalInformation\" class=\"collapse show\" data-target=\"#technicalInformation\">\n<div class=\"customCard\">\u2022 WYDAJNO\u015a\u0106: Do 14 m\u00b2\/l przy jednokrotnej aplikacji. Rzeczywista wydajno\u015b\u0107 uzale\u017cniona jest od wielu czynnik\u00f3w, takich jak faktura pod\u0142o\u017ca, porowato\u015b\u0107 i zawarto\u015b\u0107 wilgoci w pod\u0142o\u017cu.<br \/>\n\u2022 ROZCIE\u0143CZALNIK: Wodorozcie\u0144czalny<br \/>\n\u2022 METODY APLIKACJI: natrysk, p\u0119dzel, wa\u0142ek<br \/>\n\u2022 WARUNKI PRZECHOWYWANIA: Przechowywa\u0107 i transportowa\u0107 w szczelnie zamkni\u0119tych opakowaniach w temp. od +5\u00b0C do +25\u00b0C. Sk\u0142adowa\u0107 w pomieszczeniach suchych i przewiewnych. Chroni\u0107 przed mrozem. Produkt nie jest klasyfikowany jako towar niebezpieczny w rozumieniu przepis\u00f3w transportowych (ADR\/RID).<\/div>\n<div><\/div>\n<div>\u2022 Kod EAN: 6408070075548<\/div>\n<\/div>\n","protected":false},"excerpt":{"rendered":"<p>Emalia akrylowa TIKKURILA EVERAL AQUA 40 C to najnowszej generacji, uniwersalna, wodorozcie\u0144czalna, p\u00f3\u0142matowa emalia akrylowa, o wysokiej trwa\u0142o\u015bci. Produkt przeznaczony do malowania wewn\u0119trznych i zewn\u0119trznych powierzchni drewnianych, p\u0142yt wi\u00f3rowych i uprzednio zagruntowanych pod\u0142o\u017cy metalowych, jak r\u00f3wnie\u017c do powierzchni: stalowych, stali ocynkowanej, kwasoodpornej, aluminium, miedzi, plastikowych, szklanych, glazury &#8211; po uprzednim przygotowaniu pod\u0142o\u017ca.<\/p>\n","protected":false},"featured_media":22929,"comment_status":"open","ping_status":"closed","template":"","meta":{"_acf_changed":false,"inline_featured_image":false},"product_cat":[2331],"product_tag":[2428,342],"class_list":{"0":"post-22864","1":"product","2":"type-product","3":"status-publish","4":"has-post-thumbnail","6":"product_cat-farby-kolorowe-mieszalnikowe","7":"product_tag-emalia-akrylowa","8":"product_tag-tikkurila","10":"first","11":"instock","12":"shipping-taxable","13":"purchasable","14":"product-type-simple"},"acf":[],"_links":{"self":[{"href":"https:\/\/e-adams.pl\/de\/wp-json\/wp\/v2\/product\/22864","targetHints":{"allow":["GET"]}}],"collection":[{"href":"https:\/\/e-adams.pl\/de\/wp-json\/wp\/v2\/product"}],"about":[{"href":"https:\/\/e-adams.pl\/de\/wp-json\/wp\/v2\/types\/product"}],"replies":[{"embeddable":true,"href":"https:\/\/e-adams.pl\/de\/wp-json\/wp\/v2\/comments?post=22864"}],"wp:featuredmedia":[{"embeddable":true,"href":"https:\/\/e-adams.pl\/de\/wp-json\/wp\/v2\/media\/22929"}],"wp:attachment":[{"href":"https:\/\/e-adams.pl\/de\/wp-json\/wp\/v2\/media?parent=22864"}],"wp:term":[{"taxonomy":"product_cat","embeddable":true,"href":"https:\/\/e-adams.pl\/de\/wp-json\/wp\/v2\/product_cat?post=22864"},{"taxonomy":"product_tag","embeddable":true,"href":"https:\/\/e-adams.pl\/de\/wp-json\/wp\/v2\/product_tag?post=22864"}],"curies":[{"name":"wp","href":"https:\/\/api.w.org\/{rel}","templated":true}]}}