{"id":22866,"date":"2023-11-22T08:49:03","date_gmt":"2023-11-22T07:49:03","guid":{"rendered":"https:\/\/e-adams.pl\/produkt\/valtti-opaque-9l-baza-c-farba-akrylowa\/"},"modified":"2025-06-23T12:52:43","modified_gmt":"2025-06-23T10:52:43","slug":"farba-do-drewna-tikkurila-valtti-opaque-c-9l","status":"publish","type":"product","link":"https:\/\/e-adams.pl\/de\/produkt\/farba-do-drewna-tikkurila-valtti-opaque-c-9l\/","title":{"rendered":"Farba do drewna TIKKURILA VALTTI OPAQUE C 9L"},"content":{"rendered":"<h3>OPIS:<\/h3>\n<p>Farba do drewna <a href=\"https:\/\/e-adams.pl\/tikkurila\/\">TIKKURILLA<\/a> VALTTI OPAQUE C ma za cel ochron\u0119 i podkre\u015blaj\u0105ca rysunek drewna. Przeznaczona do malowania nowych powierzchni drewnianych oraz powierzchni uprzednio pomalowanych Tikkurila Valtti Opaque lub transparentnymi bejcami. Zalecana r\u00f3wnie\u017c do malowania drewna fabrycznie zagruntowanego.<\/p>\n<h2>PRZYK\u0141ADY ZASTOSOWANIA:<\/h2>\n<p>Zewn\u0119trzne \u015bciany drewniane, ok\u0142adziny drewniane, ogrodzenia itp. Tikkurila Valtti Opaque mo\u017ce by\u0107 stosowana na powierzchniach nowych i uprzednio malowanych kryj\u0105cymi oraz p\u00f3\u0142przezroczystymi produktami nawierzchniowymi do drewna. Nadaje si\u0119 do powierzchni g\u0142adkich, tarcicy oraz drewna impregnowanego metodami przemys\u0142owymi. Nie nadaje si\u0119 do pod\u0142\u00f3g.<\/p>\n<h3>DANE TECHNICZNE:<\/h3>\n<p><b>WYDAJNO\u015a\u0106: <\/b>8-10 m\u00b2\/l na warstw\u0119 dla szlifowanego, g\u0142adkiego drewna; 4-6 m\u00b2\/l na warstw\u0119 dla tarcicy. Grubo\u015b\u0107 mokrej pow\u0142oki wynosi ok. 100-250 \u00b5m na warstw\u0119, grubo\u015b\u0107 suchej pow\u0142oki ok. 40-100\u00b5m na warstw\u0119. Rzeczywista wydajno\u015b\u0107 uzale\u017cniona jest od wielu czynnik\u00f3w, m.in. od faktury malowanej powierzchni, porowato\u015bci oraz zawarto\u015bci wilgoci w pod\u0142o\u017cu.<br \/>\n<b>ROZCIE\u0143CZALNIK: <\/b>Wodorozcie\u0144czalny<br \/>\n<b>METODY APLIKACJI: <\/b>natrysk, p\u0119dzel<\/p>\n<p>\u2022 Kod EAN: 6408070039038<\/p>\n","protected":false},"excerpt":{"rendered":"<p>Farba do drewna TIKKURILA VALTTI OPAQUE C ma za cel ochron\u0119 i podkre\u015blaj\u0105ca rysunek drewna. Przeznaczona do malowania nowych powierzchni drewnianych oraz powierzchni uprzednio pomalowanych Tikkurila Valtti Opaque lub transparentnymi bejcami. Zalecana r\u00f3wnie\u017c do malowania drewna fabrycznie zagruntowanego.<\/p>\n","protected":false},"featured_media":22990,"comment_status":"open","ping_status":"closed","template":"","meta":{"_acf_changed":false,"inline_featured_image":false},"product_cat":[2684],"product_tag":[2443,342,2434],"class_list":{"0":"post-22866","1":"product","2":"type-product","3":"status-publish","4":"has-post-thumbnail","6":"product_cat-farby-do-drewna","7":"product_tag-farba-do-drewna","8":"product_tag-tikkurila","9":"product_tag-valtti","11":"first","12":"instock","13":"shipping-taxable","14":"product-type-simple"},"acf":[],"_links":{"self":[{"href":"https:\/\/e-adams.pl\/de\/wp-json\/wp\/v2\/product\/22866","targetHints":{"allow":["GET"]}}],"collection":[{"href":"https:\/\/e-adams.pl\/de\/wp-json\/wp\/v2\/product"}],"about":[{"href":"https:\/\/e-adams.pl\/de\/wp-json\/wp\/v2\/types\/product"}],"replies":[{"embeddable":true,"href":"https:\/\/e-adams.pl\/de\/wp-json\/wp\/v2\/comments?post=22866"}],"wp:featuredmedia":[{"embeddable":true,"href":"https:\/\/e-adams.pl\/de\/wp-json\/wp\/v2\/media\/22990"}],"wp:attachment":[{"href":"https:\/\/e-adams.pl\/de\/wp-json\/wp\/v2\/media?parent=22866"}],"wp:term":[{"taxonomy":"product_cat","embeddable":true,"href":"https:\/\/e-adams.pl\/de\/wp-json\/wp\/v2\/product_cat?post=22866"},{"taxonomy":"product_tag","embeddable":true,"href":"https:\/\/e-adams.pl\/de\/wp-json\/wp\/v2\/product_tag?post=22866"}],"curies":[{"name":"wp","href":"https:\/\/api.w.org\/{rel}","templated":true}]}}