{"id":22873,"date":"2023-11-22T08:49:08","date_gmt":"2023-11-22T07:49:08","guid":{"rendered":"https:\/\/e-adams.pl\/produkt\/taika-srebrna-0225-perl-paint-hm\/"},"modified":"2024-02-15T11:48:55","modified_gmt":"2024-02-15T10:48:55","slug":"farba-dekoracyjna-tikkurila-taika-paint-0225l-srebrna","status":"publish","type":"product","link":"https:\/\/e-adams.pl\/de\/produkt\/farba-dekoracyjna-tikkurila-taika-paint-0225l-srebrna\/","title":{"rendered":"Farba dekoracyjna TIKKURILA TAIKA PAINT 0,225l srebrna"},"content":{"rendered":"<h3>OPIS:<\/h3>\n<p>Farba dekoracyjna <a href=\"https:\/\/e-adams.pl\/tikkurila\/\">TIKKURILA<\/a> TAIKA PAINT tworzy srebrzyste powierzchnie o metalicznym, per\u0142owym wygl\u0105dzie. Farba nadaje si\u0119 zar\u00f3wno do \u015bcian, jak i mebli oraz innych element\u00f3w wyposa\u017cenia wn\u0119trz, kt\u00f3re chcesz podkre\u015bli\u0107. Metaliczny stopie\u0144 po\u0142ysku w r\u00f3\u017cnych odcieniach przemienia nawet najzwyklejsze przedmioty i nadaje meblom magiczny nastr\u00f3j.<\/p>\n<p>Farba jest dost\u0119pna w kolorze srebrnym i z\u0142otym, co u\u0142atwia stworzenie srebrzystego lub z\u0142otego, per\u0142owego wyko\u0144czenia \u015bcian, mebli lub detali we wn\u0119trzach.<\/p>\n<p>Dowiedz si\u0119 o r\u00f3\u017cnych metodach aplikacji i po\u0142\u0105cz na przyk\u0142ad per\u0142owe i matowe powierzchnie, aby uzyska\u0107 ekscytuj\u0105cy efekt finalny.<\/p>\n<p>Tworzenie wzor\u00f3w za pomoc\u0105 krzy\u017cowych poci\u0105gni\u0119\u0107 za pomoc\u0105 p\u0119dzla lub wa\u0142ka powoduje, \u017ce pigmenty zawarte w farbie migocz\u0105 zgodnie z kierunkiem \u015bwiat\u0142a.<\/p>\n<p>&nbsp;<\/p>\n<h3>DANE TECHNICZNE:<\/h3>\n<p>\u2022 Zastosowanie: Wewn\u0119trzne<br \/>\n\u2022 Pojemno\u015b\u0107: 0,225 L<br \/>\n\u2022 Kolorystyka: Bezbarwny<br \/>\n\u2022 Zalecana liczba warstw: 1-2<br \/>\n\u2022 Czas schni\u0119cia: 1 godzina<br \/>\n\u2022 Wydajno\u015b\u0107: 6-8 m2\/L<br \/>\n\u2022 Spos\u00f3b aplikacji: p\u0119dzel \/ wa\u0142ek \/ natrysk<br \/>\n\u2022 Wyko\u0144czenie: Per\u0142owe<br \/>\n\u2022 Kod EAN: 6408070042915<\/p>\n","protected":false},"excerpt":{"rendered":"<p>Farba dekoracyjna TIKKURILA TAIKA PAINT tworzy srebrzyste powierzchnie o metalicznym, per\u0142owym wygl\u0105dzie. Farba nadaje si\u0119 zar\u00f3wno do \u015bcian, jak i mebli oraz innych element\u00f3w wyposa\u017cenia wn\u0119trz, kt\u00f3re chcesz podkre\u015bli\u0107. Metaliczny stopie\u0144 po\u0142ysku w r\u00f3\u017cnych odcieniach przemienia nawet najzwyklejsze przedmioty i nadaje meblom magiczny nastr\u00f3j.<\/p>\n","protected":false},"featured_media":23006,"comment_status":"open","ping_status":"closed","template":"","meta":{"_acf_changed":false,"inline_featured_image":false},"product_cat":[2686],"product_tag":[2448,2449,342],"class_list":{"0":"post-22873","1":"product","2":"type-product","3":"status-publish","4":"has-post-thumbnail","6":"product_cat-farby-z-efektem-specjalnym","7":"product_tag-farba-dekoracyjna","8":"product_tag-taika-paint","9":"product_tag-tikkurila","11":"first","12":"instock","13":"shipping-taxable","14":"purchasable","15":"product-type-simple"},"acf":[],"_links":{"self":[{"href":"https:\/\/e-adams.pl\/de\/wp-json\/wp\/v2\/product\/22873","targetHints":{"allow":["GET"]}}],"collection":[{"href":"https:\/\/e-adams.pl\/de\/wp-json\/wp\/v2\/product"}],"about":[{"href":"https:\/\/e-adams.pl\/de\/wp-json\/wp\/v2\/types\/product"}],"replies":[{"embeddable":true,"href":"https:\/\/e-adams.pl\/de\/wp-json\/wp\/v2\/comments?post=22873"}],"wp:featuredmedia":[{"embeddable":true,"href":"https:\/\/e-adams.pl\/de\/wp-json\/wp\/v2\/media\/23006"}],"wp:attachment":[{"href":"https:\/\/e-adams.pl\/de\/wp-json\/wp\/v2\/media?parent=22873"}],"wp:term":[{"taxonomy":"product_cat","embeddable":true,"href":"https:\/\/e-adams.pl\/de\/wp-json\/wp\/v2\/product_cat?post=22873"},{"taxonomy":"product_tag","embeddable":true,"href":"https:\/\/e-adams.pl\/de\/wp-json\/wp\/v2\/product_tag?post=22873"}],"curies":[{"name":"wp","href":"https:\/\/api.w.org\/{rel}","templated":true}]}}