{"id":22876,"date":"2023-11-22T08:49:10","date_gmt":"2023-11-22T07:49:10","guid":{"rendered":"https:\/\/e-adams.pl\/produkt\/betolux-27l-baza-a\/"},"modified":"2024-02-15T11:48:55","modified_gmt":"2024-02-15T10:48:55","slug":"farba-do-podlog-tikkurilla-betolux-a-27l","status":"publish","type":"product","link":"https:\/\/e-adams.pl\/de\/produkt\/farba-do-podlog-tikkurilla-betolux-a-27l\/","title":{"rendered":"Farba do pod\u0142\u00f3g TIKKURILLA BETOLUX A 2,7L"},"content":{"rendered":"<h3>OPIS:<\/h3>\n<p>Farba do pod\u0142\u00f3g <a href=\"https:\/\/e-adams.pl\/tikkurila\/\">TIKKURILLA<\/a> BETOLUX A jest przeznaczona do malowania betonowych i drewnianych pod\u0142\u00f3g oraz schod\u00f3w w pomieszczeniach mieszkalnych, handlowych i magazynowych nara\u017conych w niewielkim stopniu na mechaniczn\u0105 i chemiczn\u0105 eksploatacj\u0119.. Mo\u017ce by\u0107 stosowana na pod\u0142o\u017cach uprzednio malowanych farbami alkidowymi oraz lakierami i farbami epoksydowymi.<\/p>\n<p>Dzi\u0119ki swojej unikalnej formule uretanowo-alkidowej, farba Betolux\u00a0tworzy trwa\u0142\u0105 pow\u0142ok\u0119 o wysokim poziomie odporno\u015bci na \u015bcieranie i dzia\u0142anie substancji chemicznych. To oznacza, \u017ce malowane powierzchnie b\u0119d\u0105 d\u0142ugo zachowywa\u0107 sw\u00f3j pi\u0119kny wygl\u0105d, nawet w miejscach o wi\u0119kszym nat\u0119\u017ceniu u\u017cytkowania.<\/p>\n<h3>DANE TECHNICZNE:<\/h3>\n<p>\u2022 Stopie\u0144 po\u0142ysku: po\u0142ysk<br \/>\n\u2022 Wydajno\u015b\u0107: Powierzchnie betonowe: 7-9 m\u00b2\/l. Powierzchnie drewniane i metalowe: 9-11 m\u00b2\/l. Rzeczywista wydajno\u015b\u0107 uzale\u017cniona jest od wielu czynnik\u00f3w, m.in. od faktury i porowato\u015bci pod\u0142o\u017ca, zawarto\u015bci wilgoci w pod\u0142o\u017cu oraz od metody aplikacji.<br \/>\n\u2022 Rozcie\u0144czalnik: Tikkurila Everal Thinner 1050 do 25%.<br \/>\n\u2022 Metody aplikacji P\u0119dzel, wa\u0142ek lub natrysk.<br \/>\n\u2022 Czas schni\u0119cia: Py\u0142osucho\u015b\u0107 po up\u0142ywie ok. 3-4 godzin. Ponowne malowanie po up\u0142ywnie ok. 24 godzin. Powierzchnia jest gotowa do u\u017cytkowania po up\u0142ywie ok. 1 tygodnia. Produkt wysycha ca\u0142kowicie i osi\u0105ga ca\u0142kowit\u0105 trwa\u0142o\u015b\u0107 po ok. 1 miesi\u0105cu.<br \/>\n\u2022 G\u0119sto\u015b\u0107 (kg\/l): oko\u0142o 1,0 \u20131,2, ISO 2811<br \/>\n\u2022 Kod EAN: 6408070005514<\/p>\n","protected":false},"excerpt":{"rendered":"<p>Farba do pod\u0142\u00f3g TIKKURILA BETOLUX A jest przeznaczona do malowania betonowych i drewnianych pod\u0142\u00f3g oraz schod\u00f3w w pomieszczeniach mieszkalnych, handlowych i magazynowych nara\u017conych w niewielkim stopniu na mechaniczn\u0105 i chemiczn\u0105 eksploatacj\u0119.. Mo\u017ce by\u0107 stosowana na pod\u0142o\u017cach uprzednio malowanych farbami alkidowymi oraz lakierami i farbami epoksydowymi.<\/p>\n","protected":false},"featured_media":22978,"comment_status":"open","ping_status":"closed","template":"","meta":{"_acf_changed":false,"inline_featured_image":false},"product_cat":[2685],"product_tag":[2436,2440,342],"class_list":{"0":"post-22876","1":"product","2":"type-product","3":"status-publish","4":"has-post-thumbnail","6":"product_cat-farby-do-podlog-i-schodow","7":"product_tag-betolux","8":"product_tag-farba-do-podlog","9":"product_tag-tikkurila","11":"first","12":"instock","13":"shipping-taxable","14":"purchasable","15":"product-type-simple"},"acf":[],"_links":{"self":[{"href":"https:\/\/e-adams.pl\/de\/wp-json\/wp\/v2\/product\/22876","targetHints":{"allow":["GET"]}}],"collection":[{"href":"https:\/\/e-adams.pl\/de\/wp-json\/wp\/v2\/product"}],"about":[{"href":"https:\/\/e-adams.pl\/de\/wp-json\/wp\/v2\/types\/product"}],"replies":[{"embeddable":true,"href":"https:\/\/e-adams.pl\/de\/wp-json\/wp\/v2\/comments?post=22876"}],"wp:featuredmedia":[{"embeddable":true,"href":"https:\/\/e-adams.pl\/de\/wp-json\/wp\/v2\/media\/22978"}],"wp:attachment":[{"href":"https:\/\/e-adams.pl\/de\/wp-json\/wp\/v2\/media?parent=22876"}],"wp:term":[{"taxonomy":"product_cat","embeddable":true,"href":"https:\/\/e-adams.pl\/de\/wp-json\/wp\/v2\/product_cat?post=22876"},{"taxonomy":"product_tag","embeddable":true,"href":"https:\/\/e-adams.pl\/de\/wp-json\/wp\/v2\/product_tag?post=22876"}],"curies":[{"name":"wp","href":"https:\/\/api.w.org\/{rel}","templated":true}]}}