{"id":22880,"date":"2023-11-22T08:49:13","date_gmt":"2023-11-22T07:49:13","guid":{"rendered":"https:\/\/e-adams.pl\/produkt\/everal-aqua-10-c-09l-matt-akrylowa\/"},"modified":"2024-07-15T11:31:11","modified_gmt":"2024-07-15T09:31:11","slug":"emalia-akrylowa-tikkurila-everal-aqua-10-c-09l-matowa","status":"publish","type":"product","link":"https:\/\/e-adams.pl\/de\/produkt\/emalia-akrylowa-tikkurila-everal-aqua-10-c-09l-matowa\/","title":{"rendered":"Emalia akrylowa TIKKURILA EVERAL AQUA 10 C 0,9L matowa"},"content":{"rendered":"<h3>OPIS:<\/h3>\n<p>Emalia akrylowa <a href=\"https:\/\/e-adams.pl\/tikkurila\/\">TIKKURILA<\/a> EVERAL AQUA 10 C jest przeznaczona do stosowania wewn\u0105trz i na zewn\u0105trz pomieszcze\u0144 co wi\u0119cej jest szybkoschn\u0105c\u0105 i uniwersalna farba do Drewna i metalu. Emalia mo\u017ce by\u0107 r\u00f3wnie\u017c stosowana do renowacyjnego malowania pod\u0142o\u017cy pokrytych wcze\u015bniej farbami alkidowymi lub chemoutwardzalnymi.<\/p>\n<p><strong>Przyk\u0142ady zastosowania:<br \/>\n<\/strong>Malowanie mebli, drzwi, okien, mebli ogrodowych, listew przypod\u0142ogowych, kaloryfer\u00f3w itp. Niepolecana do malowania dach\u00f3w oraz fasad metalowych.<\/p>\n<h4>WYSOKA ODPORNO\u015a\u0106 POMALOWANEJ POWIERZCHNI NA:<\/h4>\n<ul>\n<li>Zmienne warunki atmosferyczne oraz UV<\/li>\n<li>Uszkodzenia mechaniczne<\/li>\n<li>Podwy\u017cszon\u0105 temperatur\u0119 \u2013 emalia polecana m.in. do kaloryfer\u00f3w<\/li>\n<li>Na zmywanie, detergenty, zarysowania<\/li>\n<\/ul>\n<h3>DANE TECHNICZNE:<\/h3>\n<p>\u2022 Stopie\u0144 po\u0142ysku:\u00a0Mat<br \/>\n\u2022 Wydajno\u015b\u0107:\u00a0Do 14 m2\/l przy jednokrotnej aplikacji. Rzeczywista wydajno\u015b\u0107 uzale\u017cniona jest od wielu czynnik\u00f3w, takich jak: faktura pod\u0142o\u017ca, porowato\u015b\u0107 i zawarto\u015b\u0107 wilgoci w pod\u0142o\u017cu.<br \/>\n\u2022 Wielko\u015b\u0107 opakowa\u0144:\u00a00,45l; 0,9l; 2,7l; 9l<br \/>\n\u2022 Nak\u0142adanie: P\u0119dzel, wa\u0142ek, natrysk<br \/>\n\u2022 Kod EAN: 6408070075364<\/p>\n","protected":false},"excerpt":{"rendered":"<p>Emalia akrylowa <a href=\"https:\/\/e-adams.pl\/tikkurila\/\">TIKKURILA<\/a> EVERAL AQUA 10 C jest przeznaczona do stosowania wewn\u0105trz i na zewn\u0105trz pomieszcze\u0144 co wi\u0119cej jest szybkoschn\u0105c\u0105 i uniwersalna farba do Drewna i metalu. Emalia mo\u017ce by\u0107 r\u00f3wnie\u017c stosowana do renowacyjnego malowania pod\u0142o\u017cy pokrytych wcze\u015bniej farbami alkidowymi lub chemoutwardzalnymi.<\/p>\n","protected":false},"featured_media":23010,"comment_status":"open","ping_status":"closed","template":"","meta":{"_acf_changed":false,"inline_featured_image":false},"product_cat":[2331],"product_tag":[2428,2450,342],"class_list":{"0":"post-22880","1":"product","2":"type-product","3":"status-publish","4":"has-post-thumbnail","6":"product_cat-farby-kolorowe-mieszalnikowe","7":"product_tag-emalia-akrylowa","8":"product_tag-everal-aqua","9":"product_tag-tikkurila","11":"first","12":"instock","13":"shipping-taxable","14":"purchasable","15":"product-type-simple"},"acf":[],"_links":{"self":[{"href":"https:\/\/e-adams.pl\/de\/wp-json\/wp\/v2\/product\/22880","targetHints":{"allow":["GET"]}}],"collection":[{"href":"https:\/\/e-adams.pl\/de\/wp-json\/wp\/v2\/product"}],"about":[{"href":"https:\/\/e-adams.pl\/de\/wp-json\/wp\/v2\/types\/product"}],"replies":[{"embeddable":true,"href":"https:\/\/e-adams.pl\/de\/wp-json\/wp\/v2\/comments?post=22880"}],"wp:featuredmedia":[{"embeddable":true,"href":"https:\/\/e-adams.pl\/de\/wp-json\/wp\/v2\/media\/23010"}],"wp:attachment":[{"href":"https:\/\/e-adams.pl\/de\/wp-json\/wp\/v2\/media?parent=22880"}],"wp:term":[{"taxonomy":"product_cat","embeddable":true,"href":"https:\/\/e-adams.pl\/de\/wp-json\/wp\/v2\/product_cat?post=22880"},{"taxonomy":"product_tag","embeddable":true,"href":"https:\/\/e-adams.pl\/de\/wp-json\/wp\/v2\/product_tag?post=22880"}],"curies":[{"name":"wp","href":"https:\/\/api.w.org\/{rel}","templated":true}]}}