{"id":22884,"date":"2023-11-22T08:49:16","date_gmt":"2023-11-22T07:49:16","guid":{"rendered":"https:\/\/e-adams.pl\/produkt\/everal-aqua-80-c-27l-polysk-akrylowa\/"},"modified":"2024-02-15T11:48:56","modified_gmt":"2024-02-15T10:48:56","slug":"emalia-akrylowa-tikkurila-everal-aqua-80-c-27l-polysk","status":"publish","type":"product","link":"https:\/\/e-adams.pl\/de\/produkt\/emalia-akrylowa-tikkurila-everal-aqua-80-c-27l-polysk\/","title":{"rendered":"Emalia akrylowa TIKKURILA EVERAL AQUA 80 C 2,7L po\u0142ysk"},"content":{"rendered":"<h3>OPIS:<\/h3>\n<p>Emalia akrylowa <a href=\"https:\/\/e-adams.pl\/tikkurila\/\">TIKKURILA<\/a> EVERAL AQUA 80 C to tworz\u0105ca pow\u0142ok\u0119 z po\u0142yskiem wodorozcie\u0144czalna farba, o wysokiej trwa\u0142o\u015bci. Dzi\u0119ki nowoczesnej technologii, pomalowana powierzchnia jest odporna na uszkodzenia mechaniczne, nie \u017c\u00f3\u0142knie z up\u0142ywem czasu oraz zabezpiecza przed dzia\u0142aniem czynnik\u00f3w atmosferycznych.<\/p>\n<p>Produkt przeznaczony do malowania wewn\u0119trznych i zewn\u0119trznych powierzchni drewnianych, p\u0142yt wi\u00f3rowych i uprzednio zagruntowanych pod\u0142o\u017cy metalowych, jak r\u00f3wnie\u017c do powierzchni: stalowych, stali ocynkowanej, kwasoodpornej, aluminium, miedzi, plastikowych, szklanych, glazury &#8211; po uprzednim przygotowaniu pod\u0142o\u017ca.<\/p>\n<p>Emalia mo\u017ce by\u0107 r\u00f3wnie\u017c stosowana do malowania wewn\u0119trznych powierzchni mineralnych oraz do renowacyjnego malowania pod\u0142o\u017cy pokrytych wcze\u015bniej farbami alkidowymi lub chemoutwardzalnymi.<\/p>\n<p>Powierzchnie drewniane &#8211; nowe, wewn\u0119trzne powierzchnie drewniane lub drewnopochodne zaleca si\u0119 zagruntowa\u0107 za pomoc\u0105 Tikkurila Everal Aqua Primer. Powierzchnie drewniane posiadaj\u0105ce s\u0119ki oraz tendencje do \u017c\u00f3\u0142kni\u0119cia wynikaj\u0105ce z wycieku \u017cywicy oraz innych substancji powoduj\u0105cych przebarwienia, nale\u017cy zabezpieczy\u0107 gruntem Tikkurila Multistop zgodnie z instrukcj\u0105 stosowania, a nast\u0119pnie na\u0142o\u017cy\u0107 emali\u0119 nawierzchniow\u0105. Zewn\u0119trzne powierzchnie drewniane nale\u017cy zagruntowa\u0107 za pomoc\u0105 Tikkurila Valtti Guard lub Tikkurila Valtti Guard Plus.<\/p>\n<p>Powierzchnie metalowe: u\u017cytkowane na zewn\u0105trz i wewn\u0105trz pomieszcze\u0144 zagruntowa\u0107 za pomoc\u0105 Tikkurila Rostex Super Akva. Emalia mo\u017ce by\u0107 stosowana bez gruntu na powierzchniach metalowych w suchych pomieszczeniach, kt\u00f3re nie wymagaj\u0105 zabezpieczenia antykorozyjnego. Niemniej jednak stosowanie gruntu poprawia przyczepno\u015b\u0107 oraz efekt wizualny warstwy nawierzchniowej.<\/p>\n<p>Wewn\u0119trzne powierzchnie mineralne: Pod\u0142o\u017ce przeznaczone do malowania musi by\u0107 czyste, suche i odt\u0142uszczone, oczyszczone z py\u0142u\u00a0i lu\u017ano zwi\u0105zanych element\u00f3w. Powierzchni\u0119 zagruntowa\u0107 Tikkurila Optiva Primer, a nast\u0119pnie na\u0142o\u017cy\u0107 2 warstwy produktu nawierzchniowego.<\/p>\n<p>Pozosta\u0142e: wewn\u0119trzne pod\u0142o\u017ca z aluminium, miedzi, drewnopochodne, plastikowe, szklane oraz glazur\u0119 nale\u017cy zszorstkowa\u0107, a nast\u0119pnie zagruntowa\u0107 Tikkurila Otex Akva przed na\u0142o\u017ceniem emalii nawierzchniowej.<\/p>\n<h3>DANE TECHNICZNE:<\/h3>\n<div class=\"row-fluid\">\n<div class=\"span4 title\">\u2022 Wydajno\u015b\u0107: Do 14 m2\/l przy jednokrotnej aplikacji. Rzeczywista wydajno\u015b\u0107 uzale\u017cniona jest od wielu czynnik\u00f3w, takich jak: faktura pod\u0142o\u017ca, porowato\u015b\u0107 i zawarto\u015b\u0107 wilgoci w pod\u0142o\u017cu.<\/div>\n<\/div>\n<div class=\"row-fluid\">\n<div class=\"span4 title\">\u2022 Wielko\u015b\u0107 opakowa\u0144: 0,9l; 2,7l; 9l<\/div>\n<\/div>\n<div class=\"row-fluid\">\n<div class=\"span4 title\">\u2022 Nak\u0142adanie: P\u0119dzel, wa\u0142ek, natrysk<br \/>\n\u2022 Czasy schni\u0119cia: W temperaturze +23\u00b0C, przy wilgotno\u015bci wzgl\u0119dnej powietrza 50% py\u0142osucho\u015b\u0107 po 1 godzinie, nak\u0142adanie kolejnej warstwy po min. 4 godzinach. Ca\u0142kowite utwardzenie pow\u0142oki nast\u0119puje po 2-3 dniach.Warunki natrysku pneumatycznego:<br \/>\n&#8211; ci\u015bnienie 3-4 bar<br \/>\n&#8211; dysza 1.4-1.8 mm<br \/>\n&#8211; rozcie\u0144czenie 20-40% obj.<\/p>\n<p>Warunki natrysku hydrodynamicznego:<br \/>\n&#8211; ci\u015bnienie 140-160 bar<br \/>\n&#8211; dysza 0,009\u201d-0,013\u201d<br \/>\n&#8211; rozcie\u0144czenie: 0-5% obj.<\/p>\n<p>Warunki natrysku hydrodynamicznego z os\u0142on\u0105 powietrza:<br \/>\n&#8211; ci\u015bnienie 80-120 bar<br \/>\n&#8211; dysza 0.009\u2019\u2019 &#8211; 0.011\u2019\u2019<br \/>\n&#8211; rozcie\u0144czenie 0-5% obj.<br \/>\n&#8211; atomizacja ci\u015bnienia powietrza 1-2 bar<\/p>\n<\/div>\n<\/div>\n<div class=\"row-fluid\">\n<div class=\"span8\">Odporno\u015b\u0107 na warunki atmosferyczne: Bardzo dobra.<\/div>\n<\/div>\n<div class=\"row-fluid\">\n<div class=\"span4 title\">Odporno\u015b\u0107 na wysokie temperatury: Maks. +100\u00b0C, w wy\u017cszych temperaturach pow\u0142oka posiada tendencj\u0119 do \u017c\u00f3\u0142kni\u0119cia, PN-EN ISO 3248:2001.<\/div>\n<\/div>\n<div class=\"row-fluid\">\n<div class=\"span4 title\">Odporno\u015b\u0107 na \u015brodki dezynfekuj\u0105ce: Bardzo dobra, PN-EN ISO 2812-3:2012.<\/div>\n<\/div>\n<div class=\"row-fluid\">\n<div class=\"span4 title\">Zawarto\u015b\u0107 cz\u0119\u015bci sta\u0142ych<\/div>\n<div class=\"span8\">Baza A ok. 36% obj.<br \/>\nBaza C ok. 34% obj.<\/div>\n<\/div>\n<div class=\"row-fluid\">\n<div class=\"span4 title\">G\u0119sto\u015b\u0107<\/div>\n<div class=\"span8\">\n<p>Baza A ok. 1,2 kg\/l. Baza C ok. 1,05 kg\/l<\/p>\n<p>\u2022 Kod EAN: 6408070075517<\/p>\n<\/div>\n<\/div>\n","protected":false},"excerpt":{"rendered":"<p>Emalia akrylowa <a href=\"https:\/\/e-adams.pl\/tikkurila\/\">TIKKURILA<\/a> EVERAL AQUA 80 C to tworz\u0105ca pow\u0142ok\u0119 z po\u0142yskiem wodorozcie\u0144czalna farba, o wysokiej trwa\u0142o\u015bci. Dzi\u0119ki nowoczesnej technologii, pomalowana powierzchnia jest odporna na uszkodzenia mechaniczne, nie \u017c\u00f3\u0142knie z up\u0142ywem czasu oraz zabezpiecza przed dzia\u0142aniem czynnik\u00f3w atmosferycznych.<\/p>\n","protected":false},"featured_media":23026,"comment_status":"open","ping_status":"closed","template":"","meta":{"_acf_changed":false,"inline_featured_image":false},"product_cat":[2331],"product_tag":[2428,2450,342],"class_list":{"0":"post-22884","1":"product","2":"type-product","3":"status-publish","4":"has-post-thumbnail","6":"product_cat-farby-kolorowe-mieszalnikowe","7":"product_tag-emalia-akrylowa","8":"product_tag-everal-aqua","9":"product_tag-tikkurila","11":"first","12":"instock","13":"shipping-taxable","14":"purchasable","15":"product-type-simple"},"acf":[],"_links":{"self":[{"href":"https:\/\/e-adams.pl\/de\/wp-json\/wp\/v2\/product\/22884","targetHints":{"allow":["GET"]}}],"collection":[{"href":"https:\/\/e-adams.pl\/de\/wp-json\/wp\/v2\/product"}],"about":[{"href":"https:\/\/e-adams.pl\/de\/wp-json\/wp\/v2\/types\/product"}],"replies":[{"embeddable":true,"href":"https:\/\/e-adams.pl\/de\/wp-json\/wp\/v2\/comments?post=22884"}],"wp:featuredmedia":[{"embeddable":true,"href":"https:\/\/e-adams.pl\/de\/wp-json\/wp\/v2\/media\/23026"}],"wp:attachment":[{"href":"https:\/\/e-adams.pl\/de\/wp-json\/wp\/v2\/media?parent=22884"}],"wp:term":[{"taxonomy":"product_cat","embeddable":true,"href":"https:\/\/e-adams.pl\/de\/wp-json\/wp\/v2\/product_cat?post=22884"},{"taxonomy":"product_tag","embeddable":true,"href":"https:\/\/e-adams.pl\/de\/wp-json\/wp\/v2\/product_tag?post=22884"}],"curies":[{"name":"wp","href":"https:\/\/api.w.org\/{rel}","templated":true}]}}