{"id":22886,"date":"2023-11-22T08:49:18","date_gmt":"2023-11-22T07:49:18","guid":{"rendered":"https:\/\/e-adams.pl\/produkt\/everal-aqua-primer-27l\/"},"modified":"2024-05-10T11:02:13","modified_gmt":"2024-05-10T09:02:13","slug":"farba-podkladowa-do-drewna-tikkurila-everal-aqua-primer-27l","status":"publish","type":"product","link":"https:\/\/e-adams.pl\/de\/produkt\/farba-podkladowa-do-drewna-tikkurila-everal-aqua-primer-27l\/","title":{"rendered":"Farba podk\u0142adowa do drewna TIKKURILA EVERAL AQUA PRIMER 2,7L"},"content":{"rendered":"<h3>OPIS:<\/h3>\n<p>Farba podk\u0142adowa <a href=\"https:\/\/e-adams.pl\/tikkurila\/\">TIKKURILA<\/a> EVERAL AQUA PRIMER to wodorozcie\u0144czalna akrylowa farba do gruntowania wewn\u0119trznych powierzchni drewnianych i drewnopochodnych. Grunt mo\u017ce by\u0107 stosowany na powierzchniach metalowych w suchych pomieszczeniach, kt\u00f3re nie wymagaj\u0105 zabezpieczenia antykorozyjnego.<\/p>\n<p>Nadaje si\u0119 r\u00f3wnie\u017c do renowacyjnego gruntowania pod\u0142o\u017cy pokrytych wcze\u015bniej farbami alkidowymi lub chemoutwardzalnymi. Produkt bardzo dobrze wyr\u00f3wnuje pod\u0142o\u017ce przed zastosowaniem emalii nawierzchniowej. Produkt posiada Rekomendacj\u0119 Polskiego Towarzystwa Alergologicznego<\/p>\n<p><b>PRZYK\u0141ADY ZASTOSOWANIA<\/b><\/p>\n<p>Farba przeznaczona jest do gruntowania wewn\u0119trznych powierzchni drewnianych i drewnopochodnych takich jak: okna, drzwi, meble, listwy przypod\u0142ogowe. Zalecana r\u00f3wnie\u017c do element\u00f3w metalowych w suchych pomieszczeniach takich jak np. kaloryfery.<\/p>\n<h3>DANE TECHNICZNE:<\/h3>\n<p>\u2022 Spos\u00f3b nanoszenia: P\u0119dzel, wa\u0142ek lub natrysk hydrodynamiczny.<br \/>\n\u2022 Warunki natrysku hydrodynamicznego:<br \/>\n&#8211; dysza: 0,013\u201d \u2013 0,015\u201d<br \/>\n&#8211; rozcie\u0144czenie: 0 \u2013 5 obj. %<br \/>\n\u2022 Zaleca si\u0119 stosowanie narz\u0119dzi malarskich ANZA.<br \/>\n\u2022 Czasy schni\u0119cia: W temperaturze +23\u00b0C, przy wilgotno\u015bci wzgl\u0119dnej powietrza 50% py\u0142osucho\u015b\u0107 po 1 godzinie, nak\u0142adanie kolejnej warstwy gruntu ok. 2 godzinach. \u2022 \u2022 Przemalowanie warstw\u0105 nawierzchniow\u0105 po ok. 5 godzinach.<br \/>\n\u2022 Zawarto\u015b\u0107 cz\u0119\u015bci sta\u0142ych: Ok. 35% obj.<br \/>\n\u2022 G\u0119sto\u015b\u0107: Ok. 1,3 kg\/l.<br \/>\n\u2022 Kod EAN: 6408070075814<\/p>\n","protected":false},"excerpt":{"rendered":"<p>Farba podk\u0142adowa TIKKURILA EVERAL AQUA PRIMER to wodorozcie\u0144czalna akrylowa farba do gruntowania wewn\u0119trznych powierzchni drewnianych i drewnopochodnych. Grunt mo\u017ce by\u0107 stosowany na powierzchniach metalowych w suchych pomieszczeniach, kt\u00f3re nie wymagaj\u0105 zabezpieczenia antykorozyjnego.<\/p>\n","protected":false},"featured_media":23035,"comment_status":"open","ping_status":"closed","template":"","meta":{"_acf_changed":false,"inline_featured_image":false},"product_cat":[331],"product_tag":[2455,2454,342],"class_list":{"0":"post-22886","1":"product","2":"type-product","3":"status-publish","4":"has-post-thumbnail","6":"product_cat-farby-podkladowe","7":"product_tag-everal-aqua-primer","8":"product_tag-farba-podkladowa","9":"product_tag-tikkurila","11":"first","12":"instock","13":"shipping-taxable","14":"purchasable","15":"product-type-simple"},"acf":[],"_links":{"self":[{"href":"https:\/\/e-adams.pl\/de\/wp-json\/wp\/v2\/product\/22886","targetHints":{"allow":["GET"]}}],"collection":[{"href":"https:\/\/e-adams.pl\/de\/wp-json\/wp\/v2\/product"}],"about":[{"href":"https:\/\/e-adams.pl\/de\/wp-json\/wp\/v2\/types\/product"}],"replies":[{"embeddable":true,"href":"https:\/\/e-adams.pl\/de\/wp-json\/wp\/v2\/comments?post=22886"}],"wp:featuredmedia":[{"embeddable":true,"href":"https:\/\/e-adams.pl\/de\/wp-json\/wp\/v2\/media\/23035"}],"wp:attachment":[{"href":"https:\/\/e-adams.pl\/de\/wp-json\/wp\/v2\/media?parent=22886"}],"wp:term":[{"taxonomy":"product_cat","embeddable":true,"href":"https:\/\/e-adams.pl\/de\/wp-json\/wp\/v2\/product_cat?post=22886"},{"taxonomy":"product_tag","embeddable":true,"href":"https:\/\/e-adams.pl\/de\/wp-json\/wp\/v2\/product_tag?post=22886"}],"curies":[{"name":"wp","href":"https:\/\/api.w.org\/{rel}","templated":true}]}}