{"id":22891,"date":"2023-11-22T08:49:21","date_gmt":"2023-11-22T07:49:21","guid":{"rendered":"https:\/\/e-adams.pl\/produkt\/valtti-complete-plus-27l-bezbarwny-mat-2in1\/"},"modified":"2025-06-23T17:09:17","modified_gmt":"2025-06-23T15:09:17","slug":"lakierobejca-tikkurilla-valtti-complete-plus-bezbarwny-mat-2w1-27l","status":"publish","type":"product","link":"https:\/\/e-adams.pl\/de\/produkt\/lakierobejca-tikkurilla-valtti-complete-plus-bezbarwny-mat-2w1-27l\/","title":{"rendered":"Lakierobejca TIKKURILLA VALTTI COMPLETE PLUS bezbarwny mat 2w1 2,7l"},"content":{"rendered":"<h3>OPIS:<\/h3>\n<p>Lakierobejca <a href=\"https:\/\/e-adams.pl\/tikkurila\/\">TIKKURILA<\/a> VALTTI COMPLETE PLUS bezbarwny mat 2w1 jest szybkoschn\u0105ca, niezwykle trwa\u0142a o satynowym wyko\u0144czeniu do zabezpieczania i dekoracji zewn\u0119trznych powierzchni drewnianych. Dzi\u0119ki innowacyjnej technologii Triple Resin System gwarantuje najwy\u017csze zabezpieczenie drewna w ka\u017cdych warunkach pogodowych (wilgo\u0107, s\u0142o\u0144ce, zmienna temperatura).<\/p>\n<p>Dodatkowo w produkcie zastosowano Double Barrier UV System &#8211; podw\u00f3jny system ochrony przed promieniowaniem UV. Wyr\u00f3b o w\u0142a\u015bciwo\u015bciach tiksotropowych \u2013 nie tworzy zaciek\u00f3w, \u0142atwo si\u0119 rozprowadza, nie kapie.<\/p>\n<p>Produkt dost\u0119pny w gotowych kolorach oraz w wersji do barwienia na szerok\u0105 gam\u0119 atrakcyjnych i trwa\u0142ych kolor\u00f3w, podkre\u015blaj\u0105cych pi\u0119kno i struktur\u0119 drewna.<\/p>\n<h3>DANE TECHNICZNE:<\/h3>\n<p>\u2022 Zastosowanie: Zewn\u0119trzne<br \/>\n\u2022 Pojemno\u015b\u0107: 2,7L<br \/>\n\u2022 Kolorystyka: Bezbarwny<br \/>\n\u2022 Czas schni\u0119cia: 24 godziny<br \/>\n\u2022 Wydajno\u015b\u0107: 18 m2\/L<br \/>\n\u2022 Kolor: Bezbarwny<br \/>\n\u2022 Rodzaj farby: Lakierobejca<br \/>\n\u2022 Zalecana Liczba warstw: 2<br \/>\n\u2022 Spos\u00f3b Aplikacji: p\u0119dzel \/ g\u0105bka<br \/>\n\u2022 Kod EAN: 6408070087428<\/p>\n","protected":false},"excerpt":{"rendered":"<p>Lakierobejca TIKKURILA VALTTI COMPLETE PLUS bezbarwny mat 2w1 jest szybkoschn\u0105ca, niezwykle trwa\u0142a o satynowym wyko\u0144czeniu do zabezpieczania i dekoracji zewn\u0119trznych powierzchni drewnianych. Dzi\u0119ki innowacyjnej technologii Triple Resin System gwarantuje najwy\u017csze zabezpieczenie drewna w ka\u017cdych warunkach pogodowych (wilgo\u0107, s\u0142o\u0144ce, zmienna temperatura).<\/p>\n","protected":false},"featured_media":22951,"comment_status":"open","ping_status":"closed","template":"","meta":{"_acf_changed":false,"inline_featured_image":false},"product_cat":[322],"product_tag":[2433,342,2434],"class_list":{"0":"post-22891","1":"product","2":"type-product","3":"status-publish","4":"has-post-thumbnail","6":"product_cat-lakiery-bejce-impregnaty-do-drewna","7":"product_tag-lakierobejca","8":"product_tag-tikkurila","9":"product_tag-valtti","11":"first","12":"instock","13":"shipping-taxable","14":"product-type-simple"},"acf":[],"_links":{"self":[{"href":"https:\/\/e-adams.pl\/de\/wp-json\/wp\/v2\/product\/22891","targetHints":{"allow":["GET"]}}],"collection":[{"href":"https:\/\/e-adams.pl\/de\/wp-json\/wp\/v2\/product"}],"about":[{"href":"https:\/\/e-adams.pl\/de\/wp-json\/wp\/v2\/types\/product"}],"replies":[{"embeddable":true,"href":"https:\/\/e-adams.pl\/de\/wp-json\/wp\/v2\/comments?post=22891"}],"wp:featuredmedia":[{"embeddable":true,"href":"https:\/\/e-adams.pl\/de\/wp-json\/wp\/v2\/media\/22951"}],"wp:attachment":[{"href":"https:\/\/e-adams.pl\/de\/wp-json\/wp\/v2\/media?parent=22891"}],"wp:term":[{"taxonomy":"product_cat","embeddable":true,"href":"https:\/\/e-adams.pl\/de\/wp-json\/wp\/v2\/product_cat?post=22891"},{"taxonomy":"product_tag","embeddable":true,"href":"https:\/\/e-adams.pl\/de\/wp-json\/wp\/v2\/product_tag?post=22891"}],"curies":[{"name":"wp","href":"https:\/\/api.w.org\/{rel}","templated":true}]}}