{"id":22893,"date":"2023-11-22T08:49:23","date_gmt":"2023-11-22T07:49:23","guid":{"rendered":"https:\/\/e-adams.pl\/produkt\/patio-bejca-do-betonu-27l-do-kostki-i-plyt\/"},"modified":"2025-06-23T17:09:19","modified_gmt":"2025-06-23T15:09:19","slug":"bejca-do-betonow-tikkurila-patio-kivikuullote-27l","status":"publish","type":"product","link":"https:\/\/e-adams.pl\/de\/produkt\/bejca-do-betonow-tikkurila-patio-kivikuullote-27l\/","title":{"rendered":"Bejca do beton\u00f3w TIKKURILA PATIO Kivikuullote 2,7L"},"content":{"rendered":"<h3>OPIS:<\/h3>\n<p>Bejca do beton\u00f3w <a href=\"https:\/\/e-adams.pl\/tikkurila\/\">TIKKURILLA<\/a> PATIO Kivikuullote doskonale od\u015bwie\u017ca wygl\u0105d starych powierzchni oraz tworzy bezpieczn\u0105 do u\u017cytkowania powierzchni\u0119. Wnika w struktur\u0119 materia\u0142u, dzi\u0119ki czemu nawierzchnia nie staje si\u0119 \u015bliska. Szybki czas schni\u0119cia umo\u017cliwia renowacj\u0119 w jeden dzie\u0144, powierzchnia gotowa jest do u\u017cytkowania ju\u017c po 6 godzinach. Produkt dost\u0119pny jest w jedenastu popularnych kolorach.<\/p>\n<p>Poprawia wygl\u0105d, wyr\u00f3wnuje i pog\u0142\u0119bia kolor kostki brukowej i p\u0142yt betonowych. Dzi\u0119ki temu, \u017ce wnika w struktur\u0119 materia\u0142u, pomalowana nawierzchnia nie staje si\u0119 \u015bliska i zachowuje sw\u00f3j naturalny wygl\u0105d.<\/p>\n<p>Do przemys\u0142owo barwionej i niebarwionej, betonowej, kostki brukowej lub p\u0142yt jednak nie zaleca si\u0119 stosowania produktu na nowej kostce lub pod\u0142o\u017cach niech\u0142onnych, takich jak beton polerowany lub kamie\u0144 naturalny.<\/p>\n<h3>DANE TECHNICZNE:<\/h3>\n<p>\u2022 Zawarto\u015b\u0107 cz\u0119\u015bci sta\u0142ych: Ok. 10 % obj.<br \/>\n\u2022 G\u0119sto\u015b\u0107: 1 kg\/l, ISO 2811<br \/>\n\u2022 Wydajno\u015b\u0107: 4-8 m2\/l dla jednej warstwy nak\u0142adanej na betonow\u0105 kostk\u0119 lub p\u0142yty (w zale\u017cno\u015bci od ch\u0142onno\u015bci pod\u0142o\u017ca).<br \/>\n\u2022 Dost\u0119pne wielko\u015bci opakowa\u0144: 0,9l, 2,7l oraz 9l<br \/>\n\u2022 Kod EAN: 6408070069738<\/p>\n","protected":false},"excerpt":{"rendered":"<p>Bejca do beton\u00f3w TIKKURILA PATIO Kivikuullote doskonale od\u015bwie\u017ca wygl\u0105d starych powierzchni oraz tworzy bezpieczn\u0105 do u\u017cytkowania powierzchni\u0119. Wnika w struktur\u0119 materia\u0142u, dzi\u0119ki czemu nawierzchnia nie staje si\u0119 \u015bliska. Szybki czas schni\u0119cia umo\u017cliwia renowacj\u0119 w jeden dzie\u0144, powierzchnia gotowa jest do u\u017cytkowania ju\u017c po 6 godzinach. Produkt dost\u0119pny jest w jedenastu popularnych kolorach.<\/p>\n","protected":false},"featured_media":22976,"comment_status":"open","ping_status":"closed","template":"","meta":{"_acf_changed":false,"inline_featured_image":false},"product_cat":[322],"product_tag":[2438,2439,342],"class_list":{"0":"post-22893","1":"product","2":"type-product","3":"status-publish","4":"has-post-thumbnail","6":"product_cat-lakiery-bejce-impregnaty-do-drewna","7":"product_tag-bejca-do-betonow","8":"product_tag-patio","9":"product_tag-tikkurila","11":"first","12":"instock","13":"shipping-taxable","14":"product-type-simple"},"acf":[],"_links":{"self":[{"href":"https:\/\/e-adams.pl\/de\/wp-json\/wp\/v2\/product\/22893","targetHints":{"allow":["GET"]}}],"collection":[{"href":"https:\/\/e-adams.pl\/de\/wp-json\/wp\/v2\/product"}],"about":[{"href":"https:\/\/e-adams.pl\/de\/wp-json\/wp\/v2\/types\/product"}],"replies":[{"embeddable":true,"href":"https:\/\/e-adams.pl\/de\/wp-json\/wp\/v2\/comments?post=22893"}],"wp:featuredmedia":[{"embeddable":true,"href":"https:\/\/e-adams.pl\/de\/wp-json\/wp\/v2\/media\/22976"}],"wp:attachment":[{"href":"https:\/\/e-adams.pl\/de\/wp-json\/wp\/v2\/media?parent=22893"}],"wp:term":[{"taxonomy":"product_cat","embeddable":true,"href":"https:\/\/e-adams.pl\/de\/wp-json\/wp\/v2\/product_cat?post=22893"},{"taxonomy":"product_tag","embeddable":true,"href":"https:\/\/e-adams.pl\/de\/wp-json\/wp\/v2\/product_tag?post=22893"}],"curies":[{"name":"wp","href":"https:\/\/api.w.org\/{rel}","templated":true}]}}