{"id":22894,"date":"2023-11-22T08:49:23","date_gmt":"2023-11-22T07:49:23","guid":{"rendered":"https:\/\/e-adams.pl\/produkt\/betolux-akva-09l-baza-a-6408070046692\/"},"modified":"2024-02-15T11:48:56","modified_gmt":"2024-02-15T10:48:56","slug":"farba-do-podlog-tikkurilla-betolux-akva-a-09l","status":"publish","type":"product","link":"https:\/\/e-adams.pl\/de\/produkt\/farba-do-podlog-tikkurilla-betolux-akva-a-09l\/","title":{"rendered":"Farba do pod\u0142\u00f3g TIKKURILLA BETOLUX AKVA A 0,9L"},"content":{"rendered":"<h3>OPIS:<\/h3>\n<p>Farba do pod\u0142\u00f3g <a href=\"https:\/\/e-adams.pl\/tikkurila\/\">TIKKURILLA<\/a> BETOLUX AKVA A jest przeznaczona do malowania betonowych i drewnianych pod\u0142\u00f3g oraz schod\u00f3w wewn\u0105trz pomieszcze\u0144. Mo\u017ce by\u0107 stosowana na pod\u0142o\u017cach uprzednio malowanych farbami alkidowymi oraz lakierami i farbami epoksydowymi. Odpowiedni r\u00f3wnie\u017c do betonowych pod\u0142\u00f3g w saunach i pomieszczeniach o podwy\u017cszonej wilgotno\u015bci.<\/p>\n<p>Zalecany do pod\u0142\u00f3g wewn\u0105trz pomieszcze\u0144, w niewielkim stopniu nara\u017conych na mechaniczn\u0105 i chemiczn\u0105 eksploatacj\u0119. Tikkurila Betolux Akva jest \u0142atwy w u\u017cyciu.<\/p>\n<p>Posiada nisk\u0105 emisj\u0119 zapachu i szybko schnie, dzi\u0119ki czemu w kr\u00f3tkim czasie mo\u017cna korzysta\u0107 pomieszczenia. Nadaje pod\u0142ogom pi\u0119kne wyko\u0144czenie w p\u00f3\u0142po\u0142ysku. Farba jest bardzo trwa\u0142a i odporna na uszkodzenia mechaniczne.<\/p>\n<h3>DANE TECHNICZNE:<\/h3>\n<p>\u2022 Zastosowanie: Wewn\u0119trzne, zewn\u0119trzne<br \/>\n\u2022 Pojemno\u015b\u0107: 0,9 L<br \/>\n\u2022 Kolorystyka: Bia\u0142y<br \/>\n\u2022 Zalecana liczba warstw: 1-2<br \/>\n\u2022 Czas schni\u0119cia: 0,5 h<br \/>\n\u2022 Wydajno\u015b\u0107: 5-7 m2\/l &#8211; drewno, beton; 15 m2\/l- metal<br \/>\n\u2022 Spos\u00f3b aplikacji: P\u0119dzel, wa\u0142ek<br \/>\n\u2022 Przeznaczenie: Do \u015bcian i sufit\u00f3w<br \/>\n\u2022 Rodzaj farby: Farba poliuretanowo-akrylowa<br \/>\n\u2022 Pow\u0142oka: P\u00f3\u0142po\u0142ysk<br \/>\n\u2022 Wyko\u0144czenie: Satyna<br \/>\n\u2022 Czas nak\u0142adania kolejnej warstwy: 1 h<br \/>\n\u2022 Rozcie\u0144czalnik: Woda<br \/>\n\u2022 Kod EAN: 6408070046692<\/p>\n","protected":false},"excerpt":{"rendered":"<p>Farba do pod\u0142\u00f3g <a href=\"https:\/\/e-adams.pl\/tikkurila\/\">TIKKURILLA<\/a> BETOLUX AKVA A jest przeznaczona do malowania betonowych i drewnianych pod\u0142\u00f3g oraz schod\u00f3w wewn\u0105trz pomieszcze\u0144. Mo\u017ce by\u0107 stosowana na pod\u0142o\u017cach uprzednio malowanych farbami alkidowymi oraz lakierami i farbami epoksydowymi. Odpowiedni r\u00f3wnie\u017c do betonowych pod\u0142\u00f3g w saunach i pomieszczeniach o podwy\u017cszonej wilgotno\u015bci.<\/p>\n","protected":false},"featured_media":22973,"comment_status":"open","ping_status":"closed","template":"","meta":{"_acf_changed":false,"inline_featured_image":false},"product_cat":[2685],"product_tag":[2437,2436,2440],"class_list":{"0":"post-22894","1":"product","2":"type-product","3":"status-publish","4":"has-post-thumbnail","6":"product_cat-farby-do-podlog-i-schodow","7":"product_tag-akva","8":"product_tag-betolux","9":"product_tag-farba-do-podlog","11":"first","12":"instock","13":"shipping-taxable","14":"purchasable","15":"product-type-simple"},"acf":[],"_links":{"self":[{"href":"https:\/\/e-adams.pl\/de\/wp-json\/wp\/v2\/product\/22894","targetHints":{"allow":["GET"]}}],"collection":[{"href":"https:\/\/e-adams.pl\/de\/wp-json\/wp\/v2\/product"}],"about":[{"href":"https:\/\/e-adams.pl\/de\/wp-json\/wp\/v2\/types\/product"}],"replies":[{"embeddable":true,"href":"https:\/\/e-adams.pl\/de\/wp-json\/wp\/v2\/comments?post=22894"}],"wp:featuredmedia":[{"embeddable":true,"href":"https:\/\/e-adams.pl\/de\/wp-json\/wp\/v2\/media\/22973"}],"wp:attachment":[{"href":"https:\/\/e-adams.pl\/de\/wp-json\/wp\/v2\/media?parent=22894"}],"wp:term":[{"taxonomy":"product_cat","embeddable":true,"href":"https:\/\/e-adams.pl\/de\/wp-json\/wp\/v2\/product_cat?post=22894"},{"taxonomy":"product_tag","embeddable":true,"href":"https:\/\/e-adams.pl\/de\/wp-json\/wp\/v2\/product_tag?post=22894"}],"curies":[{"name":"wp","href":"https:\/\/api.w.org\/{rel}","templated":true}]}}