{"id":22897,"date":"2023-11-22T08:49:26","date_gmt":"2023-11-22T07:49:26","guid":{"rendered":"https:\/\/e-adams.pl\/produkt\/valtti-complete-27l-bezbarwny-mat-2in1\/"},"modified":"2025-06-23T17:09:15","modified_gmt":"2025-06-23T15:09:15","slug":"lakierobejca-tikkurila-valtti-complete-bezbarwny-mat-2w1-27l","status":"publish","type":"product","link":"https:\/\/e-adams.pl\/de\/produkt\/lakierobejca-tikkurila-valtti-complete-bezbarwny-mat-2w1-27l\/","title":{"rendered":"Lakierobejca TIKKURILA VALTTI COMPLETE bezbarwny mat 2w1 2,7l"},"content":{"rendered":"<h3>OPIS:<\/h3>\n<p>Lakierobejca <a href=\"https:\/\/e-adams.pl\/tikkurila\/\">TIKKURILLA<\/a> VALTTI COMPLETE 2w1 to bardzo trwa\u0142a, p\u00f3\u0142matowa, impregnuj\u0105co-dekoruj\u0105ca lakierobejca do malowania drewna na zewn\u0105trz pomieszcze\u0144, do barwienia. Stworzona na bazie innowacyjnej technologii Triple Resin System, opartej na unikalnym po\u0142\u0105czeniu trzech wysokiej jako\u015bci \u017cywic o r\u00f3\u017cnej funkcjonalno\u015bci, gwarantuj\u0105cych zwi\u0119kszon\u0105 odporno\u015b\u0107 i zabezpieczenie pomalowanej pow\u0142oki.<\/p>\n<p>Dodatkowo Tikkurila Valtti Complete posiada Double Absorb UV System (podw\u00f3jny system ochrony przed promieniowaniem UV).<\/p>\n<p><strong>PRZYK\u0141ADY ZASTOSOWANIA:<\/strong><\/p>\n<p>Ogrodzenia, okna, drzwi, balustrady, meble ogrodowe, altany, itp.<\/p>\n<p>Tikkurila Valtti Complete mozna r\u00f3wnie\u017c stosowa\u0107 do malowania taras\u00f3w, schod\u00f3w, podest\u00f3w pod warunkiem, \u017ce wymalowana pow\u0142oka zostanie dodatkowo zabezpieczona lakierem Unica Super Lacquer.<\/p>\n<h3>DANE TECHNICZNE:<\/h3>\n<ul>\n<li><b>Zastosowanie:<\/b>\u00a0Zewn\u0119trzne<\/li>\n<li><b>Kolorystyka:<\/b>\u00a0Bezbarwny<\/li>\n<li><b>Pojemno\u015b\u0107:<\/b>\u00a02,7 L<\/li>\n<li><b>Wydajno\u015b\u0107:<\/b>\u00a020 m2\/L<\/li>\n<li><b>Wyko\u0144czenie:<\/b>\u00a0Satyna<\/li>\n<li><b>Spos\u00f3b aplikacji:<\/b>\u00a0p\u0119dzel \/ natrysk<\/li>\n<li><b>Czas schni\u0119cia:<\/b>\u00a024 godziny<\/li>\n<li>Kod EAN: 5902829024579<\/li>\n<\/ul>\n","protected":false},"excerpt":{"rendered":"<p>Lakierobejca TIKKURILA VALTTI COMPLETE 2w1 to bardzo trwa\u0142a, p\u00f3\u0142matowa, impregnuj\u0105co-dekoruj\u0105ca lakierobejca do malowania drewna na zewn\u0105trz pomieszcze\u0144, do barwienia. Stworzona na bazie innowacyjnej technologii Triple Resin System, opartej na unikalnym po\u0142\u0105czeniu trzech wysokiej jako\u015bci \u017cywic o r\u00f3\u017cnej funkcjonalno\u015bci, gwarantuj\u0105cych zwi\u0119kszon\u0105 odporno\u015b\u0107 i zabezpieczenie pomalowanej pow\u0142oki.<\/p>\n","protected":false},"featured_media":22968,"comment_status":"open","ping_status":"closed","template":"","meta":{"_acf_changed":false,"inline_featured_image":false},"product_cat":[322],"product_tag":[2433,342,2434],"class_list":{"0":"post-22897","1":"product","2":"type-product","3":"status-publish","4":"has-post-thumbnail","6":"product_cat-lakiery-bejce-impregnaty-do-drewna","7":"product_tag-lakierobejca","8":"product_tag-tikkurila","9":"product_tag-valtti","11":"first","12":"instock","13":"shipping-taxable","14":"product-type-simple"},"acf":[],"_links":{"self":[{"href":"https:\/\/e-adams.pl\/de\/wp-json\/wp\/v2\/product\/22897","targetHints":{"allow":["GET"]}}],"collection":[{"href":"https:\/\/e-adams.pl\/de\/wp-json\/wp\/v2\/product"}],"about":[{"href":"https:\/\/e-adams.pl\/de\/wp-json\/wp\/v2\/types\/product"}],"replies":[{"embeddable":true,"href":"https:\/\/e-adams.pl\/de\/wp-json\/wp\/v2\/comments?post=22897"}],"wp:featuredmedia":[{"embeddable":true,"href":"https:\/\/e-adams.pl\/de\/wp-json\/wp\/v2\/media\/22968"}],"wp:attachment":[{"href":"https:\/\/e-adams.pl\/de\/wp-json\/wp\/v2\/media?parent=22897"}],"wp:term":[{"taxonomy":"product_cat","embeddable":true,"href":"https:\/\/e-adams.pl\/de\/wp-json\/wp\/v2\/product_cat?post=22897"},{"taxonomy":"product_tag","embeddable":true,"href":"https:\/\/e-adams.pl\/de\/wp-json\/wp\/v2\/product_tag?post=22897"}],"curies":[{"name":"wp","href":"https:\/\/api.w.org\/{rel}","templated":true}]}}