{"id":22903,"date":"2023-11-22T08:49:31","date_gmt":"2023-11-22T07:49:31","guid":{"rendered":"https:\/\/e-adams.pl\/produkt\/finngard-silicone-protect-c-27l\/"},"modified":"2025-06-23T17:07:02","modified_gmt":"2025-06-23T15:07:02","slug":"farba-fasadowa-tikkurola-finngard-silicone-protect-c-27l","status":"publish","type":"product","link":"https:\/\/e-adams.pl\/de\/produkt\/farba-fasadowa-tikkurola-finngard-silicone-protect-c-27l\/","title":{"rendered":"Farba fasadowa TIKKURILA FINNGARD SILICONE PROTECT C 2,7L"},"content":{"rendered":"<h3>OPIS:<\/h3>\n<p>Farba fasadowa <a href=\"https:\/\/e-adams.pl\/tikkurila\/\">TIKKURILA<\/a> FINNGARD SILICONE PROTECT C to wodorozcie\u0144czalna, silikonowa farba elewacyjna. Do stosowania na tradycyjnych wyprawach wapienno-cementowych i cementowych, cienkowarstwowych tynkach mineralno-polimerowych i akrylowych oraz pod\u0142o\u017cach betonowych. Mo\u017ce by\u0107 stosowany do renowacji pow\u0142ok dyspersyjnych i mineralnych (silikatowych).<\/p>\n<p><b>W\u0141A\u015aCIWO\u015aCI PRODUKTU<\/b><\/p>\n<p>\u2022 Tworzy hydrofobow\u0105 pow\u0142ok\u0119 o niskiej wodoch\u0142onno\u015bci, zapewniaj\u0105c\u0105 wysoka trwa\u0142o\u015b\u0107<br \/>\n\u2022 Paroprzepuszczalna \u2013 umo\u017cliwia odprowadzenie wilgoci ze \u015bciany<br \/>\n\u2022 Wysoce odporna na grzyby, ple\u015bnie i glony<br \/>\n\u2022 Skraca czas pracy \u2013 kr\u00f3tki czas schni\u0119cia, mo\u017cliwo\u015b\u0107 szybkiego nak\u0142adania kolejnych warstw<br \/>\n\u2022 \u0141atwa w konserwacji<br \/>\n\u2022 Dost\u0119pna w szerokiej palecie barw karty Tikkurila Facade 760<\/p>\n<p><strong>SPECYFIKACJA:<\/strong><\/p>\n<p>\u2022 WYDAJNO\u015a\u0106: 6-9 m\u00b2\/l przy jednokrotnej warstwie, w zale\u017cno\u015bci od ch\u0142onno\u015bci i struktury pod\u0142o\u017ca, metody aplikacji oraz u\u017cytego narz\u0119dzia malarskiego. Wykona\u0107 pr\u00f3b\u0119, w celu okre\u015blenia wydajno\u015bci dla danego pod\u0142o\u017ca.<br \/>\n\u2022 ROZCIE\u0143CZALNIK: Wodorozcie\u0144czalny<br \/>\n\u2022 METODY APLIKACJI: natrysk, p\u0119dzel, wa\u0142ek<br \/>\n\u2022 CZAS SCHNI\u0118CIA (23\u00b0 C I WILGOTNO\u015aCI 50 %): W temp. +23 \u00b12\u00b0C, przy wilgotno\u015bci wzgl\u0119dnej powietrza 50 \u00b15%, pow\u0142oka schnie w czasie do 3 godzin. Nak\u0142ada\u0107 kolejn\u0105 warstw\u0119 po up\u0142ywie min. 12 godzin.<\/p>\n<p>\u2022 Kod EAN: 6408070103050<\/p>\n","protected":false},"excerpt":{"rendered":"<p>Farba fasadowa TIKKURILA FINNGARD SILICONE PROTECT to wodorozcie\u0144czalna, silikonowa farba elewacyjna. Do stosowania na tradycyjnych wyprawach wapienno-cementowych i cementowych, cienkowarstwowych tynkach mineralno-polimerowych i akrylowych oraz pod\u0142o\u017cach betonowych. Mo\u017ce by\u0107 stosowany do renowacji pow\u0142ok dyspersyjnych i mineralnych (silikatowych).<\/p>\n","protected":false},"featured_media":22937,"comment_status":"open","ping_status":"closed","template":"","meta":{"_acf_changed":false,"inline_featured_image":false},"product_cat":[264],"product_tag":[2366,2430,342],"class_list":{"0":"post-22903","1":"product","2":"type-product","3":"status-publish","4":"has-post-thumbnail","6":"product_cat-farby-fasadowe-tikkurila","7":"product_tag-farba-fasadowa","8":"product_tag-finngard","9":"product_tag-tikkurila","11":"first","12":"instock","13":"shipping-taxable","14":"product-type-simple"},"acf":[],"_links":{"self":[{"href":"https:\/\/e-adams.pl\/de\/wp-json\/wp\/v2\/product\/22903","targetHints":{"allow":["GET"]}}],"collection":[{"href":"https:\/\/e-adams.pl\/de\/wp-json\/wp\/v2\/product"}],"about":[{"href":"https:\/\/e-adams.pl\/de\/wp-json\/wp\/v2\/types\/product"}],"replies":[{"embeddable":true,"href":"https:\/\/e-adams.pl\/de\/wp-json\/wp\/v2\/comments?post=22903"}],"wp:featuredmedia":[{"embeddable":true,"href":"https:\/\/e-adams.pl\/de\/wp-json\/wp\/v2\/media\/22937"}],"wp:attachment":[{"href":"https:\/\/e-adams.pl\/de\/wp-json\/wp\/v2\/media?parent=22903"}],"wp:term":[{"taxonomy":"product_cat","embeddable":true,"href":"https:\/\/e-adams.pl\/de\/wp-json\/wp\/v2\/product_cat?post=22903"},{"taxonomy":"product_tag","embeddable":true,"href":"https:\/\/e-adams.pl\/de\/wp-json\/wp\/v2\/product_tag?post=22903"}],"curies":[{"name":"wp","href":"https:\/\/api.w.org\/{rel}","templated":true}]}}