{"id":22906,"date":"2023-11-22T08:49:34","date_gmt":"2023-11-22T07:49:34","guid":{"rendered":"https:\/\/e-adams.pl\/produkt\/finngard-uni-primer-27l\/"},"modified":"2024-07-15T11:31:16","modified_gmt":"2024-07-15T09:31:16","slug":"grunt-fasadowy-tikkurilla-finngard-uni-primer-27l","status":"publish","type":"product","link":"https:\/\/e-adams.pl\/de\/produkt\/grunt-fasadowy-tikkurilla-finngard-uni-primer-27l\/","title":{"rendered":"Grunt fasadowy TIKKURILLA FINNGARD UNI PRIMER 2,7L"},"content":{"rendered":"<h3>OPIS:<\/h3>\n<p>Grunt fasadowy <a href=\"https:\/\/e-adams.pl\/tikkurila\/\">TIKKURILLA<\/a> FINNGARD UNI PRIMER to wodorozcie\u0144czalny, grunt akrylowy do elewacji &#8211; wzmacnia struktur\u0119 pod\u0142o\u017ca, ogranicza i wyr\u00f3wnuje ch\u0142onno\u015b\u0107, ujednolica kolorystycznie, poprawia przyczepno\u015b\u0107 farby elewacyjnej i izoluje pow\u0142ok\u0119 nawierzchniow\u0105 od wp\u0142ywu czynnik\u00f3w z pod\u0142o\u017ca.<\/p>\n<p><b>PRZYK\u0141ADY ZASTOSOWANIA<\/b><\/p>\n<p>Do stosowania na tradycyjnych wyprawach wapienno-cementowych i cementowych, cienkowarstwowych tynkach mineralno-polimerowych i akrylowych oraz pod\u0142o\u017cach betonowych. Mo\u017ce te\u017c s\u0142u\u017cy\u0107 do renowacji pow\u0142ok dyspersyjnych i mineralnych (silikatowych). Produkt nadaje si\u0119 do stosowania wewn\u0105trz budynku do pomieszcze\u0144 nieprzeznaczonych na sta\u0142y pobyt ludzi (np. gara\u017ce, piwnice, magazyny itp.).<\/p>\n<div class=\"type-title type-subhead3\"><strong>Specyfikacja:<\/strong><\/div>\n<div class=\"expand-arrow rotated\">Wydajno\u015b\u0107: 6-8 m\u00b2\/l przy jednokrotnej warstwie, w zale\u017cno\u015bci od ch\u0142onno\u015bci i struktury pod\u0142o\u017ca, metody aplikacji oraz u\u017cytego narz\u0119dzia malarskiego. Wykona\u0107 pr\u00f3b\u0119, w celu okre\u015blenia wydajno\u015bci dla danego pod\u0142o\u017ca.<\/div>\n<div id=\"technicalInformation\" class=\"collapse show\" data-target=\"#technicalInformation\">\n<div class=\"customCard\">Rozcie\u0144czalnik: Wodorozcie\u0144czalny<br \/>\nMetoda aplikacji: natrysk, p\u0119dzel, wa\u0142ek<\/div>\n<\/div>\n<h3>DANE TECHNICZNE:<\/h3>\n<p>\u2022 Kod EAN: 6408070103234<br \/>\n\u2022 Pojemno\u015b\u0107: 2,7L<br \/>\n\u2022 Kolor: bia\u0142y<br \/>\n\u2022 Rodzaj: grunt<\/p>\n","protected":false},"excerpt":{"rendered":"<p>Grunt fasadowy <a href=\"https:\/\/e-adams.pl\/tikkurila\/\">TIKKURILLA<\/a> FINNGARD UNI PRIMER to wodorozcie\u0144czalny, grunt akrylowy do elewacji &#8211; wzmacnia struktur\u0119 pod\u0142o\u017ca, ogranicza i wyr\u00f3wnuje ch\u0142onno\u015b\u0107, ujednolica kolorystycznie, poprawia przyczepno\u015b\u0107 farby elewacyjnej i izoluje pow\u0142ok\u0119 nawierzchniow\u0105 od wp\u0142ywu czynnik\u00f3w z pod\u0142o\u017ca.<\/p>\n","protected":false},"featured_media":22924,"comment_status":"open","ping_status":"closed","template":"","meta":{"_acf_changed":false,"inline_featured_image":false},"product_cat":[1210],"product_tag":[2430,2429,2444],"class_list":{"0":"post-22906","1":"product","2":"type-product","3":"status-publish","4":"has-post-thumbnail","6":"product_cat-grunty-podklady","7":"product_tag-finngard","8":"product_tag-grunt-fasadowy","9":"product_tag-tikkurilla","11":"first","12":"instock","13":"shipping-taxable","14":"purchasable","15":"product-type-simple"},"acf":[],"_links":{"self":[{"href":"https:\/\/e-adams.pl\/de\/wp-json\/wp\/v2\/product\/22906","targetHints":{"allow":["GET"]}}],"collection":[{"href":"https:\/\/e-adams.pl\/de\/wp-json\/wp\/v2\/product"}],"about":[{"href":"https:\/\/e-adams.pl\/de\/wp-json\/wp\/v2\/types\/product"}],"replies":[{"embeddable":true,"href":"https:\/\/e-adams.pl\/de\/wp-json\/wp\/v2\/comments?post=22906"}],"wp:featuredmedia":[{"embeddable":true,"href":"https:\/\/e-adams.pl\/de\/wp-json\/wp\/v2\/media\/22924"}],"wp:attachment":[{"href":"https:\/\/e-adams.pl\/de\/wp-json\/wp\/v2\/media?parent=22906"}],"wp:term":[{"taxonomy":"product_cat","embeddable":true,"href":"https:\/\/e-adams.pl\/de\/wp-json\/wp\/v2\/product_cat?post=22906"},{"taxonomy":"product_tag","embeddable":true,"href":"https:\/\/e-adams.pl\/de\/wp-json\/wp\/v2\/product_tag?post=22906"}],"curies":[{"name":"wp","href":"https:\/\/api.w.org\/{rel}","templated":true}]}}