{"id":22908,"date":"2023-11-22T08:49:35","date_gmt":"2023-11-22T07:49:35","guid":{"rendered":"https:\/\/e-adams.pl\/produkt\/luja-7-09l-baza-a-tikkurila\/"},"modified":"2024-07-15T11:31:17","modified_gmt":"2024-07-15T09:31:17","slug":"farba-akrylowa-tikkurila-luja-7-baza-a-09l","status":"publish","type":"product","link":"https:\/\/e-adams.pl\/de\/produkt\/farba-akrylowa-tikkurila-luja-7-baza-a-09l\/","title":{"rendered":"Farba akrylowa TIKKURILA LUJA 7 Baza A 0,9L"},"content":{"rendered":"<h3>OPIS:<\/h3>\n<p>Farba akrylowa <a href=\"https:\/\/e-adams.pl\/tikkurila\/\">TIKKURILA<\/a> LUJA 7 to farba akrylowa do wilgotnych pomieszcze\u0144. Produkt jest odpowiedni do stosowania na powierzchnie betonowe (malowanie dekoracyjne), gipsowe, szpachlowane, z ceg\u0142y, na tapety i pod\u0142o\u017ca drewniane a tak\u017ce p\u0142yty kartonowo-gipsowe, p\u0142yty wi\u00f3rowe i p\u0142yty z w\u0142\u00f3kien drzewnych. Mo\u017ce by\u0107 r\u00f3wnie\u017c stosowany na powierzchniach nowych, jak i uprzednio malowanych.<\/p>\n<p>Zawiera produkt biob\u00f3jczy, kt\u00f3ry chroni pow\u0142ok\u0119 farby. Farba ta ma niski poziom emisji LZO i posiada certyfikat Nordic Swan Ecolabel i EU Ecolabel.<\/p>\n<p><strong>Przeznaczenie:<\/strong><\/p>\n<p>Produkt jest odpowiedni do stosowania na powierzchnie betonowe (malowanie dekoracyjne), gipsowe, szpachlowane, z ceg\u0142y, na tapety i pod\u0142o\u017ca drewniane a tak\u017ce p\u0142yty kartonowo-gipsowe, p\u0142yty wi\u00f3rowe i p\u0142yty z w\u0142\u00f3kien drzewnych. Mo\u017ce by\u0107 r\u00f3wnie\u017c stosowany na powierzchniach nowych, jak i uprzednio malowanych. Nadaje si\u0119 r\u00f3wnie\u017c do paneli sufitowych w \u0142azienkach pod warunkiem, \u017ce powierzchnia jest zagruntowana podk\u0142adem Tikkurila Multistop.<\/p>\n<h3>DANE TECHNICZNE:<\/h3>\n<ul id=\"product-attribute-specs\" class=\"data additional-attributes\">\n<li><span class=\"label\">Kod EAN: <\/span><span class=\"data\">6408070055007<\/span><\/li>\n<li><span class=\"label\">Pojemno\u015b\u0107 [l]:\u00a0<\/span><span class=\"data\">0.9l<\/span><\/li>\n<li>Wydajno\u015b\u0107: ok. 5-8 m2\/l. dla jednaj warstwy<\/li>\n<li>Wodorozcie\u0144czalny<\/li>\n<li>ODPORNO\u015a\u0106\u00a0termiczna:\u00a0\u00a085 \u00b0 C<\/li>\n<\/ul>\n","protected":false},"excerpt":{"rendered":"<p>Farba akrylowa TIKKURILA LUJA 7 to farba akrylowa do wilgotnych pomieszcze\u0144. Produkt jest odpowiedni do stosowania na powierzchnie betonowe (malowanie dekoracyjne), gipsowe, szpachlowane, z ceg\u0142y, na tapety i pod\u0142o\u017ca drewniane a tak\u017ce p\u0142yty kartonowo-gipsowe, p\u0142yty wi\u00f3rowe i p\u0142yty z w\u0142\u00f3kien drzewnych. Mo\u017ce by\u0107 r\u00f3wnie\u017c stosowany na powierzchniach nowych, jak i uprzednio malowanych.<\/p>\n","protected":false},"featured_media":22913,"comment_status":"open","ping_status":"closed","template":"","meta":{"_acf_changed":false,"inline_featured_image":false},"product_cat":[2331],"product_tag":[2422,2424,342],"class_list":{"0":"post-22908","1":"product","2":"type-product","3":"status-publish","4":"has-post-thumbnail","6":"product_cat-farby-kolorowe-mieszalnikowe","7":"product_tag-farba-akrylowa","8":"product_tag-luja-7","9":"product_tag-tikkurila","11":"first","12":"outofstock","13":"shipping-taxable","14":"purchasable","15":"product-type-simple"},"acf":[],"_links":{"self":[{"href":"https:\/\/e-adams.pl\/de\/wp-json\/wp\/v2\/product\/22908","targetHints":{"allow":["GET"]}}],"collection":[{"href":"https:\/\/e-adams.pl\/de\/wp-json\/wp\/v2\/product"}],"about":[{"href":"https:\/\/e-adams.pl\/de\/wp-json\/wp\/v2\/types\/product"}],"replies":[{"embeddable":true,"href":"https:\/\/e-adams.pl\/de\/wp-json\/wp\/v2\/comments?post=22908"}],"wp:featuredmedia":[{"embeddable":true,"href":"https:\/\/e-adams.pl\/de\/wp-json\/wp\/v2\/media\/22913"}],"wp:attachment":[{"href":"https:\/\/e-adams.pl\/de\/wp-json\/wp\/v2\/media?parent=22908"}],"wp:term":[{"taxonomy":"product_cat","embeddable":true,"href":"https:\/\/e-adams.pl\/de\/wp-json\/wp\/v2\/product_cat?post=22908"},{"taxonomy":"product_tag","embeddable":true,"href":"https:\/\/e-adams.pl\/de\/wp-json\/wp\/v2\/product_tag?post=22908"}],"curies":[{"name":"wp","href":"https:\/\/api.w.org\/{rel}","templated":true}]}}