{"id":23193,"date":"2023-12-06T09:57:04","date_gmt":"2023-12-06T08:57:04","guid":{"rendered":"https:\/\/e-adams.pl\/produkt\/bluza-robocza-professional-strech-line-czarna-xxxl-60-powermax-s-79258\/"},"modified":"2024-02-15T11:49:28","modified_gmt":"2024-02-15T10:49:28","slug":"bluza-robocza-stalco-professional-strech-line-xxxl-60-czarna","status":"publish","type":"product","link":"https:\/\/e-adams.pl\/de\/produkt\/bluza-robocza-stalco-professional-strech-line-xxxl-60-czarna\/","title":{"rendered":"Bluza robocza STALCO PROFESSIONAL STRECH LINE XXXL-60 czarna"},"content":{"rendered":"<h3>OPIS:<\/h3>\n<p>Bluza robocza STALCO PROFESSIONAL STRECH LINE to nie tylko ciekawie stylizowana, ale r\u00f3wnie\u017c funkcjonalna odzie\u017c robocza, spe\u0142niaj\u0105ca oczekiwania najbardziej wymagaj\u0105cych u\u017cytkownik\u00f3w. Wykonana z wysokiej jako\u015bci tkaniny outdoorowej, charakteryzuje si\u0119 szybkoschn\u0105cymi, wiatroszczelnymi w\u0142a\u015bciwo\u015bciami oraz doskona\u0142ym dopasowaniem do cia\u0142a.<\/p>\n<p>Materia\u0142 utrzymuje elastyczno\u015b\u0107 nawet w warunkach ekstremalnych przeci\u0105\u017ce\u0144, co zapewnia wyj\u0105tkowy komfort podczas pracy. Bluz\u0119 mo\u017cna dodatkowo regulowa\u0107 w pasie oraz w obr\u0119bie nadgarstk\u00f3w, gdzie zastosowano innowacyjny wewn\u0119trzny mankiet z otworem na kciuk. Precyzyjnie wykonane szwy, wzmocnione ryglami, zapobiegaj\u0105 rozerwaniu na szwach, gwarantuj\u0105c trwa\u0142o\u015b\u0107 produktu.<\/p>\n<p>Dodatkowy komfort u\u017cytkowania to mo\u017cliwo\u015b\u0107 regulacji wentylacji pod pachami, rozpinanej na zamek. Projektuj\u0105c BLUZ\u0118 ROBOCZ\u0104 STALCO STRETCH LINE, korzystano z wiedzy profesjonalnych u\u017cytkownik\u00f3w, co sprawia, \u017ce odzie\u017c ta jest niezwykle funkcjonalna. Bluza wyposa\u017cona zosta\u0142a w cztery kieszenie rozmieszczone w kluczowych miejscach, wszystkie zamykane na wysokiej jako\u015bci zamek YKK z odblaskami. To praktyczne rozwi\u0105zanie umo\u017cliwia przechowywanie zar\u00f3wno drobnych przedmiot\u00f3w osobistych, jak i niezb\u0119dnych akcesori\u00f3w do pracy.<\/p>\n<p>Dodatkowo, trwa\u0142y g\u0142\u00f3wny zamek kostkowy YKK zabezpieczono listw\u0105 zapinan\u0105 na rzepy, chroni\u0105c\u0105 przed zapyleniem i zabrudzeniem zamka. Wstawki z CORDURA podnosz\u0105 \u017cywotno\u015b\u0107 ubrania, zapewniaj\u0105c odporno\u015b\u0107 na zu\u017cycie. Bezpiecze\u0144stwo pracy zwi\u0119kszaj\u0105 niebarwi\u0105ce si\u0119 elementy kontrastowe, poprawiaj\u0105ce widoczno\u015b\u0107, oraz wysokiej jako\u015bci dodatki odblaskowe 3M Scotchlite, odporne na \u015bcieranie i charakteryzuj\u0105ce si\u0119 d\u0142ug\u0105 \u017cywotno\u015bci\u0105 \u2013 utrzymuj\u0105ce swoje parametry odblasku nawet po 50 praniach. System wentylacji pod pachami zamykanymi na zamek, wysoka st\u00f3jka chroni\u0105ca szyj\u0119 oraz dodatkowe regulacje wp\u0142ywaj\u0105 na podniesienie komfortu u\u017cytkowania.<\/p>\n<h3>Charakterystyka:<\/h3>\n<ul>\n<li>odzie\u017c uszyta z materia\u0142u utrzymuj\u0105cego elastyczno\u015b\u0107 nawet przy ekstremalnych przeci\u0105\u017ceniach,<\/li>\n<li>wstawki z materia\u0142u CORDURA zwi\u0119kszaj\u0105 wytrzyma\u0142o\u015b\u0107 i \u017cywotno\u015b\u0107 ubrania,<\/li>\n<li>mocne, odporne szwy wzmocniono dodatkowo ryglami,<\/li>\n<li>bluza zapinana na trwa\u0142y zamek kostkowy YKK, kryty zabezpieczaj\u0105c\u0105 przed zabrudzeniami listw\u0105 z rzepami,<\/li>\n<li>4 kieszenie r\u00f3wnie\u017c zapinane na zamek YKK, przy kt\u00f3rym dodatkowo zastosowano odblaski,<\/li>\n<li>obw\u00f3d pasa regulowany,<\/li>\n<li>regulowane nadgarstki z wewn\u0119trznym mankiet z otworem na kciuk,<\/li>\n<li>niebarwi\u0105ce si\u0119 elementy kontrastowe, poprawiaj\u0105ce widoczno\u015b\u0107,<\/li>\n<li>dodatki odblaskowe 3M Scotchlite &#8211; d\u0142uga \u017cywotno\u015b\u0107 i wysoka odporno\u015b\u0107 na \u015bcieranie (parametry 70% odblasku nawet powy\u017cej 50 pra\u0144),<\/li>\n<li>zapinany na zamek system wentylacji pod pachami, z siatk\u0105 3D,<\/li>\n<li>wysoka st\u00f3jka chroni\u0105ca szyj\u0119.<\/li>\n<li>Indeks: S-79258<\/li>\n<li>Kod EAN: 5901466176139<\/li>\n<\/ul>\n","protected":false},"excerpt":{"rendered":"<p>Bluza robocza STALCO PROFESSIONAL STRECH LINE to nie tylko ciekawie stylizowana, ale r\u00f3wnie\u017c funkcjonalna odzie\u017c robocza, spe\u0142niaj\u0105ca oczekiwania najbardziej wymagaj\u0105cych u\u017cytkownik\u00f3w. Wykonana z wysokiej jako\u015bci tkaniny outdoorowej, charakteryzuje si\u0119 szybkoschn\u0105cymi, wiatroszczelnymi w\u0142a\u015bciwo\u015bciami oraz doskona\u0142ym dopasowaniem do cia\u0142a.<\/p>\n","protected":false},"featured_media":23545,"comment_status":"open","ping_status":"closed","template":"","meta":{"_acf_changed":false,"inline_featured_image":false},"product_cat":[2552],"product_tag":[2487,1505],"class_list":{"0":"post-23193","1":"product","2":"type-product","3":"status-publish","4":"has-post-thumbnail","6":"product_cat-bluzy-polary-swetry","7":"product_tag-bluza-robocza","8":"product_tag-stalco","10":"first","11":"instock","12":"shipping-taxable","13":"purchasable","14":"product-type-simple"},"acf":[],"_links":{"self":[{"href":"https:\/\/e-adams.pl\/de\/wp-json\/wp\/v2\/product\/23193","targetHints":{"allow":["GET"]}}],"collection":[{"href":"https:\/\/e-adams.pl\/de\/wp-json\/wp\/v2\/product"}],"about":[{"href":"https:\/\/e-adams.pl\/de\/wp-json\/wp\/v2\/types\/product"}],"replies":[{"embeddable":true,"href":"https:\/\/e-adams.pl\/de\/wp-json\/wp\/v2\/comments?post=23193"}],"wp:featuredmedia":[{"embeddable":true,"href":"https:\/\/e-adams.pl\/de\/wp-json\/wp\/v2\/media\/23545"}],"wp:attachment":[{"href":"https:\/\/e-adams.pl\/de\/wp-json\/wp\/v2\/media?parent=23193"}],"wp:term":[{"taxonomy":"product_cat","embeddable":true,"href":"https:\/\/e-adams.pl\/de\/wp-json\/wp\/v2\/product_cat?post=23193"},{"taxonomy":"product_tag","embeddable":true,"href":"https:\/\/e-adams.pl\/de\/wp-json\/wp\/v2\/product_tag?post=23193"}],"curies":[{"name":"wp","href":"https:\/\/api.w.org\/{rel}","templated":true}]}}