{"id":23194,"date":"2023-12-06T09:57:04","date_gmt":"2023-12-06T08:57:04","guid":{"rendered":"https:\/\/e-adams.pl\/produkt\/bluza-robocza-professional-strech-line-oliwka-xxxl-60-powermax-s-79291\/"},"modified":"2025-06-23T12:54:46","modified_gmt":"2025-06-23T10:54:46","slug":"bluza-robocza-stalco-powermax-strech-line-oliwka-xxxl-60","status":"publish","type":"product","link":"https:\/\/e-adams.pl\/de\/produkt\/bluza-robocza-stalco-powermax-strech-line-oliwka-xxxl-60\/","title":{"rendered":"Bluza robocza STALCO POWERMAX STRECH LINE oliwka XXXL-60"},"content":{"rendered":"<h3>OPIS:<\/h3>\n<p>Bluza robocza STALCO POWERMAX STRECH LINE\u00a0to ciekawa stylistycznie odzie\u017c robocza, spe\u0142niaj\u0105ca potrzeby nawet najbardziej wymagaj\u0105cych u\u017cytkownik\u00f3w. Produkt wykonany jest z wysokiej jako\u015bci tkaniny outdoorowej, dlatego ma w\u0142a\u015bciwo\u015bci szybkoschn\u0105ce, wiatroszczelne, a tak\u017ce dobrze dopasowuje si\u0119 do cia\u0142a.<br \/>\nMateria\u0142 utrzymuje elastyczno\u015b\u0107 w czasie pracy nawet przy ekstremalnych przeci\u0105\u017ceniach. Dodatkowo bluz\u0119 mo\u017cna wyregulowa\u0107 w pasie, a tak\u017ce w obr\u0119bie nadgarstk\u00f3w, gdzie zastosowano dodatkowy &#8211; wewn\u0119trzny mankiet z otworem na kciuk. Dok\u0142adnie wykonane szwy s\u0105 wzmocnione ryglami, co zapobiega rozerwaniu na szwach. Dodatkowy komfort to wentylacja pod pachami rozpina na zamek.<\/p>\n<p>Przy projektowaniu BLUZY ROBOCZEJ STALCO STRETCH LINE pomagali profesjonalni u\u017cytkownicy, dlatego odzie\u017c jest bardzo funkcjonalna. Bluza wyposa\u017cona zosta\u0142a w cztery kieszenie rozmieszczone w klasycznych miejscach. Wszystkie s\u0105 zapinane na zamek YKK z odblaskami, dlatego mo\u017cna wykorzysta\u0107 je zar\u00f3wno do przechowywania drobnych przedmiot\u00f3w osobistych, jak i akcesori\u00f3w potrzebnych przy pracy. Za popraw\u0119 komfortu pracy i funkcjonalno\u015bci bluzy odpowiada te\u017c trwa\u0142y g\u0142\u00f3wny zamek kostkowy YKK. Dla unikni\u0119cia zapylenia \/ zabrudzenia zamka, zastosowano listw\u0119 zabezpieczaj\u0105c\u0105 zapinan\u0105 na rzepy. Wstawki z CORDURA podnios\u0105 \u017cywotno\u015b\u0107 ubrania.<\/p>\n<p>Sporo uwagi zwr\u00f3cono tak\u017ce na bezpiecze\u0144stwo pracy. BLUZA ROBOCZA STALCO STRETCH LINE ma niebarwi\u0105ce si\u0119 elementy kontrastowe, kt\u00f3re poprawiaj\u0105 widoczno\u015b\u0107. Ponadto zastosowano te\u017c wysokiej jako\u015bci dodatki odblaskowe 3M Scotchlite, kt\u00f3re s\u0105 odporne na \u015bcieranie i cechuj\u0105 si\u0119 d\u0142ug\u0105 \u017cywotno\u015bci\u0105, utrzymuj\u0105c swoje parametry 70% odblasku nawet powy\u017cej 50 pra\u0144. System wentylacji pod pachami zapinanymi na zamek, wysoka st\u00f3jka chroni\u0105ca szyj\u0119 i dodatkowe regulacje poprawiaj\u0105 komfort u\u017cytkowania.<\/p>\n<h3>Charakterystyka:<\/h3>\n<p>&#8211; nowoczesny, profesjonalny kr\u00f3j<br \/>\n&#8211; rygle wzmacniaj\u0105ce szwy<br \/>\n&#8211; st\u00f3jka<br \/>\n&#8211; r\u0119kawy regulowane z otworem na kciuk<br \/>\n&#8211; elementy odblaskowe 3M<br \/>\n&#8211; mocne zamki YKK<br \/>\n&#8211; listwa zabezpieczaj\u0105ca zamek<br \/>\n&#8211; system wentylacji<br \/>\n&#8211; 4 funkcjonalne kieszenie zapinane na zamek<br \/>\n&#8211; regulacja w pasie<br \/>\n&#8211; materia\u0142 outdorowy, szybkoschn\u0105cy i z elastanem,<br \/>\n&#8211; dopasowuj\u0105cy si\u0119 softshell<\/p>\n<p>\u2022 Indeks: S-79291<br \/>\n\u2022 Kod EAN: 5901466176269<\/p>\n","protected":false},"excerpt":{"rendered":"<p>Bluza robocza STALCO POWERMAX STRECH LINE\u00a0to ciekawa stylistycznie odzie\u017c robocza, spe\u0142niaj\u0105ca potrzeby nawet najbardziej wymagaj\u0105cych u\u017cytkownik\u00f3w. Produkt wykonany jest z wysokiej jako\u015bci tkaniny outdoorowej, dlatego ma w\u0142a\u015bciwo\u015bci szybkoschn\u0105ce, wiatroszczelne, a tak\u017ce dobrze dopasowuje si\u0119 do cia\u0142a.<\/p>\n","protected":false},"featured_media":23519,"comment_status":"open","ping_status":"closed","template":"","meta":{"_acf_changed":false,"inline_featured_image":false},"product_cat":[2552],"product_tag":[2487,2477,1505,2488],"class_list":{"0":"post-23194","1":"product","2":"type-product","3":"status-publish","4":"has-post-thumbnail","6":"product_cat-bluzy-polary-swetry","7":"product_tag-bluza-robocza","8":"product_tag-powermax","9":"product_tag-stalco","10":"product_tag-strech-line","12":"first","13":"instock","14":"shipping-taxable","15":"product-type-simple"},"acf":[],"_links":{"self":[{"href":"https:\/\/e-adams.pl\/de\/wp-json\/wp\/v2\/product\/23194","targetHints":{"allow":["GET"]}}],"collection":[{"href":"https:\/\/e-adams.pl\/de\/wp-json\/wp\/v2\/product"}],"about":[{"href":"https:\/\/e-adams.pl\/de\/wp-json\/wp\/v2\/types\/product"}],"replies":[{"embeddable":true,"href":"https:\/\/e-adams.pl\/de\/wp-json\/wp\/v2\/comments?post=23194"}],"wp:featuredmedia":[{"embeddable":true,"href":"https:\/\/e-adams.pl\/de\/wp-json\/wp\/v2\/media\/23519"}],"wp:attachment":[{"href":"https:\/\/e-adams.pl\/de\/wp-json\/wp\/v2\/media?parent=23194"}],"wp:term":[{"taxonomy":"product_cat","embeddable":true,"href":"https:\/\/e-adams.pl\/de\/wp-json\/wp\/v2\/product_cat?post=23194"},{"taxonomy":"product_tag","embeddable":true,"href":"https:\/\/e-adams.pl\/de\/wp-json\/wp\/v2\/product_tag?post=23194"}],"curies":[{"name":"wp","href":"https:\/\/api.w.org\/{rel}","templated":true}]}}