{"id":23203,"date":"2023-12-06T09:57:11","date_gmt":"2023-12-06T08:57:11","guid":{"rendered":"https:\/\/e-adams.pl\/produkt\/bluza-z-kapturem-mechanik-czarna-s-powermax-s-79155\/"},"modified":"2024-07-15T11:31:21","modified_gmt":"2024-07-15T09:31:21","slug":"bluza-z-kapturem-mechanick-stalco-powermax-czarna","status":"publish","type":"product","link":"https:\/\/e-adams.pl\/de\/produkt\/bluza-z-kapturem-mechanick-stalco-powermax-czarna\/","title":{"rendered":"Bluza z kapturem &#8222;MECHANICK&#8220; STALCO POWERMAX czarna"},"content":{"rendered":"<h3>OPIS:<\/h3>\n<p>Bluza z kapturem &#8222;MECHANICK&#8220; STALCO POWERMAX doskonale sprawdzi si\u0119 w r\u00f3\u017cnorodnych dziedzinach pracy, zw\u0142aszcza w bran\u017cy budowlanej, pracach serwisowych, remontowych, magazynowych oraz transporcie, jest niezwykle wszechstronne i dostosowane do r\u00f3\u017cnych warunk\u00f3w \u015brodowiskowych.<\/p>\n<p>W kontek\u015bcie bran\u017cy budowlanej, odzie\u017c ta zapewnia nie tylko ochron\u0119 przed warunkami atmosferycznymi, takimi jak deszcz czy wiatr, ale tak\u017ce stanowi barier\u0119 ochronn\u0105 przed potencjalnymi zagro\u017ceniami zwi\u0105zanymi z prac\u0105 na budowie. Wytrzyma\u0142e materia\u0142y i dodatkowe wzmocnienia zabezpieczaj\u0105 pracownik\u00f3w przed ewentualnymi urazami czy uszkodzeniami mechanicznymi.<\/p>\n<p>W przypadku prac serwisowych, gdzie konieczne jest utrzymanie porz\u0105dku oraz wykonywanie drobnych napraw, ubranie to jest \u0142atwe w utrzymaniu czysto\u015bci, jednocze\u015bnie umo\u017cliwiaj\u0105c swobod\u0119 ruchu i komfort noszenia przez d\u0142u\u017cszy czas. Dodatkowe kieszenie i przegr\u00f3dki u\u0142atwiaj\u0105 przechowywanie narz\u0119dzi czy akcesori\u00f3w niezb\u0119dnych do wykonywania prac serwisowych.<\/p>\n<h3>Charakterystyka:<\/h3>\n<ul>\n<li>bluza robocza z klasycznej dresowej dzianiny<\/li>\n<li>liczna wzmocnienia z tkaniny Cordura<\/li>\n<li>kontrastowe wstawki<\/li>\n<li>wysoka st\u00f3jka<\/li>\n<li>zintegrowany kaptur<\/li>\n<li>mo\u017cliwo\u015b\u0107 regulacji kaptura<\/li>\n<li>zamki YKK<\/li>\n<li>ta\u015bmy odblaskowe 3M Scotchlite<\/li>\n<li>elastyczne \u015bci\u0105gacze w r\u0119kawach i dolnej cz\u0119\u015bci bluzy<\/li>\n<li>sportowy kr\u00f3j<\/li>\n<li>nowoczesny design<\/li>\n<\/ul>\n<h3>DANE TECHNICZNE:<\/h3>\n<ul>\n<li>CE kategoria I<\/li>\n<li>materia\u0142: 20% poliester, 80% bawe\u0142na<\/li>\n<li>gramatura materia\u0142u: 440g\/m2<\/li>\n<li>obw\u00f3d klatki piersiowej: 100-104<\/li>\n<li>Indeks: S-79155<\/li>\n<li>Kod EAN: 5901466168219<\/li>\n<\/ul>\n","protected":false},"excerpt":{"rendered":"<p>Bluza z kapturem &#8222;MECHANICK&#8220; STALCO POWERMAX doskonale sprawdzi si\u0119 w r\u00f3\u017cnorodnych dziedzinach pracy, zw\u0142aszcza w bran\u017cy budowlanej, pracach serwisowych, remontowych, magazynowych oraz transporcie, jest niezwykle wszechstronne i dostosowane do r\u00f3\u017cnych warunk\u00f3w \u015brodowiskowych.<\/p>\n","protected":false},"featured_media":23550,"comment_status":"open","ping_status":"closed","template":"","meta":{"_acf_changed":false,"inline_featured_image":false},"product_cat":[2552],"product_tag":[2511,2530,1505],"class_list":{"0":"post-23203","1":"product","2":"type-product","3":"status-publish","4":"has-post-thumbnail","6":"product_cat-bluzy-polary-swetry","7":"product_tag-bluza-z-kapturem","8":"product_tag-mechanick","9":"product_tag-stalco","11":"first","12":"instock","13":"shipping-taxable","14":"purchasable","15":"product-type-simple"},"acf":[],"_links":{"self":[{"href":"https:\/\/e-adams.pl\/de\/wp-json\/wp\/v2\/product\/23203","targetHints":{"allow":["GET"]}}],"collection":[{"href":"https:\/\/e-adams.pl\/de\/wp-json\/wp\/v2\/product"}],"about":[{"href":"https:\/\/e-adams.pl\/de\/wp-json\/wp\/v2\/types\/product"}],"replies":[{"embeddable":true,"href":"https:\/\/e-adams.pl\/de\/wp-json\/wp\/v2\/comments?post=23203"}],"wp:featuredmedia":[{"embeddable":true,"href":"https:\/\/e-adams.pl\/de\/wp-json\/wp\/v2\/media\/23550"}],"wp:attachment":[{"href":"https:\/\/e-adams.pl\/de\/wp-json\/wp\/v2\/media?parent=23203"}],"wp:term":[{"taxonomy":"product_cat","embeddable":true,"href":"https:\/\/e-adams.pl\/de\/wp-json\/wp\/v2\/product_cat?post=23203"},{"taxonomy":"product_tag","embeddable":true,"href":"https:\/\/e-adams.pl\/de\/wp-json\/wp\/v2\/product_tag?post=23203"}],"curies":[{"name":"wp","href":"https:\/\/api.w.org\/{rel}","templated":true}]}}