{"id":23207,"date":"2023-12-06T09:57:14","date_gmt":"2023-12-06T08:57:14","guid":{"rendered":"https:\/\/e-adams.pl\/produkt\/bruzdownica-125mm-1500w-wcs30-stalco-premium-s-97212\/"},"modified":"2024-05-23T08:57:21","modified_gmt":"2024-05-23T06:57:21","slug":"bruzdownica-125mm-1500w-wcs30-stalco-premium-s-97212","status":"publish","type":"product","link":"https:\/\/e-adams.pl\/de\/produkt\/bruzdownica-125mm-1500w-wcs30-stalco-premium-s-97212\/","title":{"rendered":"Bruzdownica STALCO PREMIUM WCS30 125MM 1500W"},"content":{"rendered":"<h3>OPIS:<\/h3>\n<p>Bruzdownica STALCO PREMIUM WCS30 125MM 1500W\u00a0to narz\u0119dzie stworzone z my\u015bl\u0105 o wykonywaniu szczelin w r\u00f3\u017cnego rodzaju twardych materia\u0142ach budowlanych. Doskonale sprawdza si\u0119 w pracach budowlanych, zw\u0142aszcza przy tworzeniu tras pod instalacje elektryczne, ciep\u0142ownicze lub wodne. Ponadto, jej wszechstronne mo\u017cliwo\u015bci znajduj\u0105 zastosowanie r\u00f3wnie\u017c w pracach kamieniarskich.<\/p>\n<p>To narz\u0119dzie umo\u017cliwia korzystanie z tarcz diamentowych do betonu czy kamienia naturalnego o \u015brednicy 125 mm i szeroko\u015bci do 2,2 mm. Dzi\u0119ki regulacji ustawienia tarczy, bruzdownica WCS30 wykonuje bruzdy o szeroko\u015bci od 8 do 30 mm, a ich g\u0142\u0119boko\u015b\u0107 mo\u017ce wynosi\u0107 pomi\u0119dzy 5 a 29 mm. Silnik pracuj\u0105cy z pr\u0119dko\u015bci\u0105 do 8500 obrot\u00f3w na minut\u0119 zapewnia du\u017c\u0105 wydajno\u015b\u0107 pracy.<\/p>\n<p>Zasilany pr\u0105dem sieciowym silnik o mocy 1500 W umo\u017cliwia efektywn\u0105 prac\u0119 nawet przy wykonywaniu szczelin o znacznej g\u0142\u0119boko\u015bci i szeroko\u015bci.<\/p>\n<p>Mo\u017cliwo\u015b\u0107 regulacji po\u0142o\u017cenia tarczy i doboru jej szeroko\u015bci sprawiaj\u0105, \u017ce bruzdownic\u0105 mo\u017cna wykonywa\u0107 wiele kana\u0142\u00f3w pod r\u00f3\u017cnorodne instalacje, co zwi\u0119ksza jej funkcjonalno\u015b\u0107.<\/p>\n<p>Bruzdownica WCS30 zosta\u0142a wyposa\u017cona w blokad\u0119 w\u0142\u0105cznika, eliminuj\u0105c ryzyko przypadkowego uruchomienia silnika. Dodatkowo, obecno\u015b\u0107 os\u0142on zapobiega wyrzucaniu odprysk\u00f3w roboczych w stron\u0119 operatora, co podnosi poziom bezpiecze\u0144stwa pracy.<\/p>\n<p><strong>W zestawie<\/strong>:<\/p>\n<p>Dwie diamentowe tarcze tn\u0105ce, d\u0142uto, dodatkowe szczotki w\u0119glowe, adapter do odkurzacza i uchwyt pomocniczy, a tak\u017ce dodatkowe klucze: sze\u015bciok\u0105tne i do flanszy.<\/p>\n<h3>DANE TECHNICZNE:<\/h3>\n<ul>\n<li>Moc znamionowa [W]<strong>\u00a01500<\/strong><\/li>\n<li>Napi\u0119cie znamionowe [V]\u00a0<strong>230-240<\/strong><\/li>\n<li>Cz\u0119stotliwo\u015b\u0107 znamionowa [Hz]\u00a0<strong>50<\/strong><\/li>\n<li>Nat\u0119\u017cenie pr\u0105du [A]\u00a0<strong>7<\/strong><\/li>\n<li>Pr\u0119dko\u015b\u0107 znamionowa [obr\/min]\u00a0<strong>8500<\/strong><\/li>\n<li>\u015arednica tarczy [mm]\u00a0<strong>125<\/strong><\/li>\n<li>\u015arednica otworu tarczy [mm]<strong>\u00a022,23<\/strong><\/li>\n<li>Maksymalna grubo\u015b\u0107 tarczy [mm]\u00a0<strong>2,2<\/strong><\/li>\n<li>G\u0142\u0119boko\u015b\u0107 ci\u0119cia [mm]<strong>\u00a05-29<\/strong><\/li>\n<li>Szeroko\u015b\u0107 ci\u0119cia [mm]<strong>\u00a08-30<\/strong><\/li>\n<li>Rozmiar gwintu wrzeciona\u00a0<strong>M14<\/strong><\/li>\n<li>Waga [kg]<strong>\u00a04,85<\/strong><\/li>\n<li>D\u0142ugo\u015b\u0107 przewodu [m]\u00a0<strong>3<\/strong><\/li>\n<li>Klasa ochronno\u015bci<strong>\u00a0II<\/strong><\/li>\n<li>Indeks: S-97212<\/li>\n<li>Kod EAN: 5904012115644<\/li>\n<\/ul>\n","protected":false},"excerpt":{"rendered":"<p>Bruzdownica STALCO PREMIUM WCS30 125MM 1500W\u00a0to narz\u0119dzie stworzone z my\u015bl\u0105 o wykonywaniu szczelin w r\u00f3\u017cnego rodzaju twardych materia\u0142ach budowlanych. Doskonale sprawdza si\u0119 w pracach budowlanych, zw\u0142aszcza przy tworzeniu tras pod instalacje elektryczne, ciep\u0142ownicze lub wodne. Ponadto, jej wszechstronne mo\u017cliwo\u015bci znajduj\u0105 zastosowanie r\u00f3wnie\u017c w pracach kamieniarskich.<\/p>\n","protected":false},"featured_media":23827,"comment_status":"open","ping_status":"closed","template":"","meta":{"_acf_changed":false,"inline_featured_image":false},"product_cat":[2895],"product_tag":[2679,1505],"class_list":{"0":"post-23207","1":"product","2":"type-product","3":"status-publish","4":"has-post-thumbnail","6":"product_cat-stalco","7":"product_tag-bruzdownica","8":"product_tag-stalco","10":"first","11":"outofstock","12":"shipping-taxable","13":"purchasable","14":"product-type-simple"},"acf":[],"_links":{"self":[{"href":"https:\/\/e-adams.pl\/de\/wp-json\/wp\/v2\/product\/23207","targetHints":{"allow":["GET"]}}],"collection":[{"href":"https:\/\/e-adams.pl\/de\/wp-json\/wp\/v2\/product"}],"about":[{"href":"https:\/\/e-adams.pl\/de\/wp-json\/wp\/v2\/types\/product"}],"replies":[{"embeddable":true,"href":"https:\/\/e-adams.pl\/de\/wp-json\/wp\/v2\/comments?post=23207"}],"wp:featuredmedia":[{"embeddable":true,"href":"https:\/\/e-adams.pl\/de\/wp-json\/wp\/v2\/media\/23827"}],"wp:attachment":[{"href":"https:\/\/e-adams.pl\/de\/wp-json\/wp\/v2\/media?parent=23207"}],"wp:term":[{"taxonomy":"product_cat","embeddable":true,"href":"https:\/\/e-adams.pl\/de\/wp-json\/wp\/v2\/product_cat?post=23207"},{"taxonomy":"product_tag","embeddable":true,"href":"https:\/\/e-adams.pl\/de\/wp-json\/wp\/v2\/product_tag?post=23207"}],"curies":[{"name":"wp","href":"https:\/\/api.w.org\/{rel}","templated":true}]}}