{"id":23210,"date":"2023-12-06T09:57:16","date_gmt":"2023-12-06T08:57:16","guid":{"rendered":"https:\/\/e-adams.pl\/produkt\/czapka-termoaktywna-meska-niebieska-cooper-s-79005\/"},"modified":"2024-05-10T11:02:25","modified_gmt":"2024-05-10T09:02:25","slug":"czapka-termoaktywna-meska-stalco-cooper-niebieska","status":"publish","type":"product","link":"https:\/\/e-adams.pl\/de\/produkt\/czapka-termoaktywna-meska-stalco-cooper-niebieska\/","title":{"rendered":"Czapka termoaktywna m\u0119ska STALCO COOPER niebieska"},"content":{"rendered":"<h3>OPIS:<\/h3>\n<p>Czapka termoaktywna m\u0119ska STALCO COOPER idealnie sprawdzi si\u0119 w ka\u017cdych warunkach pogodowych gdy\u017c \u015bwietnie dopasowuje si\u0119 do kszta\u0142tu i rozmiaru g\u0142owy. Jest wykonana z elastycznych, lekkich i oddychaj\u0105ca materia\u0142\u00f3w dzi\u0119ki czemu zapewni w\u0142a\u015bciw\u0105 cyrkulacje powietrza i utrzyma optymalna temperatur\u0119.<\/p>\n<p>Cecha nadaj\u0105ca dodatkowa funkcjonalno\u015b\u0107 w okresie zimowym lub wieczorami s\u0105 zaimplementowane elementy odblaskowe zwi\u0119kszaj\u0105ce widoczno\u015b\u0107 i bezpiecze\u0144stwo.<\/p>\n<h3>DANE TECHNICZNE:<\/h3>\n<ul>\n<li>materia\u0142: 94%\u00a0poliester, 6% elastan<\/li>\n<li>Zastosowanie: Outdoor Sport Uniwersalne<\/li>\n<li>gramatura materia\u0142u: 280g\/m2<\/li>\n<li>Indeks: S-79005<\/li>\n<li>Kod EAN: 5901466142516<\/li>\n<\/ul>\n","protected":false},"excerpt":{"rendered":"<p>Czapka termoaktywna m\u0119ska STALCO COOPER idealnie sprawdzi si\u0119 w ka\u017cdych warunkach pogodowych gdy\u017c \u015bwietnie dopasowuje si\u0119 do kszta\u0142tu i rozmiaru g\u0142owy. Jest wykonana z elastycznych, lekkich i oddychaj\u0105ca materia\u0142\u00f3w dzi\u0119ki czemu zapewni w\u0142a\u015bciwa cyrkulacje powietrza i utrzyma optymalna temperatur\u0119.<\/p>\n","protected":false},"featured_media":23568,"comment_status":"open","ping_status":"closed","template":"","meta":{"_acf_changed":false,"inline_featured_image":false},"product_cat":[2556],"product_tag":[2529,2527,2528,1505],"class_list":{"0":"post-23210","1":"product","2":"type-product","3":"status-publish","4":"has-post-thumbnail","6":"product_cat-czapki","7":"product_tag-cooper","8":"product_tag-czapka-termoaktywna","9":"product_tag-meska","10":"product_tag-stalco","12":"first","13":"instock","14":"shipping-taxable","15":"purchasable","16":"product-type-simple"},"acf":[],"_links":{"self":[{"href":"https:\/\/e-adams.pl\/de\/wp-json\/wp\/v2\/product\/23210","targetHints":{"allow":["GET"]}}],"collection":[{"href":"https:\/\/e-adams.pl\/de\/wp-json\/wp\/v2\/product"}],"about":[{"href":"https:\/\/e-adams.pl\/de\/wp-json\/wp\/v2\/types\/product"}],"replies":[{"embeddable":true,"href":"https:\/\/e-adams.pl\/de\/wp-json\/wp\/v2\/comments?post=23210"}],"wp:featuredmedia":[{"embeddable":true,"href":"https:\/\/e-adams.pl\/de\/wp-json\/wp\/v2\/media\/23568"}],"wp:attachment":[{"href":"https:\/\/e-adams.pl\/de\/wp-json\/wp\/v2\/media?parent=23210"}],"wp:term":[{"taxonomy":"product_cat","embeddable":true,"href":"https:\/\/e-adams.pl\/de\/wp-json\/wp\/v2\/product_cat?post=23210"},{"taxonomy":"product_tag","embeddable":true,"href":"https:\/\/e-adams.pl\/de\/wp-json\/wp\/v2\/product_tag?post=23210"}],"curies":[{"name":"wp","href":"https:\/\/api.w.org\/{rel}","templated":true}]}}