{"id":23213,"date":"2023-12-06T09:57:18","date_gmt":"2023-12-06T08:57:18","guid":{"rendered":"https:\/\/e-adams.pl\/produkt\/czapka-z-dioda-led-fluo-pomarancz-43455\/"},"modified":"2024-02-15T11:49:28","modified_gmt":"2024-02-15T10:49:28","slug":"czapka-z-dioda-led-extol-fluo-pomaranczowy","status":"publish","type":"product","link":"https:\/\/e-adams.pl\/de\/produkt\/czapka-z-dioda-led-extol-fluo-pomaranczowy\/","title":{"rendered":"Czapka z diod\u0105 led EXTOL FLUO pomara\u0144czowy"},"content":{"rendered":"<h3>OPIS:<\/h3>\n<p>Czapka z diod\u0105 led EXTOL FLUO to innowacyjny dodatek, kt\u00f3ry nie tylko ochroni Ci\u0119 przed zimnem, ale tak\u017ce zapewni unikalny efekt o\u015bwietleniowy dzi\u0119ki a\u017c czterem trybom \u015bwiecenia. Wykonana z wysokiej jako\u015bci poliestru i akrylu, ta czapka zimowa zapewnia komfort noszenia, dzi\u0119ki uniwersalnemu rozmiarowi, kt\u00f3ry doskonale dopasowuje si\u0119 do g\u0142owy, nie powoduj\u0105c przy tym dyskomfortu.<\/p>\n<p>Czapka zosta\u0142a wyposa\u017cona w wyjmowane \u015bwiate\u0142ko LED umieszczone z przodu, kt\u00f3re oferuje cztery r\u00f3\u017cne tryby \u015bwiecenia. Dodatkowo, \u0142adowanie tego o\u015bwietlenia odbywa si\u0119 przy pomocy wygodnego z\u0142\u0105cza USB, co sprawia, \u017ce jest ona \u0142atwa w obs\u0142udze.<\/p>\n<p>Ten designerski model czapki zimowej sprawdzi si\u0119 doskonale w r\u00f3\u017cnych sytuacjach, zar\u00f3wno podczas prac o zmroku, jak i podczas aktywno\u015bci sportowych, wycieczek czy spacer\u00f3w z psem.<\/p>\n<p>Oferuje nie tylko funkcjonalno\u015b\u0107, ale tak\u017ce stylowy element, kt\u00f3ry wyr\u00f3\u017cni Ci\u0119 w t\u0142umie. Ciesz si\u0119 ciep\u0142em i niezwyk\u0142ym \u015bwietlnym efektem z t\u0105 nowoczesn\u0105 czapk\u0105 zimow\u0105 LED.<\/p>\n<h3>DANE TECHNICZNE:<\/h3>\n<ul>\n<li>Kolor: pomara\u0144czowy<\/li>\n<li>Materia\u0142: 65% poliester, 35% akryl<\/li>\n<li>Rozmiar uniwersalny<\/li>\n<li>Moc \u0142adowania: 0,5 W<\/li>\n<li>Napi\u0119cie \u0142adowania: 5 V<\/li>\n<li>Pr\u0105d \u0142adowania: 200 mAh<\/li>\n<li>Moc znamionowa: 1W<\/li>\n<li>Strumie\u0144 \u015bwietlny 150 lm<\/li>\n<li>4 prze\u0142\u0105czane nat\u0119\u017cenia \u015bwiat\u0142a (du\u017ce 100% mocy, \u015brednie 50% mocy, ma\u0142e 25% mocy i pulsuj\u0105ce \u015bwiat\u0142o)<\/li>\n<li>\u0141adowanie USB<\/li>\n<li>Indeks: 43455<\/li>\n<li>Kod EAN: 8595126997089<\/li>\n<\/ul>\n","protected":false},"excerpt":{"rendered":"<p>Czapka z diod\u0105 led EXTOL FLUO to innowacyjny dodatek, kt\u00f3ry nie tylko ochroni Ci\u0119 przed zimnem, ale tak\u017ce zapewni unikalny efekt o\u015bwietleniowy dzi\u0119ki a\u017c czterem trybom \u015bwiecenia. Wykonana z wysokiej jako\u015bci poliestru i akrylu, ta czapka zimowa zapewnia komfort noszenia, dzi\u0119ki uniwersalnemu rozmiarowi, kt\u00f3ry doskonale dopasowuje si\u0119 do g\u0142owy, nie powoduj\u0105c przy tym dyskomfortu.<\/p>\n","protected":false},"featured_media":23638,"comment_status":"open","ping_status":"closed","template":"","meta":{"_acf_changed":false,"inline_featured_image":false},"product_cat":[2556],"product_tag":[2581,2580],"class_list":{"0":"post-23213","1":"product","2":"type-product","3":"status-publish","4":"has-post-thumbnail","6":"product_cat-czapki","7":"product_tag-czapka-z-dioda","8":"product_tag-extol","10":"first","11":"outofstock","12":"shipping-taxable","13":"purchasable","14":"product-type-simple"},"acf":[],"_links":{"self":[{"href":"https:\/\/e-adams.pl\/de\/wp-json\/wp\/v2\/product\/23213","targetHints":{"allow":["GET"]}}],"collection":[{"href":"https:\/\/e-adams.pl\/de\/wp-json\/wp\/v2\/product"}],"about":[{"href":"https:\/\/e-adams.pl\/de\/wp-json\/wp\/v2\/types\/product"}],"replies":[{"embeddable":true,"href":"https:\/\/e-adams.pl\/de\/wp-json\/wp\/v2\/comments?post=23213"}],"wp:featuredmedia":[{"embeddable":true,"href":"https:\/\/e-adams.pl\/de\/wp-json\/wp\/v2\/media\/23638"}],"wp:attachment":[{"href":"https:\/\/e-adams.pl\/de\/wp-json\/wp\/v2\/media?parent=23213"}],"wp:term":[{"taxonomy":"product_cat","embeddable":true,"href":"https:\/\/e-adams.pl\/de\/wp-json\/wp\/v2\/product_cat?post=23213"},{"taxonomy":"product_tag","embeddable":true,"href":"https:\/\/e-adams.pl\/de\/wp-json\/wp\/v2\/product_tag?post=23213"}],"curies":[{"name":"wp","href":"https:\/\/api.w.org\/{rel}","templated":true}]}}