{"id":23214,"date":"2023-12-06T09:57:19","date_gmt":"2023-12-06T08:57:19","guid":{"rendered":"https:\/\/e-adams.pl\/produkt\/czapka-zimowa-alaska-gruba-czarna-s-42055\/"},"modified":"2024-02-15T11:49:02","modified_gmt":"2024-02-15T10:49:02","slug":"czapka-zimowa-gruba-stalco-alaska-czarna","status":"publish","type":"product","link":"https:\/\/e-adams.pl\/de\/produkt\/czapka-zimowa-gruba-stalco-alaska-czarna\/","title":{"rendered":"Czapka zimowa gruba STALCO ALASKA czarna"},"content":{"rendered":"<h3>OPIS:<\/h3>\n<p>Czapka zimowa gruba STALCO ALASKA o\u00a0\u015bci\u0105gaczowym splocie\u00a0zapewnia\u00a0doskona\u0142e dopasowanie do kszta\u0142tu i obwodu g\u0142owy. Dodatkowe\u00a0podszycie polarem\u00a0i\u00a0wywijany brzeg doskonale chroni g\u0142ow\u0119 przed zimnem. Idealnie sprawdzi si\u0119 w ka\u017cdych warunkach pogodowych gdy\u017c \u015bwietnie dopasowuje si\u0119 do kszta\u0142tu i rozmiaru g\u0142owy.<\/p>\n<p>Jest wykonana z elastycznych, lekkich materia\u0142\u00f3w dzi\u0119ki czemu zapewni w\u0142a\u015bciw\u0105 cyrkulacje powietrza i utrzyma optymalna temperatur\u0119.<\/p>\n<p><strong>Cechy:<\/strong><\/p>\n<p>&#8211; \u015bci\u0105gaczowy splot zapewniaj\u0105cy doskona\u0142e dopasowanie do kszta\u0142tu i obwodu g\u0142owy<br \/>\n&#8211; dodatkowe podszycie polarem<br \/>\n&#8211; wywijany brzeg<br \/>\n&#8211; idealna r\u00f3wnie\u017c do u\u017cytku codziennego<\/p>\n<h3>DANE TECHNICZNE:<\/h3>\n<div>\u2022 Materia\u0142 wykonania: 100% akryl &#8211; poliester<\/div>\n<div class=\"property index\"><span class=\"label\">\u2022 Indeks:<\/span>\u00a0<span class=\"value\">S-42055<\/span><\/div>\n<div class=\"property ean\"><span class=\"label\">\u2022 Kod EAN:<\/span>\u00a0<span class=\"value\">5901466118580<\/span><\/div>\n","protected":false},"excerpt":{"rendered":"<p>Czapka zimowa gruba STALCO ALASKA o\u00a0\u015bci\u0105gaczowym splocie\u00a0zapewnia\u00a0doskona\u0142e dopasowanie do kszta\u0142tu i obwodu g\u0142owy. Dodatkowe\u00a0podszycie polarem\u00a0i\u00a0wywijany brzeg doskonale chroni g\u0142ow\u0119 przed zimnem. Idealnie sprawdzi si\u0119 w ka\u017cdych warunkach pogodowych gdy\u017c \u015bwietnie dopasowuje si\u0119 do kszta\u0142tu i rozmiaru g\u0142owy.<\/p>\n","protected":false},"featured_media":23634,"comment_status":"open","ping_status":"closed","template":"","meta":{"_acf_changed":false,"inline_featured_image":false},"product_cat":[2556],"product_tag":[2578,2576,2577,1505],"class_list":{"0":"post-23214","1":"product","2":"type-product","3":"status-publish","4":"has-post-thumbnail","6":"product_cat-czapki","7":"product_tag-alaska","8":"product_tag-czapka-zimowa","9":"product_tag-gruba","10":"product_tag-stalco","12":"first","13":"instock","14":"shipping-taxable","15":"purchasable","16":"product-type-simple"},"acf":[],"_links":{"self":[{"href":"https:\/\/e-adams.pl\/de\/wp-json\/wp\/v2\/product\/23214","targetHints":{"allow":["GET"]}}],"collection":[{"href":"https:\/\/e-adams.pl\/de\/wp-json\/wp\/v2\/product"}],"about":[{"href":"https:\/\/e-adams.pl\/de\/wp-json\/wp\/v2\/types\/product"}],"replies":[{"embeddable":true,"href":"https:\/\/e-adams.pl\/de\/wp-json\/wp\/v2\/comments?post=23214"}],"wp:featuredmedia":[{"embeddable":true,"href":"https:\/\/e-adams.pl\/de\/wp-json\/wp\/v2\/media\/23634"}],"wp:attachment":[{"href":"https:\/\/e-adams.pl\/de\/wp-json\/wp\/v2\/media?parent=23214"}],"wp:term":[{"taxonomy":"product_cat","embeddable":true,"href":"https:\/\/e-adams.pl\/de\/wp-json\/wp\/v2\/product_cat?post=23214"},{"taxonomy":"product_tag","embeddable":true,"href":"https:\/\/e-adams.pl\/de\/wp-json\/wp\/v2\/product_tag?post=23214"}],"curies":[{"name":"wp","href":"https:\/\/api.w.org\/{rel}","templated":true}]}}