{"id":23225,"date":"2023-12-06T09:57:27","date_gmt":"2023-12-06T08:57:27","guid":{"rendered":"https:\/\/e-adams.pl\/produkt\/kalesony-termoaktywne-meskie-sully-m-xxl-stalco-performance-s-79023\/"},"modified":"2024-02-15T11:49:03","modified_gmt":"2024-02-15T10:49:03","slug":"kalesony-termoatywne-meskie-stalco-performance-sully-m-xxl","status":"publish","type":"product","link":"https:\/\/e-adams.pl\/de\/produkt\/kalesony-termoatywne-meskie-stalco-performance-sully-m-xxl\/","title":{"rendered":"Kalesony termoatywne m\u0119skie STALCO PERFORMANCE SULLY M XXL"},"content":{"rendered":"<h3>OPIS:<\/h3>\n<p>Kalesony termoatywne m\u0119skie STALCO PERFORMANCE SULLY M to doskona\u0142y wyb\u00f3r dla m\u0119\u017cczyzn ceni\u0105cych komfort i funkcjonalno\u015b\u0107. Idealnie dopasowuj\u0105 si\u0119 do kszta\u0142tu cia\u0142a, co sprawia, \u017ce noszenie ich jest nie tylko wygodne, ale r\u00f3wnie\u017c estetyczne. P\u0142askie szwy zosta\u0142y zastosowane w celu zminimalizowania dyskomfortu i ryzyka otar\u0107.<\/p>\n<p>Zastosowane nowoczesne w\u0142\u00f3kno skutecznie odprowadza pot ze sk\u00f3ry, co gwarantuje uczucie komfortu nawet podczas intensywnego u\u017cytkowania, co sprawia, \u017ce kalesony nie tylko prezentuj\u0105 si\u0119 stylowo, ale tak\u017ce s\u0105 praktyczne w u\u017cytkowaniu.<\/p>\n<p>Te termoaktywne kalesony Sully M to nie tylko funkcjonalny element m\u0119skiej garderoby, ale tak\u017ce wyraz dba\u0142o\u015bci o wygod\u0119 i dobre samopoczucie, zw\u0142aszcza w trakcie aktywno\u015bci fizycznej.<\/p>\n<h3>DANE TECHNICZNE:<\/h3>\n<p>\u2022 Sk\u0142ad: 92% poliester 8% spandex<br \/>\n\u2022 Gramatura materia\u0142u: 190g\/m2<br \/>\n\u2022 Indeks: S-79023<br \/>\n\u2022 Kod EAN: 5901466142899<\/p>\n","protected":false},"excerpt":{"rendered":"<p>Kalesony termoatywne m\u0119skie STALCO PERFORMANCE SULLY M to doskona\u0142y wyb\u00f3r dla m\u0119\u017cczyzn ceni\u0105cych komfort i funkcjonalno\u015b\u0107. Idealnie dopasowuj\u0105 si\u0119 do kszta\u0142tu cia\u0142a, co sprawia, \u017ce noszenie ich jest nie tylko wygodne, ale r\u00f3wnie\u017c estetyczne. P\u0142askie szwy zosta\u0142y zastosowane w celu zminimalizowania dyskomfortu i ryzyka otar\u0107.<\/p>\n","protected":false},"featured_media":23558,"comment_status":"open","ping_status":"closed","template":"","meta":{"_acf_changed":false,"inline_featured_image":false},"product_cat":[2554],"product_tag":[2522,2523,1505,2521],"class_list":{"0":"post-23225","1":"product","2":"type-product","3":"status-publish","4":"has-post-thumbnail","6":"product_cat-odziez-termiczna","7":"product_tag-kalesony-termoatywne","8":"product_tag-meskie","9":"product_tag-stalco","10":"product_tag-sully-m","12":"first","13":"instock","14":"shipping-taxable","15":"purchasable","16":"product-type-simple"},"acf":[],"_links":{"self":[{"href":"https:\/\/e-adams.pl\/de\/wp-json\/wp\/v2\/product\/23225","targetHints":{"allow":["GET"]}}],"collection":[{"href":"https:\/\/e-adams.pl\/de\/wp-json\/wp\/v2\/product"}],"about":[{"href":"https:\/\/e-adams.pl\/de\/wp-json\/wp\/v2\/types\/product"}],"replies":[{"embeddable":true,"href":"https:\/\/e-adams.pl\/de\/wp-json\/wp\/v2\/comments?post=23225"}],"wp:featuredmedia":[{"embeddable":true,"href":"https:\/\/e-adams.pl\/de\/wp-json\/wp\/v2\/media\/23558"}],"wp:attachment":[{"href":"https:\/\/e-adams.pl\/de\/wp-json\/wp\/v2\/media?parent=23225"}],"wp:term":[{"taxonomy":"product_cat","embeddable":true,"href":"https:\/\/e-adams.pl\/de\/wp-json\/wp\/v2\/product_cat?post=23225"},{"taxonomy":"product_tag","embeddable":true,"href":"https:\/\/e-adams.pl\/de\/wp-json\/wp\/v2\/product_tag?post=23225"}],"curies":[{"name":"wp","href":"https:\/\/api.w.org\/{rel}","templated":true}]}}