{"id":23236,"date":"2023-12-06T09:57:35","date_gmt":"2023-12-06T08:57:35","guid":{"rendered":"https:\/\/e-adams.pl\/produkt\/kamizelka-softshell-hawk-m-stalco-performance-s-78426\/"},"modified":"2024-05-10T11:02:24","modified_gmt":"2024-05-10T09:02:24","slug":"kamizelka-softshell-stalco-performance-hawk-r-m","status":"publish","type":"product","link":"https:\/\/e-adams.pl\/de\/produkt\/kamizelka-softshell-stalco-performance-hawk-r-m\/","title":{"rendered":"Kamizelka Softshell STALCO PERFORMANCE HAWK r.M"},"content":{"rendered":"<h3>OPIS:<\/h3>\n<p>Kamizelka Softshell STALCO PERFORMANCE HAWK\u00a0 jest dedykowana dla os\u00f3b aktywnych fizycznie niezale\u017cnie od dziedziny i charakteru aktywno\u015bci. B\u0119dzie doskona\u0142ym wyborem dla wszystkich tych kt\u00f3rzy ceni\u0105 sobie wygod\u0119. Materia\u0142 z kt\u00f3rego zosta\u0142a wykonana posiada uniwersalne w\u0142a\u015bciwo\u015bci jest lekki i oddychaj\u0105cy, a zarazem chroni\u0105cy przed wp\u0142ywem warunk\u00f3w atmosferycznych.<\/p>\n<h3>Cechy produktu:<\/h3>\n<ul>\n<li>kamizelka typu softshell doskonale chroni\u0105ca przed niekorzystnymi warunkami atmosferycznymi<\/li>\n<li>kieszenie na zamek<\/li>\n<li>bardzo dobrze zachowuje si\u0119 przy wysi\u0142ku fizycznym<\/li>\n<li>idealnie wentyluje podczas wysi\u0142ku<\/li>\n<\/ul>\n<h3>DANE TECHNICZNE:<\/h3>\n<p>\u2022 Model: HAWK<br \/>\n\u2022 Przeznaczenie: uniwersalne<br \/>\n\u2022 Rozmiar: M<br \/>\n\u2022 Marka: Stalco<br \/>\n\u2022 Cechy dodatkowe: odzie\u017c odblaskowa<br \/>\n\u2022 Sezon: lato, jesie\u0144\/wiosna<br \/>\n\u2022 Materia\u0142: Poliester 96% , Elastan 4%<br \/>\n\u2022 Gramatura : 75g \/m2<br \/>\n\u2022 Index: S-78426<br \/>\n\u2022 Kod EAN: 5901466121689<\/p>\n","protected":false},"excerpt":{"rendered":"<p>Kamizelka Softshell STALCO PERFORMANCE HAWK\u00a0 jest dedykowana dla os\u00f3b aktywnych fizycznie niezale\u017cnie od dziedziny i charakteru aktywno\u015bci. B\u0119dzie doskona\u0142ym wyborem dla wszystkich tych kt\u00f3rzy ceni\u0105 sobie wygod\u0119. Materia\u0142 z kt\u00f3rego zosta\u0142a wykonana posiada uniwersalne w\u0142a\u015bciwo\u015bci jest lekki i oddychaj\u0105cy, a zarazem chroni\u0105cy przed wp\u0142ywem warunk\u00f3w atmosferycznych.<\/p>\n","protected":false},"featured_media":23647,"comment_status":"open","ping_status":"closed","template":"","meta":{"_acf_changed":false,"inline_featured_image":false},"product_cat":[2553],"product_tag":[2584,2582,2583,1505],"class_list":{"0":"post-23236","1":"product","2":"type-product","3":"status-publish","4":"has-post-thumbnail","6":"product_cat-kurtki-i-kamizelki","7":"product_tag-hawk","8":"product_tag-kamizelka","9":"product_tag-softshell","10":"product_tag-stalco","12":"first","13":"outofstock","14":"shipping-taxable","15":"purchasable","16":"product-type-simple"},"acf":[],"_links":{"self":[{"href":"https:\/\/e-adams.pl\/de\/wp-json\/wp\/v2\/product\/23236","targetHints":{"allow":["GET"]}}],"collection":[{"href":"https:\/\/e-adams.pl\/de\/wp-json\/wp\/v2\/product"}],"about":[{"href":"https:\/\/e-adams.pl\/de\/wp-json\/wp\/v2\/types\/product"}],"replies":[{"embeddable":true,"href":"https:\/\/e-adams.pl\/de\/wp-json\/wp\/v2\/comments?post=23236"}],"wp:featuredmedia":[{"embeddable":true,"href":"https:\/\/e-adams.pl\/de\/wp-json\/wp\/v2\/media\/23647"}],"wp:attachment":[{"href":"https:\/\/e-adams.pl\/de\/wp-json\/wp\/v2\/media?parent=23236"}],"wp:term":[{"taxonomy":"product_cat","embeddable":true,"href":"https:\/\/e-adams.pl\/de\/wp-json\/wp\/v2\/product_cat?post=23236"},{"taxonomy":"product_tag","embeddable":true,"href":"https:\/\/e-adams.pl\/de\/wp-json\/wp\/v2\/product_tag?post=23236"}],"curies":[{"name":"wp","href":"https:\/\/api.w.org\/{rel}","templated":true}]}}