{"id":23243,"date":"2023-12-06T09:57:40","date_gmt":"2023-12-06T08:57:40","guid":{"rendered":"https:\/\/e-adams.pl\/produkt\/klucz-udarowy-iws20-300bl-body-stalco-s-97347\/"},"modified":"2024-07-15T11:31:21","modified_gmt":"2024-07-15T09:31:21","slug":"klucz-udarowy-stalco-iws20-300bl-body","status":"publish","type":"product","link":"https:\/\/e-adams.pl\/de\/produkt\/klucz-udarowy-stalco-iws20-300bl-body\/","title":{"rendered":"Klucz udarowy STALCO IWS20-300BL Body"},"content":{"rendered":"<h3>OPIS:<\/h3>\n<p>Klucz udarowy STALCO IWS20-300BL Body to niezawodne narz\u0119dzie, idealne do wykonywania prac monterskich, monta\u017cu konstrukcji stalowych, drobnych prac mechanicznych oraz na budowie. Jego g\u0142\u00f3wnym zadaniem jest obs\u0142uga po\u0142\u0105cze\u0144 \u015brubowych, operuj\u0105c przy imponuj\u0105cym momencie obrotowym o warto\u015bci do 300 Nm.<\/p>\n<p>Dzi\u0119ki wyposa\u017ceniu w uchwyt roboczy kwadratowy, klucz umo\u017cliwia stabilne osadzanie uniwersalnych nasadek.<\/p>\n<p>Warto zaznaczy\u0107, \u017ce klucz udarowy posiada silnik bezszczotkowy o du\u017cym okresie \u017cywotno\u015bci, co dodatkowo minimalizuje zu\u017cycie energii. Innowacyjny system S-Volt umo\u017cliwia zasilanie narz\u0119dzia akumulatorami pochodz\u0105cymi z innych urz\u0105dze\u0144 STALCO, co sprawia, \u017ce jest ono wyj\u0105tkowo wszechstronne. Dodatkowo, klucz zosta\u0142 wyposa\u017cony w trzy diody LED, umo\u017cliwiaj\u0105ce o\u015bwietlenie obszaru pracy, co znacznie u\u0142atwia dzia\u0142anie w trudnodost\u0119pnych miejscach.<\/p>\n<p>Narz\u0119dzie wyr\u00f3\u017cnia si\u0119 r\u00f3wnie\u017c przejrzystym panelem sterowania oraz automatycznym zabezpieczeniem przed przegrzewaniem, co wp\u0142ywa pozytywnie na komfort obs\u0142ugi. Klucz udarowy IWS20-300BL cechuje si\u0119 por\u0119czn\u0105 konstrukcj\u0105, wa\u017c\u0105c jedynie 1,2 kg, a jego lekki i funkcjonalny uchwyt zapewniaj\u0105 wygod\u0119 pracy bez nadmiernego zm\u0119czenia.<\/p>\n<p>Klucz oferuje szeroki zakres pracy dzi\u0119ki p\u00f3\u0142calowemu uchwytowi kwadratowemu, obs\u0142uguj\u0105cemu akcesoria o wymiarach od M12 do M22. Dzi\u0119ki temu narz\u0119dzie jest w stanie obs\u0142u\u017cy\u0107 wi\u0119kszo\u015b\u0107 \u015brub u\u017cywanych w pracach remontowych i konstrukcyjnych. Jego uniwersalne zastosowanie pozwala na mocowanie r\u00f3\u017cnych nasadek, umo\u017cliwiaj\u0105c przykr\u0119canie nakr\u0119tek, osadzanie kotew czy wkr\u0119canie \u015brub. Dodatkowo, \u0142atwa obs\u0142uga klucza udarowego jest gwarantowana przez umieszczony w uchwycie przycisk zmiany kierunku obrot\u00f3w oraz p\u0142ynn\u0105 regulacj\u0119 obrot\u00f3w na w\u0142\u0105czniku.<\/p>\n<h3>DANE TECHNICZNE:<\/h3>\n<ul>\n<li>Napi\u0119cie znamionowe [V] 20 V<\/li>\n<li>Typ akumulatora Li-Ion S-Volt<\/li>\n<li>Pr\u0119dko\u015b\u0107 obrotowa bez obci\u0105\u017cenia [obr\/min] 0-2100<\/li>\n<li>Cz\u0119stotliwo\u015b\u0107 udaru [ud\/min-1] 0-3200<\/li>\n<li>Maks. moment obrotowy [Nm] 300<\/li>\n<li>Typ uchwytu narz\u0119dziowego Kwadrat 1\u20442\u201d<\/li>\n<li>Min-Max gwintu gwintowanych element\u00f3w mocuj\u0105cych M12-M22<\/li>\n<li>Waga [kg] 1,2 kg<\/li>\n<li>Indeks: S-97347<\/li>\n<li>Kod EAN: 5904012115446<\/li>\n<\/ul>\n","protected":false},"excerpt":{"rendered":"<p>Klucz udarowy STALCO IWS20-300BL Body to niezawodne narz\u0119dzie, idealne do wykonywania prac monterskich, monta\u017cu konstrukcji stalowych, drobnych prac mechanicznych oraz na budowie. Jego g\u0142\u00f3wnym zadaniem jest obs\u0142uga po\u0142\u0105cze\u0144 \u015brubowych, operuj\u0105c przy imponuj\u0105cym momencie obrotowym o warto\u015bci do 300 Nm.<\/p>\n","protected":false},"featured_media":23825,"comment_status":"open","ping_status":"closed","template":"","meta":{"_acf_changed":false,"inline_featured_image":false},"product_cat":[2895],"product_tag":[2678,1505],"class_list":{"0":"post-23243","1":"product","2":"type-product","3":"status-publish","4":"has-post-thumbnail","6":"product_cat-stalco","7":"product_tag-klucz-udarowy","8":"product_tag-stalco","10":"first","11":"outofstock","12":"shipping-taxable","13":"purchasable","14":"product-type-simple"},"acf":[],"_links":{"self":[{"href":"https:\/\/e-adams.pl\/de\/wp-json\/wp\/v2\/product\/23243","targetHints":{"allow":["GET"]}}],"collection":[{"href":"https:\/\/e-adams.pl\/de\/wp-json\/wp\/v2\/product"}],"about":[{"href":"https:\/\/e-adams.pl\/de\/wp-json\/wp\/v2\/types\/product"}],"replies":[{"embeddable":true,"href":"https:\/\/e-adams.pl\/de\/wp-json\/wp\/v2\/comments?post=23243"}],"wp:featuredmedia":[{"embeddable":true,"href":"https:\/\/e-adams.pl\/de\/wp-json\/wp\/v2\/media\/23825"}],"wp:attachment":[{"href":"https:\/\/e-adams.pl\/de\/wp-json\/wp\/v2\/media?parent=23243"}],"wp:term":[{"taxonomy":"product_cat","embeddable":true,"href":"https:\/\/e-adams.pl\/de\/wp-json\/wp\/v2\/product_cat?post=23243"},{"taxonomy":"product_tag","embeddable":true,"href":"https:\/\/e-adams.pl\/de\/wp-json\/wp\/v2\/product_tag?post=23243"}],"curies":[{"name":"wp","href":"https:\/\/api.w.org\/{rel}","templated":true}]}}