{"id":23250,"date":"2023-12-06T09:57:45","date_gmt":"2023-12-06T08:57:45","guid":{"rendered":"https:\/\/e-adams.pl\/produkt\/koszula-flanelowa-square-szara-xxl-s-51158\/"},"modified":"2024-02-15T11:49:32","modified_gmt":"2024-02-15T10:49:32","slug":"koszula-flanelowa-stalco-square-xxl-szara","status":"publish","type":"product","link":"https:\/\/e-adams.pl\/de\/produkt\/koszula-flanelowa-stalco-square-xxl-szara\/","title":{"rendered":"Koszula flanelowa STALCO SQUARE XXL szara"},"content":{"rendered":"<h3>OPIS:<\/h3>\n<p>Koszula flanelowa STALCO SQUARE XXL to bardzo uniwersalny element stroju roboczego kt\u00f3ry mo\u017ce by\u0107 noszona bezpo\u015brednio na ciele, jak i na bieli\u017anie. Ma uniwersalny kr\u00f3j z d\u0142ugimi r\u0119kawami i posiada 1 kieszonk\u0119 na piersi. Sprawdza si\u0119 te\u017c w zestawieniu z dowolnymi spodniami i bluzami roboczymi.<\/p>\n<p>Do uszycia koszuli wykorzystano tkanin\u0119 bawe\u0142nian\u0105, szczotkowan\u0105 tzw. flanelow\u0105. Dzi\u0119ki temu jest mi\u0119kka w dotyku i przyjazna dla sk\u00f3ry. Ponadto utrzymuje komfort termiczny i dobrze odprowadza wilgo\u0107. Ma klasyczny kraciasty wz\u00f3r. Posiada dodatkowe usztywnienia pozwalaj\u0105ce zachowa\u0107 jej fason i utrzyma\u0107 ja w wygodnym u\u0142o\u017ceniu. Usztywniony zosta\u0142 ko\u0142nierzyk ze st\u00f3jk\u0105, a tak\u017ce mankiety r\u0119kaw\u00f3w.<\/p>\n<p>Koszula &#8222;SQUARE&#8220; ma klasyczny prosty kr\u00f3j, kt\u00f3ry kojarzony jest z przemys\u0142em od dekad. Ten kr\u00f3j wykorzystywany jest tak\u017ce do tworzenia stylizacji casualowych, noszonych na co dzie\u0144, gdy\u017c uszyta jest na bazie form dobrze skonstruowanej koszuli m\u0119skiej. Koszula kraciasta dost\u0119pna jest w kolorach czerwonym, szarym i niebieskim.<\/p>\n<h3>Charakterystyka:<\/h3>\n<ul>\n<li>polski produkt najwy\u017cszej jako\u015bci<\/li>\n<li>naturalnie oddychaj\u0105ca flanela bawe\u0142niana o mocnym splocie<\/li>\n<li>przyjemny dla sk\u00f3ry meszek zapewnia podwy\u017cszon\u0105 termoizolacj\u0119<\/li>\n<li>klasyczny koszulowy kr\u00f3j<\/li>\n<li>naszywana kiesze\u0144<\/li>\n<li>idealna r\u00f3wnie\u017c do u\u017cytku codziennego<\/li>\n<\/ul>\n<h3>DANE TECHNICZNE:<\/h3>\n<p>\u2022 Przeznaczenie: uniwersalne<br \/>\n\u2022 P\u0142e\u0107: m\u0119\u017cczy\u017ani<br \/>\n\u2022 Rozmiar: XXL<br \/>\n\u2022 Marka: Stalco<br \/>\n\u2022 Waga produktu z opakowaniem jednostkowym: 0.5 kg<br \/>\n\u2022 Indeks: S-51158<br \/>\n\u2022 Kod EAN: 5904012115354<\/p>\n","protected":false},"excerpt":{"rendered":"<p>Koszula flanelowa STALCO SQUARE XXL to bardzo uniwersalny element stroju roboczego. Mo\u017ce by\u0107 noszona bezpo\u015brednio na ciele, jak i na bieli\u017anie. Ma uniwersalny kr\u00f3j z d\u0142ugimi r\u0119kawami i posiada 1 kieszonk\u0119 na piersi. Sprawdza si\u0119 te\u017c w zestawieniu z dowolnymi spodniami i bluzami roboczymi.<\/p>\n","protected":false},"featured_media":23566,"comment_status":"open","ping_status":"closed","template":"","meta":{"_acf_changed":false,"inline_featured_image":false},"product_cat":[2555],"product_tag":[2525,2526,1505],"class_list":{"0":"post-23250","1":"product","2":"type-product","3":"status-publish","4":"has-post-thumbnail","6":"product_cat-koszule-i-koszulki","7":"product_tag-koszula-flanelowa","8":"product_tag-square","9":"product_tag-stalco","11":"first","12":"instock","13":"shipping-taxable","14":"purchasable","15":"product-type-simple"},"acf":[],"_links":{"self":[{"href":"https:\/\/e-adams.pl\/de\/wp-json\/wp\/v2\/product\/23250","targetHints":{"allow":["GET"]}}],"collection":[{"href":"https:\/\/e-adams.pl\/de\/wp-json\/wp\/v2\/product"}],"about":[{"href":"https:\/\/e-adams.pl\/de\/wp-json\/wp\/v2\/types\/product"}],"replies":[{"embeddable":true,"href":"https:\/\/e-adams.pl\/de\/wp-json\/wp\/v2\/comments?post=23250"}],"wp:featuredmedia":[{"embeddable":true,"href":"https:\/\/e-adams.pl\/de\/wp-json\/wp\/v2\/media\/23566"}],"wp:attachment":[{"href":"https:\/\/e-adams.pl\/de\/wp-json\/wp\/v2\/media?parent=23250"}],"wp:term":[{"taxonomy":"product_cat","embeddable":true,"href":"https:\/\/e-adams.pl\/de\/wp-json\/wp\/v2\/product_cat?post=23250"},{"taxonomy":"product_tag","embeddable":true,"href":"https:\/\/e-adams.pl\/de\/wp-json\/wp\/v2\/product_tag?post=23250"}],"curies":[{"name":"wp","href":"https:\/\/api.w.org\/{rel}","templated":true}]}}