{"id":23261,"date":"2023-12-06T09:57:54","date_gmt":"2023-12-06T08:57:54","guid":{"rendered":"https:\/\/e-adams.pl\/produkt\/kurtka-przeciwdeszczowa-zielona-aqua-j-58-stalco-perfect-s-78144\/"},"modified":"2024-05-10T11:02:16","modified_gmt":"2024-05-10T09:02:16","slug":"kurtka-przeciwdeszczowa-stalco-perfect-aqua-j-r-58-zielona","status":"publish","type":"product","link":"https:\/\/e-adams.pl\/de\/produkt\/kurtka-przeciwdeszczowa-stalco-perfect-aqua-j-r-58-zielona\/","title":{"rendered":"Kurtka przeciwdeszczowa STALCO PERFECT AQUA J r.58 zielona"},"content":{"rendered":"<h3>OPIS:<\/h3>\n<p>Kurtka przeciwdeszczowa STALCO PERFECT AQUA J zosta\u0142a starannie wykonana z wodoodpornego tworzywa PLAVITEX, stanowi\u0105cego tkanin\u0119 na podk\u0142adzie poliestrowym, powlekan\u0105 warstw\u0105 PVC. Oferuje ona bardzo wysok\u0105 odporno\u015b\u0107 na wiatr oraz niskie temperatury otoczenia.<\/p>\n<p>Sk\u0142ad chemiczny pow\u0142oki zapewnia tkaninie odporno\u015b\u0107 na zginanie w warunkach o temperaturze do -50\u00b0C.<\/p>\n<p>Kurtka STALCO PERFECT &#8222;AQUA J&#8220; wyr\u00f3\u017cnia si\u0119 tak\u017ce znaczn\u0105 odporno\u015bci\u0105 na rozdzieranie oraz gwarantuje doskona\u0142\u0105 wodoszczelno\u015b\u0107 szw\u00f3w.<\/p>\n<p>Ta przeciwdeszczowa kurtka skutecznie utrzymuje ciep\u0142ot\u0119 cia\u0142a, a jej lu\u017ana forma zapewnia swobod\u0119 ruch\u00f3w. Wyposa\u017cona jest w praktyczne zatrzaski, du\u017ce kieszenie zabezpieczone patkami, regulowany zintegrowany kaptur oraz wiatro\u0142ap w r\u0119kawie.<\/p>\n<p>Produkt ten to nie tylko gwarancja ochrony przed deszczem, ale r\u00f3wnie\u017c komfortu i funkcjonalno\u015bci, spe\u0142niaj\u0105cy oczekiwania nawet w trudnych warunkach atmosferycznych.&#8220;<\/p>\n<h3>DANE TECHNICZNE:<\/h3>\n<p>\u2022 Kolor*: zielony<br \/>\n\u2022 Rozmiar: 58-XXL<br \/>\n\u2022 Gramatura: 350 g\/m2<br \/>\n\u2022 Materia\u0142 wykonania: Plavitex<br \/>\n\u2022 Index: S-78144<br \/>\n\u2022 Kod EAN: 5901466118788<\/p>\n","protected":false},"excerpt":{"rendered":"<p>Kurtka przeciwdeszczowa STALCO PERFECT AQUA J zosta\u0142a starannie wykonana z wodoodpornego tworzywa PLAVITEX, stanowi\u0105cego tkanin\u0119 na podk\u0142adzie poliestrowym, powlekan\u0105 warstw\u0105 PVC. Oferuje ona bardzo wysok\u0105 odporno\u015b\u0107 na wiatr oraz niskie temperatury otoczenia.<\/p>\n","protected":false},"featured_media":23626,"comment_status":"open","ping_status":"closed","template":"","meta":{"_acf_changed":false,"inline_featured_image":false},"product_cat":[2553],"product_tag":[2573,2572,1505],"class_list":{"0":"post-23261","1":"product","2":"type-product","3":"status-publish","4":"has-post-thumbnail","6":"product_cat-kurtki-i-kamizelki","7":"product_tag-aqua-j","8":"product_tag-kurtka-przeciwdeszczowa","9":"product_tag-stalco","11":"first","12":"outofstock","13":"shipping-taxable","14":"purchasable","15":"product-type-simple"},"acf":[],"_links":{"self":[{"href":"https:\/\/e-adams.pl\/de\/wp-json\/wp\/v2\/product\/23261","targetHints":{"allow":["GET"]}}],"collection":[{"href":"https:\/\/e-adams.pl\/de\/wp-json\/wp\/v2\/product"}],"about":[{"href":"https:\/\/e-adams.pl\/de\/wp-json\/wp\/v2\/types\/product"}],"replies":[{"embeddable":true,"href":"https:\/\/e-adams.pl\/de\/wp-json\/wp\/v2\/comments?post=23261"}],"wp:featuredmedia":[{"embeddable":true,"href":"https:\/\/e-adams.pl\/de\/wp-json\/wp\/v2\/media\/23626"}],"wp:attachment":[{"href":"https:\/\/e-adams.pl\/de\/wp-json\/wp\/v2\/media?parent=23261"}],"wp:term":[{"taxonomy":"product_cat","embeddable":true,"href":"https:\/\/e-adams.pl\/de\/wp-json\/wp\/v2\/product_cat?post=23261"},{"taxonomy":"product_tag","embeddable":true,"href":"https:\/\/e-adams.pl\/de\/wp-json\/wp\/v2\/product_tag?post=23261"}],"curies":[{"name":"wp","href":"https:\/\/api.w.org\/{rel}","templated":true}]}}