{"id":23264,"date":"2023-12-06T09:57:56","date_gmt":"2023-12-06T08:57:56","guid":{"rendered":"https:\/\/e-adams.pl\/produkt\/kurtka-robocza-ocieplana-ripstop-j-l-stalco-perfect-s-78376\/"},"modified":"2024-02-15T11:49:05","modified_gmt":"2024-02-15T10:49:05","slug":"kurtka-robocza-ocieplana-stalco-perfect-ripstop-j-r-l","status":"publish","type":"product","link":"https:\/\/e-adams.pl\/de\/produkt\/kurtka-robocza-ocieplana-stalco-perfect-ripstop-j-r-l\/","title":{"rendered":"Kurtka robocza ocieplana STALCO PERFECT Ripstop J r.L"},"content":{"rendered":"<h3>OPIS:<\/h3>\n<p>Kurtka robocza ocieplana STALCO PERFECT Ripstop J zosta\u0142a stworzona z my\u015bl\u0105 o pracy w trudnych warunkach atmosferycznych. Wykorzystanie tkaniny o podwy\u017cszonej wytrzyma\u0142o\u015bci Ripstop 300D pozwoli\u0142o osi\u0105gn\u0105\u0107 nieprzemakalno\u015b\u0107 kurtki do 2000 mm s\u0142upka wody. Kaptur, \u0142atwo chowany w ko\u0142nierzu, dodaje funkcjonalno\u015bci tej zimowej kurtce Ripstop.<\/p>\n<p>Kurtka wyr\u00f3\u017cnia si\u0119 nie tylko doskona\u0142\u0105 jako\u015bci\u0105 odszycia, ale r\u00f3wnie\u017c praktycznymi detalami, takimi jak liczne kieszenie zamykane na rzep oraz wewn\u0119trzny elastyczny troczek na wysoko\u015bci pasa.<\/p>\n<h3>Charakterystyka:<\/h3>\n<ul>\n<li>tkanina o podwy\u017cszonej wytrzyma\u0142o\u015bci OXFORD RIP-STOP (300D),<\/li>\n<li>wysoka jako\u015b\u0107 odszycia,<\/li>\n<li>wodoodporno\u015b\u0107 2000 mm,<\/li>\n<li>du\u017ce kieszenie, w tym zapinane na zamek,<\/li>\n<li>mo\u017cliwo\u015b\u0107 regulacji dolnego obwodu r\u0119kawa,<\/li>\n<li>lekko wyd\u0142u\u017cony ty\u0142 dla lepszej ochrony przed zimnem,<\/li>\n<li>elastyczny troczek \u015bci\u0105gaj\u0105cy na wysoko\u015bci pasa i w dolnym obwodzie,<\/li>\n<li>elementy odblaskowe,<\/li>\n<li>kaptur chowany w st\u00f3jk\u0119,<\/li>\n<li>du\u017ca ilo\u015b\u0107 kieszeni<\/li>\n<li>Indeks: S-78376<\/li>\n<li>Kod EAN: 5901466121443<\/li>\n<\/ul>\n","protected":false},"excerpt":{"rendered":"<p>Kurtka robocza ocieplana STALCO PERFECT Ripstop J zosta\u0142a stworzona z my\u015bl\u0105 o pracy w trudnych warunkach atmosferycznych. Wykorzystanie tkaniny o podwy\u017cszonej wytrzyma\u0142o\u015bci Ripstop 300D pozwoli\u0142o osi\u0105gn\u0105\u0107 nieprzemakalno\u015b\u0107 kurtki do 2000 mm s\u0142upka wody. Kaptur, \u0142atwo chowany w ko\u0142nierzu, dodaje funkcjonalno\u015bci tej zimowej kurtce Ripstop.<\/p>\n","protected":false},"featured_media":23543,"comment_status":"open","ping_status":"closed","template":"","meta":{"_acf_changed":false,"inline_featured_image":false},"product_cat":[2553],"product_tag":[2507,2508,1505],"class_list":{"0":"post-23264","1":"product","2":"type-product","3":"status-publish","4":"has-post-thumbnail","6":"product_cat-kurtki-i-kamizelki","7":"product_tag-kurtka-robocza","8":"product_tag-ocieplana","9":"product_tag-stalco","11":"first","12":"outofstock","13":"shipping-taxable","14":"purchasable","15":"product-type-simple"},"acf":[],"_links":{"self":[{"href":"https:\/\/e-adams.pl\/de\/wp-json\/wp\/v2\/product\/23264","targetHints":{"allow":["GET"]}}],"collection":[{"href":"https:\/\/e-adams.pl\/de\/wp-json\/wp\/v2\/product"}],"about":[{"href":"https:\/\/e-adams.pl\/de\/wp-json\/wp\/v2\/types\/product"}],"replies":[{"embeddable":true,"href":"https:\/\/e-adams.pl\/de\/wp-json\/wp\/v2\/comments?post=23264"}],"wp:featuredmedia":[{"embeddable":true,"href":"https:\/\/e-adams.pl\/de\/wp-json\/wp\/v2\/media\/23543"}],"wp:attachment":[{"href":"https:\/\/e-adams.pl\/de\/wp-json\/wp\/v2\/media?parent=23264"}],"wp:term":[{"taxonomy":"product_cat","embeddable":true,"href":"https:\/\/e-adams.pl\/de\/wp-json\/wp\/v2\/product_cat?post=23264"},{"taxonomy":"product_tag","embeddable":true,"href":"https:\/\/e-adams.pl\/de\/wp-json\/wp\/v2\/product_tag?post=23264"}],"curies":[{"name":"wp","href":"https:\/\/api.w.org\/{rel}","templated":true}]}}