{"id":23266,"date":"2023-12-06T09:57:57","date_gmt":"2023-12-06T08:57:57","guid":{"rendered":"https:\/\/e-adams.pl\/produkt\/kurtka-robocza-odblaskowa-zolta-flash-m-stalco-s-44179\/"},"modified":"2024-02-15T11:49:05","modified_gmt":"2024-02-15T10:49:05","slug":"kurtka-robocza-odblaskowa-stalco-flash-m-zolta","status":"publish","type":"product","link":"https:\/\/e-adams.pl\/de\/produkt\/kurtka-robocza-odblaskowa-stalco-flash-m-zolta\/","title":{"rendered":"Kurtka robocza odblaskowa STALCO FLASH M \u017c\u00f3\u0142ta S-44179"},"content":{"rendered":"<h3>OPIS:<\/h3>\n<p>Kurtka robocza odblaskowa STALCO FLASH M posiada elementy odblaskowe. a dodatkowo jest przeciwdeszczowa dzi\u0119ki tkaninie 3PW o podwy\u017cszonej wytrzyma\u0142o\u015bci &#8211; OXFORD 300D. D\u0142ugo\u015b\u0107 i kr\u00f3j ramion podwy\u017cszaj\u0105cy komfort u\u017cytkowania co b\u0119dzie mia\u0142o szczeg\u00f3lne znaczenie w ch\u0142odniejsze dni gdy konieczne b\u0119dzie ubranie cieplejszej odzie\u017cy pod kurtk\u0105.<\/p>\n<p>Kurtka zosta\u0142a wyposa\u017cona w kaptur z troczkiem chowany w st\u00f3jce.<\/p>\n<p><strong>Cechy:<\/strong><\/p>\n<ul>\n<li>tkanina o podwy\u017cszonej wytrzyma\u0142o\u015bci &#8211; OXFORD 300D powlekana PU<\/li>\n<li>d\u0142ugo\u015b\u0107 i kr\u00f3j ramion podwy\u017cszaj\u0105cy komfort u\u017cytkowania<\/li>\n<li>zamek dwusuwakowy &#8211; odpinany z g\u00f3ry i z do\u0142u<\/li>\n<li>elastyczny \u015bci\u0105gacz ukryty w r\u0119kawie oraz du\u017ce patki przy kieszeniach<\/li>\n<li>stanowi\u0105 dodatkowe zabezpieczenie przed wod\u0105<\/li>\n<li>chowany w st\u00f3jce kaptur<\/li>\n<\/ul>\n<h3>DANE TECHNICZNE:<\/h3>\n<div class=\"property index\"><span class=\"label\">\u2022 Index:<\/span>\u00a0<span class=\"value\">S-44179<\/span><\/div>\n<div class=\"property ean\"><span class=\"label\">\u2022 Kod EAN:<\/span>\u00a0<span class=\"value\">5901466121382<\/span><\/div>\n","protected":false},"excerpt":{"rendered":"<p>Kurtka robocza odblaskowa STALCO FLASH M posiada elementy odblaskowe. a dodatkowo jest przeciwdeszczowa dzi\u0119ki tkaninie 3PW o podwy\u017cszonej wytrzyma\u0142o\u015bci &#8211; OXFORD 300D. D\u0142ugo\u015b\u0107 i kr\u00f3j ramion podwy\u017cszaj\u0105cy komfort u\u017cytkowania co b\u0119dzie mia\u0142o szczeg\u00f3lne znaczenie w ch\u0142odniejsze dni gdy konieczne b\u0119dzie ubranie cieplejszej odzie\u017cy pod kurtk\u0105.<\/p>\n","protected":false},"featured_media":23624,"comment_status":"open","ping_status":"closed","template":"","meta":{"_acf_changed":false,"inline_featured_image":false},"product_cat":[2553],"product_tag":[2571,2507,2570,1505],"class_list":{"0":"post-23266","1":"product","2":"type-product","3":"status-publish","4":"has-post-thumbnail","6":"product_cat-kurtki-i-kamizelki","7":"product_tag-flash","8":"product_tag-kurtka-robocza","9":"product_tag-odblaskowa","10":"product_tag-stalco","12":"first","13":"instock","14":"shipping-taxable","15":"purchasable","16":"product-type-simple"},"acf":[],"_links":{"self":[{"href":"https:\/\/e-adams.pl\/de\/wp-json\/wp\/v2\/product\/23266","targetHints":{"allow":["GET"]}}],"collection":[{"href":"https:\/\/e-adams.pl\/de\/wp-json\/wp\/v2\/product"}],"about":[{"href":"https:\/\/e-adams.pl\/de\/wp-json\/wp\/v2\/types\/product"}],"replies":[{"embeddable":true,"href":"https:\/\/e-adams.pl\/de\/wp-json\/wp\/v2\/comments?post=23266"}],"wp:featuredmedia":[{"embeddable":true,"href":"https:\/\/e-adams.pl\/de\/wp-json\/wp\/v2\/media\/23624"}],"wp:attachment":[{"href":"https:\/\/e-adams.pl\/de\/wp-json\/wp\/v2\/media?parent=23266"}],"wp:term":[{"taxonomy":"product_cat","embeddable":true,"href":"https:\/\/e-adams.pl\/de\/wp-json\/wp\/v2\/product_cat?post=23266"},{"taxonomy":"product_tag","embeddable":true,"href":"https:\/\/e-adams.pl\/de\/wp-json\/wp\/v2\/product_tag?post=23266"}],"curies":[{"name":"wp","href":"https:\/\/api.w.org\/{rel}","templated":true}]}}