{"id":23268,"date":"2023-12-06T09:57:59","date_gmt":"2023-12-06T08:57:59","guid":{"rendered":"https:\/\/e-adams.pl\/produkt\/kurtka-robocza-pilotka-odblaskowa-pilot-hi-vis-zolta-m-stalco-premium-s-44084\/"},"modified":"2024-02-15T11:49:27","modified_gmt":"2024-02-15T10:49:27","slug":"kurtka-pilotka-ostrzegawcza-stalco-premium-3w1-pilot-hi-vis-zolta-m","status":"publish","type":"product","link":"https:\/\/e-adams.pl\/de\/produkt\/kurtka-pilotka-ostrzegawcza-stalco-premium-3w1-pilot-hi-vis-zolta-m\/","title":{"rendered":"Kurtka pilotka ostrzegawcza STALCO PREMIUM 3W1 PILOT HI-VIS \u017b\u00f3\u0142ta M"},"content":{"rendered":"<h3>OPIS:<\/h3>\n<p>Kurtka pilotka ostrzegawcza STALCO PREMIUM 3W1 PILOT HI-VIS \u00a0kurtka przedstawia si\u0119 w nowej ods\u0142onie, zachowuj\u0105c klasyczny kr\u00f3j w potr\u00f3jnej mutacji. Odpinane r\u0119kawy umo\u017cliwiaj\u0105 szybk\u0105 transformacj\u0119 kurtki w kamizelk\u0119, podczas gdy odpinana podpinka zamienia j\u0105 zimow\u0105 w wersj\u0119 letni\u0105.<\/p>\n<p>Wsp\u00f3\u0142dzia\u0142aj\u0105c razem, tworz\u0105 prawdziw\u0105 odzie\u017c dostosowan\u0105 do trudnych warunk\u00f3w atmosferycznych. Kurtka zosta\u0142a zrealizowana w technologii HI-VIS, zapewniaj\u0105cej wysok\u0105 widoczno\u015b\u0107 podczas pracy w polu organicznego o\u015bwietlenia.<\/p>\n<h3>Charakterystyka:<\/h3>\n<ul>\n<li>Pilot Hi -Vis<\/li>\n<li>2PW<\/li>\n<li>korpus i st\u00f3jka ocieplona dopinanym na zamek futrem<\/li>\n<li>pikowane ocieplenie w r\u0119kawach<\/li>\n<li>r\u0119kawy dopinane na zamek<\/li>\n<li>liczne, wielofunkcyjne kieszenie<\/li>\n<li>Indeks: S-44084<\/li>\n<li>Kod EAN: 5901466144572<\/li>\n<\/ul>\n","protected":false},"excerpt":{"rendered":"<p>Kurtka pilotka ostrzegawcza STALCO PREMIUM 3W1 PILOT HI-VIS \u00a0kurtka przedstawia si\u0119 w nowej ods\u0142onie, zachowuj\u0105c klasyczny kr\u00f3j w potr\u00f3jnej mutacji. Odpinane r\u0119kawy umo\u017cliwiaj\u0105 szybk\u0105 transformacj\u0119 kurtki w kamizelk\u0119, podczas gdy odpinana podpinka zamienia j\u0105 zimow\u0105 w wersj\u0119 letni\u0105.<\/p>\n","protected":false},"featured_media":23541,"comment_status":"open","ping_status":"closed","template":"","meta":{"_acf_changed":false,"inline_featured_image":false},"product_cat":[2553],"product_tag":[2505,2506,1505],"class_list":{"0":"post-23268","1":"product","2":"type-product","3":"status-publish","4":"has-post-thumbnail","6":"product_cat-kurtki-i-kamizelki","7":"product_tag-kurtka-pilotka","8":"product_tag-ostrzegawcza","9":"product_tag-stalco","11":"first","12":"instock","13":"shipping-taxable","14":"purchasable","15":"product-type-simple"},"acf":[],"_links":{"self":[{"href":"https:\/\/e-adams.pl\/de\/wp-json\/wp\/v2\/product\/23268","targetHints":{"allow":["GET"]}}],"collection":[{"href":"https:\/\/e-adams.pl\/de\/wp-json\/wp\/v2\/product"}],"about":[{"href":"https:\/\/e-adams.pl\/de\/wp-json\/wp\/v2\/types\/product"}],"replies":[{"embeddable":true,"href":"https:\/\/e-adams.pl\/de\/wp-json\/wp\/v2\/comments?post=23268"}],"wp:featuredmedia":[{"embeddable":true,"href":"https:\/\/e-adams.pl\/de\/wp-json\/wp\/v2\/media\/23541"}],"wp:attachment":[{"href":"https:\/\/e-adams.pl\/de\/wp-json\/wp\/v2\/media?parent=23268"}],"wp:term":[{"taxonomy":"product_cat","embeddable":true,"href":"https:\/\/e-adams.pl\/de\/wp-json\/wp\/v2\/product_cat?post=23268"},{"taxonomy":"product_tag","embeddable":true,"href":"https:\/\/e-adams.pl\/de\/wp-json\/wp\/v2\/product_tag?post=23268"}],"curies":[{"name":"wp","href":"https:\/\/api.w.org\/{rel}","templated":true}]}}