{"id":23271,"date":"2023-12-06T09:58:01","date_gmt":"2023-12-06T08:58:01","guid":{"rendered":"https:\/\/e-adams.pl\/produkt\/lampa-robocza-aku-led-h-fb5-stalco-perfect-s-98805\/"},"modified":"2024-07-15T11:31:21","modified_gmt":"2024-07-15T09:31:21","slug":"lampa-robocza-akumulatorowa-led-stalco-perfect-h-fb5","status":"publish","type":"product","link":"https:\/\/e-adams.pl\/de\/produkt\/lampa-robocza-akumulatorowa-led-stalco-perfect-h-fb5\/","title":{"rendered":"Lampa robocza akumulatorowa LED STALCO PERFECT H-FB5"},"content":{"rendered":"<h3>OPIS:<\/h3>\n<p>Lampa robocza akumulatorowa LED STALCO PERFECT H-FB5 \u00a0to niezast\u0105pione narz\u0119dzie, kt\u00f3re doskonale u\u0142atwia prowadzenie r\u00f3\u017cnorodnych prac. Jej konstrukcja sprawdza si\u0119 szczeg\u00f3lnie przy do\u015bwietlaniu trudnodost\u0119pnych miejsc, kom\u00f3r, elektrycznych skrzynek rozdzielczych czy cz\u0119\u015bci maszyn, czyni\u0105c j\u0105 doskona\u0142ym rozwi\u0105zaniem w bran\u017cach takich jak motoryzacja, elektro-instalacje czy produkcja maszyn.<\/p>\n<p><strong>G\u0142\u00f3wne cechy lampy :<\/strong><\/p>\n<ol>\n<li><strong>Regulacja strumienia \u015bwiat\u0142a:<\/strong> Lampa o mocy 5 W emituje \u015bwiat\u0142o w zakresie od 50 do 500 Lumen\u00f3w, co pozwala na dostosowanie intensywno\u015bci \u015bwiat\u0142a do konkretnych potrzeb. Regulacj\u0119 mo\u017cna \u0142atwo kontrolowa\u0107 za pomoc\u0105 pokr\u0119t\u0142a umieszczonego w tylnej cz\u0119\u015bci uchwytu, co zapewnia elastyczno\u015b\u0107 i komfort podczas pracy.<\/li>\n<li><strong>Kompaktowe wymiary:<\/strong> Smuk\u0142a budowa lampy umo\u017cliwia \u0142atwe schowanie jej w skrzyni narz\u0119dziowej lub przechowywanie w\u015br\u00f3d rzeczy osobistych. Niewielka waga, wynosz\u0105ca zaledwie 265 gram\u00f3w, minimalizuje obci\u0105\u017cenie dla u\u017cytkownika, co wp\u0142ywa na wygod\u0119 i mobilno\u015b\u0107.<\/li>\n<li><strong>Akumulator wysokiej jako\u015bci:<\/strong> Urz\u0105dzenie jest wyposa\u017cone w trwa\u0142y akumulator litowo-jonowy o pojemno\u015bci 3200 mAh, umo\u017cliwiaj\u0105cy prac\u0119 nawet do 18 godzin bez przerwy. Szybkie \u0142adowanie akumulatora, trwaj\u0105ce nie d\u0142u\u017cej ni\u017c 4 godziny, sprawia, \u017ce lampa jest gotowa do u\u017cycia w kr\u00f3tkim czasie.<\/li>\n<\/ol>\n<p>Lampa robocza AKU LED H-FB5 S-98805 to nie tylko skuteczne \u017ar\u00f3d\u0142o \u015bwiat\u0142a, ale tak\u017ce praktyczne i por\u0119czne narz\u0119dzie dla profesjonalist\u00f3w, kt\u00f3rzy wymagaj\u0105 mobilnego o\u015bwietlenia o du\u017cej wydajno\u015bci w r\u00f3\u017cnorodnych warunkach pracy.<\/p>\n<h3>DANE TECHNICZNE:<\/h3>\n<p>\u2022 \u015awiat\u0142o g\u0142\u00f3wne [Lumen] 50 &#8211; 500<br \/>\n\u2022 K\u0105t \u015bwiecenia [0] 120<br \/>\n\u2022 \u015awiat\u0142o punktowe [Lumen] 150<br \/>\n\u2022 Skorelowana temperatura<br \/>\n\u2022 barwowa CCT [k] 5600 &#8211; 6500<br \/>\n\u2022 Czas pracy [h] 3,5 &#8211; 18<br \/>\n\u2022 Czas \u0142adowania [h] 3,5<br \/>\n\u2022 Kl. szczelno\u015bci [IP] 65<br \/>\n\u2022 Kl. wytrzyma\u0142o\u015bci mechanicznej [IK] 07<br \/>\n\u2022 Moc [W] 5 W COB \/<br \/>\n\u2022 2 W SMD<br \/>\n\u2022 Pojemno\u015b\u0107 akumulatora Li-ion [mAh] 3200<br \/>\n\u2022 Kabel zasilaj\u0105cy USB -Typ C [m] 1<br \/>\n\u2022 \u0141adowarka [V\/A] 5 \/ 1<br \/>\n\u2022 Wymiary [mm] 479x60x43<br \/>\n\u2022 Waga [g] 265<br \/>\n\u2022 Indeks: S-98805<br \/>\n\u2022 Kod EAN: 5904012143289<\/p>\n","protected":false},"excerpt":{"rendered":"<p>Lampa robocza akumulatorowa LED STALCO PERFECT H-FB5 \u00a0to niezast\u0105pione narz\u0119dzie, kt\u00f3re doskonale u\u0142atwia prowadzenie r\u00f3\u017cnorodnych prac. Jej konstrukcja sprawdza si\u0119 szczeg\u00f3lnie przy do\u015bwietlaniu trudnodost\u0119pnych miejsc, kom\u00f3r, elektrycznych skrzynek rozdzielczych czy cz\u0119\u015bci maszyn, czyni\u0105c j\u0105 doskona\u0142ym rozwi\u0105zaniem w bran\u017cach takich jak motoryzacja, elektro-instalacje czy produkcja maszyn.<\/p>\n","protected":false},"featured_media":23821,"comment_status":"open","ping_status":"closed","template":"","meta":{"_acf_changed":false,"inline_featured_image":false},"product_cat":[2683],"product_tag":[2676,2675],"class_list":{"0":"post-23271","1":"product","2":"type-product","3":"status-publish","4":"has-post-thumbnail","6":"product_cat-lampy-i-oswietlenie-robocze","7":"product_tag-akumulatorowa-stalco","8":"product_tag-lampa-robocza","10":"first","11":"outofstock","12":"shipping-taxable","13":"purchasable","14":"product-type-simple"},"acf":[],"_links":{"self":[{"href":"https:\/\/e-adams.pl\/de\/wp-json\/wp\/v2\/product\/23271","targetHints":{"allow":["GET"]}}],"collection":[{"href":"https:\/\/e-adams.pl\/de\/wp-json\/wp\/v2\/product"}],"about":[{"href":"https:\/\/e-adams.pl\/de\/wp-json\/wp\/v2\/types\/product"}],"replies":[{"embeddable":true,"href":"https:\/\/e-adams.pl\/de\/wp-json\/wp\/v2\/comments?post=23271"}],"wp:featuredmedia":[{"embeddable":true,"href":"https:\/\/e-adams.pl\/de\/wp-json\/wp\/v2\/media\/23821"}],"wp:attachment":[{"href":"https:\/\/e-adams.pl\/de\/wp-json\/wp\/v2\/media?parent=23271"}],"wp:term":[{"taxonomy":"product_cat","embeddable":true,"href":"https:\/\/e-adams.pl\/de\/wp-json\/wp\/v2\/product_cat?post=23271"},{"taxonomy":"product_tag","embeddable":true,"href":"https:\/\/e-adams.pl\/de\/wp-json\/wp\/v2\/product_tag?post=23271"}],"curies":[{"name":"wp","href":"https:\/\/api.w.org\/{rel}","templated":true}]}}