{"id":23272,"date":"2023-12-06T09:58:02","date_gmt":"2023-12-06T08:58:02","guid":{"rendered":"https:\/\/e-adams.pl\/produkt\/lampa-warsztatowa-aku-led-h-d45-stalco-perfect-s-98807\/"},"modified":"2024-07-15T11:31:21","modified_gmt":"2024-07-15T09:31:21","slug":"lampa-warsztatowa-akumulatorowa-led-stalco-perfect-h-d45","status":"publish","type":"product","link":"https:\/\/e-adams.pl\/de\/produkt\/lampa-warsztatowa-akumulatorowa-led-stalco-perfect-h-d45\/","title":{"rendered":"Lampa warsztatowa akumulatorowa LED STALCO PERFECT H-D45"},"content":{"rendered":"<h3>OPIS:<\/h3>\n<p>Lampa warsztatowa akumulatorowa LED STALCO PERFECT H-D45 to funkcjonalne narz\u0119dzie, kt\u00f3re umo\u017cliwia precyzyjne o\u015bwietlenie wybranego obszaru. Znajduje zastosowanie g\u0142\u00f3wnie podczas prac serwisowych, kontroli, i inspekcji w przestrzeniach zamkni\u0119tych oraz miejscach o ograniczonym dost\u0119pie.<\/p>\n<p><strong>G\u0142\u00f3wne cechy lampy:<\/strong><\/p>\n<ol>\n<li><strong>Mocne \u015bwiat\u0142o:<\/strong> Lampa o mocy 5 W generuje \u015bwiat\u0142o g\u0142\u00f3wne na poziomie 450 Lumen\u00f3w, zapewniaj\u0105c jasne i precyzyjne o\u015bwietlenie. To sprawia, \u017ce jest idealna do wykonywania dok\u0142adnych prac w trudnodost\u0119pnych obszarach.<\/li>\n<li><strong>Czas pracy bez przerwy:<\/strong> Pomimo intensywnego o\u015bwietlenia, lampa charakteryzuje si\u0119 d\u0142ugim czasem pracy bez przerwy, co pozwala na efektywne prowadzenie prac kontrolnych czy serwisowych.<\/li>\n<li><strong>Nowoczesna konstrukcja:<\/strong> Zaprojektowana z my\u015bl\u0105 o prowadzeniu inspekcji w trudnodost\u0119pnych miejscach, przegl\u0105dach samochod\u00f3w, maszyn, a tak\u017ce kontroli instalacji klimatyzacyjnych, elektrycznych czy rur instalacyjnych.<\/li>\n<li><strong>Technologia 42 x SMD LED:<\/strong> Lampa wyposa\u017cona jest w technologi\u0119 42 x SMD LED o zakresie \u015bwiecenia wynosz\u0105cym 180 stopni, co zapewnia szerok\u0105 i r\u00f3wnomiern\u0105 iluminacj\u0119 obszaru roboczego.<\/li>\n<li><strong>O\u015bwietlenie punktowe:<\/strong> Dodatkowo, mo\u017cliwe jest skorzystanie z o\u015bwietlenia punktowego wbudowanego w g\u00f3rn\u0105 cz\u0119\u015b\u0107 lampy, co pozwala na skoncentrowane o\u015bwietlenie konkretnego obszaru.<\/li>\n<\/ol>\n<p>Lampa warsztatowa AKU LED H-D45 to nie tylko narz\u0119dzie o\u015bwietleniowe, ale tak\u017ce funkcjonalne rozwi\u0105zanie dla profesjonalist\u00f3w, kt\u00f3rzy potrzebuj\u0105 skutecznego o\u015bwietlenia podczas prac w trudnodost\u0119pnych miejscach.<\/p>\n<h3>DANE TECHNICZNE:<\/h3>\n<ul>\n<li>\u015awiat\u0142o g\u0142\u00f3wne &#8211; 450 lm<\/li>\n<li>\u015awiat\u0142o punktowe &#8211; 100 lm<\/li>\n<li>Skorelowana temperatura barwowa CCT \u2013 6000 k<\/li>\n<li>Czas pracy (\u015bwiat\u0142o g\u0142\u00f3wne) &#8211; 3,5 h<\/li>\n<li>Czas pracy (\u015bwiat\u0142o punktowe) \u2013 9 h<\/li>\n<li>Czas \u0142adowania \u2013 3,5 h<\/li>\n<li>Kl. szczelno\u015bci [IP] 65<\/li>\n<li>Kl. wytrzyma\u0142o\u015bci mechanicznej [IK] 07<\/li>\n<li>Moc &#8211; 5 W 42 x SMD \/ 2 W SMD<\/li>\n<li>Pojemno\u015b\u0107 akumulatora Li-ion \u2013 2600 mAh<\/li>\n<li>Kabel zasilaj\u0105cy Micro USB \u2013 1,2 m<\/li>\n<li>\u0141adowarka &#8211; 5 \/ 1 V\/A<\/li>\n<li>Wymiary \u2013 54&#215;446 mm<\/li>\n<li>Waga \u2013 350 g<\/li>\n<li>Indeks: S-98807<\/li>\n<li>Kod EAN: 5904012143296<\/li>\n<\/ul>\n","protected":false},"excerpt":{"rendered":"<p>Lampa warsztatowa akumulatorowa LED STALCO PERFECT H-D45 to funkcjonalne narz\u0119dzie, kt\u00f3re umo\u017cliwia precyzyjne o\u015bwietlenie wybranego obszaru. Znajduje zastosowanie g\u0142\u00f3wnie podczas prac serwisowych, kontroli, i inspekcji w przestrzeniach zamkni\u0119tych oraz miejscach o ograniczonym dost\u0119pie.<\/p>\n","protected":false},"featured_media":23823,"comment_status":"open","ping_status":"closed","template":"","meta":{"_acf_changed":false,"inline_featured_image":false},"product_cat":[2683],"product_tag":[2669,2677,1505],"class_list":{"0":"post-23272","1":"product","2":"type-product","3":"status-publish","4":"has-post-thumbnail","6":"product_cat-lampy-i-oswietlenie-robocze","7":"product_tag-akumulatorowa","8":"product_tag-lampa-warsztatowa","9":"product_tag-stalco","11":"first","12":"outofstock","13":"shipping-taxable","14":"purchasable","15":"product-type-simple"},"acf":[],"_links":{"self":[{"href":"https:\/\/e-adams.pl\/de\/wp-json\/wp\/v2\/product\/23272","targetHints":{"allow":["GET"]}}],"collection":[{"href":"https:\/\/e-adams.pl\/de\/wp-json\/wp\/v2\/product"}],"about":[{"href":"https:\/\/e-adams.pl\/de\/wp-json\/wp\/v2\/types\/product"}],"replies":[{"embeddable":true,"href":"https:\/\/e-adams.pl\/de\/wp-json\/wp\/v2\/comments?post=23272"}],"wp:featuredmedia":[{"embeddable":true,"href":"https:\/\/e-adams.pl\/de\/wp-json\/wp\/v2\/media\/23823"}],"wp:attachment":[{"href":"https:\/\/e-adams.pl\/de\/wp-json\/wp\/v2\/media?parent=23272"}],"wp:term":[{"taxonomy":"product_cat","embeddable":true,"href":"https:\/\/e-adams.pl\/de\/wp-json\/wp\/v2\/product_cat?post=23272"},{"taxonomy":"product_tag","embeddable":true,"href":"https:\/\/e-adams.pl\/de\/wp-json\/wp\/v2\/product_tag?post=23272"}],"curies":[{"name":"wp","href":"https:\/\/api.w.org\/{rel}","templated":true}]}}