{"id":23273,"date":"2023-12-06T09:58:03","date_gmt":"2023-12-06T08:58:03","guid":{"rendered":"https:\/\/e-adams.pl\/produkt\/leginsy-termoaktywne-damskie-sully-w-s-stalco-performance-s-79032\/"},"modified":"2024-02-15T11:49:03","modified_gmt":"2024-02-15T10:49:03","slug":"legginsy-termoaktywne-damskie-stalco-performance-sully-w-s","status":"publish","type":"product","link":"https:\/\/e-adams.pl\/de\/produkt\/legginsy-termoaktywne-damskie-stalco-performance-sully-w-s\/","title":{"rendered":"Legginsy termoaktywne damskie STALCO PERFORMANCE SULLY W S"},"content":{"rendered":"<h3>OPIS:<\/h3>\n<p>Legginsy termoaktywne damskie STALCO PERFORMANCE SULLY W idealnie dopasowuj\u0105 si\u0119 do kszta\u0142tu cia\u0142a, co gwarantuje nie tylko estetyczny wygl\u0105d, ale tak\u017ce wygod\u0119 noszenia. Oferuj\u0105 szereg korzy\u015bci, kt\u00f3re sprawiaj\u0105, \u017ce s\u0105 one doskona\u0142ym wyborem dla aktywnych kobiet. Slimfit to dodatkowy atut, kt\u00f3ry podkre\u015bla smuk\u0142\u0105 sylwetk\u0119, jednocze\u015bnie zapewniaj\u0105c pe\u0142n\u0105 swobod\u0119 ruchu.<\/p>\n<p>P\u0142askie szwy zosta\u0142y zastosowane w celu zminimalizowania dyskomfortu i ryzyka otar\u0107, co sprawia, \u017ce leginsy s\u0105 nie tylko stylowe, ale tak\u017ce funkcjonalne. Zastosowane nowoczesne w\u0142\u00f3kno skutecznie odprowadza pot ze sk\u00f3ry, co zapewnia uczucie komfortu nawet podczas intensywnego u\u017cytkowania.<\/p>\n<p>Te termoaktywne leginsy doskonale sprawdzaj\u0105 si\u0119 podczas r\u00f3\u017cnorodnych aktywno\u015bci, zapewniaj\u0105c nie tylko optymalne wsparcie, ale tak\u017ce utrzymanie komfortowej temperatury cia\u0142a. To nie tylko funkcjonalny element garderoby, ale r\u00f3wnie\u017c wyraz nowoczesnego podej\u015bcia do aktywnego trybu \u017cycia.<\/p>\n<h3>DANE TECHNICZNE:<\/h3>\n<p>\u2022 Gramatura: 190g\/m2<br \/>\n\u2022 Materia\u0142: 92% poliester, 8% spandex<br \/>\n\u2022 Indeks: \u00a0S-79032<br \/>\n\u2022 Kod EAN: 5901466142981<\/p>\n","protected":false},"excerpt":{"rendered":"<p>Legginsy termoaktywne damskie STALCO PERFORMANCE SULLY W idealnie dopasowuj\u0105 si\u0119 do kszta\u0142tu cia\u0142a, co gwarantuje nie tylko estetyczny wygl\u0105d, ale tak\u017ce wygod\u0119 noszenia. Oferuj\u0105 szereg korzy\u015bci, kt\u00f3re sprawiaj\u0105, \u017ce s\u0105 one doskona\u0142ym wyborem dla aktywnych kobiet. Slimfit to dodatkowy atut, kt\u00f3ry podkre\u015bla smuk\u0142\u0105 sylwetk\u0119, jednocze\u015bnie zapewniaj\u0105c pe\u0142n\u0105 swobod\u0119 ruchu.<\/p>\n","protected":false},"featured_media":23556,"comment_status":"open","ping_status":"closed","template":"","meta":{"_acf_changed":false,"inline_featured_image":false},"product_cat":[2554],"product_tag":[2520,2519,1505,2518],"class_list":{"0":"post-23273","1":"product","2":"type-product","3":"status-publish","4":"has-post-thumbnail","6":"product_cat-odziez-termiczna","7":"product_tag-damskie","8":"product_tag-legginsy-termoaktywne","9":"product_tag-stalco","10":"product_tag-sully-w","12":"first","13":"instock","14":"shipping-taxable","15":"purchasable","16":"product-type-simple"},"acf":[],"_links":{"self":[{"href":"https:\/\/e-adams.pl\/de\/wp-json\/wp\/v2\/product\/23273","targetHints":{"allow":["GET"]}}],"collection":[{"href":"https:\/\/e-adams.pl\/de\/wp-json\/wp\/v2\/product"}],"about":[{"href":"https:\/\/e-adams.pl\/de\/wp-json\/wp\/v2\/types\/product"}],"replies":[{"embeddable":true,"href":"https:\/\/e-adams.pl\/de\/wp-json\/wp\/v2\/comments?post=23273"}],"wp:featuredmedia":[{"embeddable":true,"href":"https:\/\/e-adams.pl\/de\/wp-json\/wp\/v2\/media\/23556"}],"wp:attachment":[{"href":"https:\/\/e-adams.pl\/de\/wp-json\/wp\/v2\/media?parent=23273"}],"wp:term":[{"taxonomy":"product_cat","embeddable":true,"href":"https:\/\/e-adams.pl\/de\/wp-json\/wp\/v2\/product_cat?post=23273"},{"taxonomy":"product_tag","embeddable":true,"href":"https:\/\/e-adams.pl\/de\/wp-json\/wp\/v2\/product_tag?post=23273"}],"curies":[{"name":"wp","href":"https:\/\/api.w.org\/{rel}","templated":true}]}}