{"id":23276,"date":"2023-12-06T09:58:05","date_gmt":"2023-12-06T08:58:05","guid":{"rendered":"https:\/\/e-adams.pl\/produkt\/ladowarka-4a-20v-100w-bcs20-4a-stalco-s-97393\/"},"modified":"2024-07-15T11:31:21","modified_gmt":"2024-07-15T09:31:21","slug":"ladowarka-4a-20v-stalco-100w-bcs20-4a","status":"publish","type":"product","link":"https:\/\/e-adams.pl\/de\/produkt\/ladowarka-4a-20v-stalco-100w-bcs20-4a\/","title":{"rendered":"\u0141adowarka 4A 20V STALCO 100W BCS20-4A"},"content":{"rendered":"<h3>OPIS:<\/h3>\n<p>\u0141adowarka 4A 20V STALCO 100W BCS20-4A to urz\u0105dzenie stworzone specjalnie do obs\u0142ugi urz\u0105dze\u0144 akumulatorowych marki STALCO. Z nat\u0119\u017ceniem pr\u0105du 4A, \u0142adowarka jest zdolna obs\u0142u\u017cy\u0107 wszystkie urz\u0105dzenia wyposa\u017cone w akumulatory z systemem Li-ion S-Volt. Wyposa\u017cona jest w precyzyjnie dopasowane gniazdo akumulatora oraz intuicyjny wska\u017anik diodowy, kt\u00f3ry informuje o aktualnym poziomie na\u0142adowania baterii, trybie pracy oraz ewentualnych awariach.<\/p>\n<p>Moc znamionowa 100 W oraz zasilanie pr\u0105dem sieciowym zapewniaj\u0105 sprawn\u0105 prac\u0119 \u0142adowarki.<\/p>\n<p>Innowacyjny system analizy stanu ogniw akumulatora pozwala na automatyczne dostosowywanie pr\u0105du \u0142adowania do aktualnego poziomu zu\u017cycia baterii.<\/p>\n<p>Dodatkowo, zastosowany system ch\u0142odzenia gwarantuje szybkie \u0142adowanie bez ryzyka uszkodzenia \u0142adowarki czy baterii. \u0141adowarka 4A 20V STALCO to nie tylko efektywne narz\u0119dzie, ale tak\u017ce gwarancja bezpiecze\u0144stwa i d\u0142ugotrwa\u0142ej wydajno\u015bci dla u\u017cytkownik\u00f3w urz\u0105dze\u0144 akumulatorowych STALCO.<\/p>\n<h3>DANE TECHNICZNE:<\/h3>\n<ul>\n<li>Moc znamionowa [W] 100<\/li>\n<li>Napi\u0119cie znamionowe [V] 220-240<\/li>\n<li>Cz\u0119stotliwo\u015b\u0107 znamionowa [Hz] 50\/60<\/li>\n<li>Napi\u0119cie wyj\u015bciowe [VDC] 18-20<\/li>\n<li>Pr\u0105d wyj\u015bciowy [A] 4<\/li>\n<li>Waga [kg] 0,54<\/li>\n<li>Przeznaczona do systemu Li-ion S-Volt<\/li>\n<li>Indeks: S-97393<\/li>\n<li>Kod EAN: 5904012115538<\/li>\n<\/ul>\n","protected":false},"excerpt":{"rendered":"<p>\u0141adowarka 4A 20V STALCO 100W BCS20-4A to urz\u0105dzenie stworzone specjalnie do obs\u0142ugi urz\u0105dze\u0144 akumulatorowych marki STALCO. Z nat\u0119\u017ceniem pr\u0105du 4A, \u0142adowarka jest zdolna obs\u0142u\u017cy\u0107 wszystkie urz\u0105dzenia wyposa\u017cone w akumulatory z systemem Li-ion S-Volt. Wyposa\u017cona jest w precyzyjnie dopasowane gniazdo akumulatora oraz intuicyjny wska\u017anik diodowy, kt\u00f3ry informuje o aktualnym poziomie na\u0142adowania baterii, trybie pracy oraz ewentualnych awariach.<\/p>\n","protected":false},"featured_media":23818,"comment_status":"open","ping_status":"closed","template":"","meta":{"_acf_changed":false,"inline_featured_image":false},"product_cat":[2895],"product_tag":[2674,1505],"class_list":{"0":"post-23276","1":"product","2":"type-product","3":"status-publish","4":"has-post-thumbnail","6":"product_cat-stalco","7":"product_tag-ladowarka-4a","8":"product_tag-stalco","10":"first","11":"outofstock","12":"shipping-taxable","13":"purchasable","14":"product-type-simple"},"acf":[],"_links":{"self":[{"href":"https:\/\/e-adams.pl\/de\/wp-json\/wp\/v2\/product\/23276","targetHints":{"allow":["GET"]}}],"collection":[{"href":"https:\/\/e-adams.pl\/de\/wp-json\/wp\/v2\/product"}],"about":[{"href":"https:\/\/e-adams.pl\/de\/wp-json\/wp\/v2\/types\/product"}],"replies":[{"embeddable":true,"href":"https:\/\/e-adams.pl\/de\/wp-json\/wp\/v2\/comments?post=23276"}],"wp:featuredmedia":[{"embeddable":true,"href":"https:\/\/e-adams.pl\/de\/wp-json\/wp\/v2\/media\/23818"}],"wp:attachment":[{"href":"https:\/\/e-adams.pl\/de\/wp-json\/wp\/v2\/media?parent=23276"}],"wp:term":[{"taxonomy":"product_cat","embeddable":true,"href":"https:\/\/e-adams.pl\/de\/wp-json\/wp\/v2\/product_cat?post=23276"},{"taxonomy":"product_tag","embeddable":true,"href":"https:\/\/e-adams.pl\/de\/wp-json\/wp\/v2\/product_tag?post=23276"}],"curies":[{"name":"wp","href":"https:\/\/api.w.org\/{rel}","templated":true}]}}