{"id":23280,"date":"2023-12-06T09:58:08","date_gmt":"2023-12-06T08:58:08","guid":{"rendered":"https:\/\/e-adams.pl\/produkt\/mieszarka-hm18sc-stalco-premium-s-97541\/"},"modified":"2025-06-23T12:53:37","modified_gmt":"2025-06-23T10:53:37","slug":"mieszarka-stalco-premium-hm18sc","status":"publish","type":"product","link":"https:\/\/e-adams.pl\/de\/produkt\/mieszarka-stalco-premium-hm18sc\/","title":{"rendered":"Mieszarka STALCO PREMIUM HM18SC"},"content":{"rendered":"<h3>OPIS:<\/h3>\n<p>Mieszarka STALCO PREMIUM HM18SC to profesjonalne narz\u0119dzie stworzone z my\u015bl\u0105 o przygotowywaniu r\u00f3\u017cnorodnych zapraw budowlanych lub farb. Wyposa\u017cona w pot\u0119\u017cny silnik o mocy 1800W, ta mieszarka bez trudu radzi sobie zar\u00f3wno z materia\u0142ami o du\u017cej g\u0119sto\u015bci, jak i z du\u017c\u0105 ilo\u015bci\u0105 mieszanki.<\/p>\n<p>Dwa biegi pracy pozwalaj\u0105 wygodnie dostosowa\u0107 moc urz\u0105dzenia do konkretnego rodzaju mieszanki, gwarantuj\u0105c optymalne rezultaty. P\u0142ynna regulacja pr\u0119dko\u015bci obrotowej za pomoc\u0105 wygodnego spustu w\u0142\u0105cznika umo\u017cliwia precyzyjne dostosowanie pr\u0119dko\u015bci obrotowej w trybie ci\u0105g\u0142ym, zale\u017cnie od aktualnych potrzeb.<\/p>\n<p>Dodatkowo, ergonomiczny uchwyt zapewniaj\u0105cy wygodny chwyt podnosi komfort pracy, a jego konstrukcja u\u0142atwia obs\u0142ug\u0119 narz\u0119dzia. Mieszarka HM18SC to niezawodne narz\u0119dzie, kt\u00f3re spe\u0142ni oczekiwania profesjonalist\u00f3w, zapewniaj\u0105c efektywno\u015b\u0107 i \u0142atwo\u015b\u0107 obs\u0142ugi podczas przygotowywania r\u00f3\u017cnych rodzaj\u00f3w mieszanki budowlanej czy farb.<\/p>\n<p><strong>Wyposa\u017cenie standardowe:<br \/>\n<\/strong>1 x mieszad\u0142o \u00d8140x590mm<br \/>\n2 x klucz p\u0142aski do monta\u017cu mieszad\u0142a.<\/p>\n<h3>DANE TECHNICZNE:<\/h3>\n<ul>\n<li>Napi\u0119cie znamionowe \u2013 230 V<\/li>\n<li>Cz\u0119stotliwo\u015b\u0107 znamionowa \u2013 50 Hz<\/li>\n<li>Znamionowa moc wej\u015bciowa \u2013 1800 W<\/li>\n<li>Pr\u0119dko\u015b\u0107 obrotowa 1 bieg \u2013 0-440 obr\/min<\/li>\n<li>Pr\u0119dko\u015b\u0107 obrotowa 2 bieg \u2013 0-780 obr\/min<\/li>\n<li>Rodzaj gwintu \u2013 M14<\/li>\n<li>Waga \u2013 4,6 kg<\/li>\n<li>D\u0142ugo\u015b\u0107 przewodu zasilaj\u0105cego \u2013 3 m<\/li>\n<li>Klasa ochronno\u015bci \u2013 II<\/li>\n<li>Indeks: S-97541<\/li>\n<li>Kod EAN: 5901466172247<\/li>\n<\/ul>\n","protected":false},"excerpt":{"rendered":"<p>Mieszarka STALCO PREMIUM HM18SC to profesjonalne narz\u0119dzie stworzone z my\u015bl\u0105 o przygotowywaniu r\u00f3\u017cnorodnych zapraw budowlanych lub farb. Wyposa\u017cona w pot\u0119\u017cny silnik o mocy 1800W, ta mieszarka bez trudu radzi sobie zar\u00f3wno z materia\u0142ami o du\u017cej g\u0119sto\u015bci, jak i z du\u017c\u0105 ilo\u015bci\u0105 mieszanki.<\/p>\n","protected":false},"featured_media":23816,"comment_status":"open","ping_status":"closed","template":"","meta":{"_acf_changed":false,"inline_featured_image":false},"product_cat":[2895],"product_tag":[1961,1505],"class_list":{"0":"post-23280","1":"product","2":"type-product","3":"status-publish","4":"has-post-thumbnail","6":"product_cat-stalco","7":"product_tag-mieszarka","8":"product_tag-stalco","10":"first","11":"outofstock","12":"shipping-taxable","13":"product-type-simple"},"acf":[],"_links":{"self":[{"href":"https:\/\/e-adams.pl\/de\/wp-json\/wp\/v2\/product\/23280","targetHints":{"allow":["GET"]}}],"collection":[{"href":"https:\/\/e-adams.pl\/de\/wp-json\/wp\/v2\/product"}],"about":[{"href":"https:\/\/e-adams.pl\/de\/wp-json\/wp\/v2\/types\/product"}],"replies":[{"embeddable":true,"href":"https:\/\/e-adams.pl\/de\/wp-json\/wp\/v2\/comments?post=23280"}],"wp:featuredmedia":[{"embeddable":true,"href":"https:\/\/e-adams.pl\/de\/wp-json\/wp\/v2\/media\/23816"}],"wp:attachment":[{"href":"https:\/\/e-adams.pl\/de\/wp-json\/wp\/v2\/media?parent=23280"}],"wp:term":[{"taxonomy":"product_cat","embeddable":true,"href":"https:\/\/e-adams.pl\/de\/wp-json\/wp\/v2\/product_cat?post=23280"},{"taxonomy":"product_tag","embeddable":true,"href":"https:\/\/e-adams.pl\/de\/wp-json\/wp\/v2\/product_tag?post=23280"}],"curies":[{"name":"wp","href":"https:\/\/api.w.org\/{rel}","templated":true}]}}